{"id":113415,"date":"2025-11-30T22:02:32","date_gmt":"2025-11-30T21:02:32","guid":{"rendered":"https:\/\/nimedixmedical.com\/notre-catalogue\/conteneur-a-aiguilles-serie-cs-plus-10-l\/"},"modified":"2026-01-12T15:45:08","modified_gmt":"2026-01-12T14:45:08","slug":"conteneur-a-aiguilles-serie-cs-plus-10-l","status":"publish","type":"product","link":"https:\/\/nimedixmedical.com\/en\/our-catalog\/conteneur-a-aiguilles-serie-cs-plus-10-l\/","title":{"rendered":"Conteneur \u00c0 Aiguilles S\u00e9rie Cs Plus &#8211; 10 L"},"content":{"rendered":"<p>Le conteneur \u00e0 aiguilles s\u00e9rie CS Plus de 10 litres est con\u00e7u pour r\u00e9pondre aux exigences strictes de s\u00e9curit\u00e9 et d&#8217;hygi\u00e8ne dans les environnements m\u00e9dicaux. Son utilisation garantit une \u00e9limination appropri\u00e9e des d\u00e9chets tranchants, contribuant ainsi \u00e0 la protection des professionnels de sant\u00e9.<\/p>\n<h2>Features<\/h2>\n<ul>\n<li>Dimensions : 22x22xh 32,5 cm.<\/li>\n<li>Syst\u00e8me d&#8217;ouverture pratique pour une utilisation facile.<\/li>\n<li>Fermetures temporaire et d\u00e9finitive pour une s\u00e9curit\u00e9 accrue.<\/li>\n<li>Conforme aux normes de transport de mati\u00e8res dangereuses (marque UN).<\/li>\n<li>R\u00e9sistance aux chocs et aux perforations pour une durabilit\u00e9 optimale.<\/li>\n<li>Poign\u00e9e robuste pour un transport facilit\u00e9.<\/li>\n<li>\u00c9tiquette personnalisable pour un suivi pr\u00e9cis des quantit\u00e9s.<\/li>\n<li>Autoclavable \u00e0 134\u00b0C pendant 18 minutes.<\/li>\n<\/ul>\n<h2>Delivery<\/h2>\n<ul>\n<li><strong>France :<\/strong> Direct delivery.<\/li>\n<li><strong>Export (Europe and Africa) :<\/strong> Quote.<\/li>\n<\/ul>","protected":false},"excerpt":{"rendered":"<ul>\n<li>Id\u00e9al pour l&#8217;\u00e9limination s\u00e9curis\u00e9e des aiguilles et d\u00e9chets tranchants.<\/li>\n<li>Fermeture herm\u00e9tique certifi\u00e9e, garantissant aucune \u00e9mission nocive lors de l&#8217;incin\u00e9ration.<\/li>\n<li>Conception robuste et stable, facilitant le transport et l&#8217;usage.<\/li>\n<li>Compatible avec la st\u00e9rilisation \u00e0 haute temp\u00e9rature (134\u00b0C).<\/li>\n<\/ul>","protected":false},"featured_media":113416,"comment_status":"open","ping_status":"open","template":"","meta":{"inline_featured_image":false},"product_brand":[],"product_cat":[1229,1201],"product_tag":[],"class_list":{"0":"post-113415","1":"product","2":"type-product","3":"status-publish","4":"has-post-thumbnail","6":"product_cat-conteneurs-a-aiguilles","7":"product_cat-instruments-chirurgicaux","9":"first","10":"instock","11":"sale","12":"taxable","13":"shipping-taxable","14":"purchasable","15":"product-type-simple"},"_links":{"self":[{"href":"https:\/\/nimedixmedical.com\/en\/wp-json\/wp\/v2\/product\/113415","targetHints":{"allow":["GET"]}}],"collection":[{"href":"https:\/\/nimedixmedical.com\/en\/wp-json\/wp\/v2\/product"}],"about":[{"href":"https:\/\/nimedixmedical.com\/en\/wp-json\/wp\/v2\/types\/product"}],"replies":[{"embeddable":true,"href":"https:\/\/nimedixmedical.com\/en\/wp-json\/wp\/v2\/comments?post=113415"}],"wp:featuredmedia":[{"embeddable":true,"href":"https:\/\/nimedixmedical.com\/en\/wp-json\/wp\/v2\/media\/113416"}],"wp:attachment":[{"href":"https:\/\/nimedixmedical.com\/en\/wp-json\/wp\/v2\/media?parent=113415"}],"wp:term":[{"taxonomy":"product_brand","embeddable":true,"href":"https:\/\/nimedixmedical.com\/en\/wp-json\/wp\/v2\/product_brand?post=113415"},{"taxonomy":"product_cat","embeddable":true,"href":"https:\/\/nimedixmedical.com\/en\/wp-json\/wp\/v2\/product_cat?post=113415"},{"taxonomy":"product_tag","embeddable":true,"href":"https:\/\/nimedixmedical.com\/en\/wp-json\/wp\/v2\/product_tag?post=113415"}],"curies":[{"name":"wp","href":"https:\/\/api.w.org\/{rel}","templated":true}]}}