{"id":113395,"date":"2025-11-30T22:02:32","date_gmt":"2025-11-30T21:02:32","guid":{"rendered":"https:\/\/nimedixmedical.com\/notre-catalogue\/conteneur-a-aiguilles-serie-pbs-5-l\/"},"modified":"2026-01-12T15:45:03","modified_gmt":"2026-01-12T14:45:03","slug":"conteneur-a-aiguilles-serie-pbs-5-l","status":"publish","type":"product","link":"https:\/\/nimedixmedical.com\/en\/our-catalog\/conteneur-a-aiguilles-serie-pbs-5-l\/","title":{"rendered":"Conteneur \u00c0 Aiguilles S\u00e9rie Pbs &#8211; 5 L"},"content":{"rendered":"<p>Le conteneur \u00e0 aiguilles de la s\u00e9rie PBS de 5 litres est con\u00e7u pour assurer une \u00e9limination s\u00e9curis\u00e9e des d\u00e9chets m\u00e9dicaux pointus. Adapt\u00e9 aux \u00e9tablissements de sant\u00e9, il r\u00e9pond aux normes strictes de s\u00e9curit\u00e9 et d&#8217;hygi\u00e8ne.<\/p>\n<h2>Features<\/h2>\n<ul>\n<li>Volume : 5 litres (\u00d8 21.4 x h 19.5 cm)<\/li>\n<li>Syst\u00e8me d&#8217;ouverture pratique et s\u00e9curis\u00e9<\/li>\n<li>Fermetures temporaires et d\u00e9finitives pour \u00e9viter les fuites<\/li>\n<li>Marque UN pour le transport de mati\u00e8res dangereuses<\/li>\n<li>R\u00e9sistance aux chocs et perforations<\/li>\n<li>Autoclavable \u00e0 134\u00b0C pendant 18 minutes<\/li>\n<li>Facilit\u00e9 d&#8217;utilisation et d&#8217;assemblage<\/li>\n<li>Poign\u00e9e robuste pour un transport ais\u00e9<\/li>\n<li>Pas d&#8217;\u00e9mission nocive lors de l&#8217;incin\u00e9ration<\/li>\n<li>Made in Italy<\/li>\n<\/ul>\n<h2>Delivery<\/h2>\n<ul>\n<li><strong>France :<\/strong> Direct delivery.<\/li>\n<li><strong>Export (Europe and Africa) :<\/strong> Quote.<\/li>\n<\/ul>","protected":false},"excerpt":{"rendered":"<ul>\n<li>Id\u00e9al pour l&#8217;\u00e9limination s\u00e9curis\u00e9e des d\u00e9chets pointus et coupants.<\/li>\n<li>Fermetures herm\u00e9tiques certifi\u00e9es pour une s\u00e9curit\u00e9 maximale lors de l&#8217;incin\u00e9ration.<\/li>\n<li>Conception pratique avec une bonne r\u00e9sistance aux chocs et perforations.<\/li>\n<li>Facilit\u00e9 d&#8217;assemblage et de transport gr\u00e2ce \u00e0 sa poign\u00e9e robuste.<\/li>\n<\/ul>","protected":false},"featured_media":113396,"comment_status":"open","ping_status":"open","template":"","meta":{"inline_featured_image":false},"product_brand":[],"product_cat":[1229,1201],"product_tag":[],"class_list":{"0":"post-113395","1":"product","2":"type-product","3":"status-publish","4":"has-post-thumbnail","6":"product_cat-conteneurs-a-aiguilles","7":"product_cat-instruments-chirurgicaux","9":"first","10":"instock","11":"sale","12":"taxable","13":"shipping-taxable","14":"purchasable","15":"product-type-simple"},"_links":{"self":[{"href":"https:\/\/nimedixmedical.com\/en\/wp-json\/wp\/v2\/product\/113395","targetHints":{"allow":["GET"]}}],"collection":[{"href":"https:\/\/nimedixmedical.com\/en\/wp-json\/wp\/v2\/product"}],"about":[{"href":"https:\/\/nimedixmedical.com\/en\/wp-json\/wp\/v2\/types\/product"}],"replies":[{"embeddable":true,"href":"https:\/\/nimedixmedical.com\/en\/wp-json\/wp\/v2\/comments?post=113395"}],"wp:featuredmedia":[{"embeddable":true,"href":"https:\/\/nimedixmedical.com\/en\/wp-json\/wp\/v2\/media\/113396"}],"wp:attachment":[{"href":"https:\/\/nimedixmedical.com\/en\/wp-json\/wp\/v2\/media?parent=113395"}],"wp:term":[{"taxonomy":"product_brand","embeddable":true,"href":"https:\/\/nimedixmedical.com\/en\/wp-json\/wp\/v2\/product_brand?post=113395"},{"taxonomy":"product_cat","embeddable":true,"href":"https:\/\/nimedixmedical.com\/en\/wp-json\/wp\/v2\/product_cat?post=113395"},{"taxonomy":"product_tag","embeddable":true,"href":"https:\/\/nimedixmedical.com\/en\/wp-json\/wp\/v2\/product_tag?post=113395"}],"curies":[{"name":"wp","href":"https:\/\/api.w.org\/{rel}","templated":true}]}}