{"id":113383,"date":"2025-11-30T22:02:32","date_gmt":"2025-11-30T21:02:32","guid":{"rendered":"https:\/\/nimedixmedical.com\/notre-catalogue\/conteneur-a-aiguilles-serie-pbs-6-l\/"},"modified":"2026-01-12T15:45:02","modified_gmt":"2026-01-12T14:45:02","slug":"conteneur-a-aiguilles-serie-pbs-6-l","status":"publish","type":"product","link":"https:\/\/nimedixmedical.com\/en\/our-catalog\/conteneur-a-aiguilles-serie-pbs-6-l\/","title":{"rendered":"Conteneur \u00c0 Aiguilles S\u00e9rie Pbs &#8211; 6 L"},"content":{"rendered":"<p>Le conteneur \u00e0 aiguilles s\u00e9rie PBS de 6 litres est con\u00e7u pour assurer une \u00e9limination s\u00e9curis\u00e9e des d\u00e9chets m\u00e9dicaux pointus. Essentiel dans les environnements de soins de sant\u00e9, il aide \u00e0 pr\u00e9venir les blessures et les contaminations.<\/p>\n<h2>Features<\/h2>\n<ul>\n<li>Volume : 6 litres, dimensions \u00d8 21.4 x h 24 cm.<\/li>\n<li>Fermetures temporaire et d\u00e9finitive pour une s\u00e9curit\u00e9 optimale.<\/li>\n<li>R\u00e9sistance aux chocs et perforations, garantissant une durabilit\u00e9 accrue.<\/li>\n<li>Facilit\u00e9 d&#8217;assemblage et d&#8217;utilisation pour un transport ais\u00e9.<\/li>\n<li>Autoclavable \u00e0 134\u00b0C pendant 18 minutes.<\/li>\n<li>\u00c9tiquette personnalisable pour un suivi des quantit\u00e9s \u00e9lev\u00e9es.<\/li>\n<li>Marque UN pour le transport de mati\u00e8res dangereuses.<\/li>\n<\/ul>\n<h2>Delivery<\/h2>\n<ul>\n<li><strong>France :<\/strong> Direct delivery.<\/li>\n<li><strong>Export (Europe and Africa) :<\/strong> Quote.<\/li>\n<\/ul>","protected":false},"excerpt":{"rendered":"<ul>\n<li>Id\u00e9al pour l&#8217;\u00e9limination s\u00e9curis\u00e9e des d\u00e9chets pointus et coupants, comme les aiguilles et les stylos \u00e0 insuline.<\/li>\n<li>Fermetures herm\u00e9tiques certifi\u00e9es, garantissant aucune \u00e9mission nocive lors de l&#8217;incin\u00e9ration.<\/li>\n<li>Facilit\u00e9 d&#8217;utilisation avec un syst\u00e8me d&#8217;ouverture pratique et une poign\u00e9e robuste pour un transport ais\u00e9.<\/li>\n<li>Fabriqu\u00e9 en Italie, offrant une excellente stabilit\u00e9 et r\u00e9sistance aux chocs et perforations.<\/li>\n<\/ul>","protected":false},"featured_media":113384,"comment_status":"open","ping_status":"open","template":"","meta":{"inline_featured_image":false},"product_brand":[],"product_cat":[1229,1201],"product_tag":[],"class_list":{"0":"post-113383","1":"product","2":"type-product","3":"status-publish","4":"has-post-thumbnail","6":"product_cat-conteneurs-a-aiguilles","7":"product_cat-instruments-chirurgicaux","9":"first","10":"instock","11":"sale","12":"taxable","13":"shipping-taxable","14":"purchasable","15":"product-type-simple"},"_links":{"self":[{"href":"https:\/\/nimedixmedical.com\/en\/wp-json\/wp\/v2\/product\/113383","targetHints":{"allow":["GET"]}}],"collection":[{"href":"https:\/\/nimedixmedical.com\/en\/wp-json\/wp\/v2\/product"}],"about":[{"href":"https:\/\/nimedixmedical.com\/en\/wp-json\/wp\/v2\/types\/product"}],"replies":[{"embeddable":true,"href":"https:\/\/nimedixmedical.com\/en\/wp-json\/wp\/v2\/comments?post=113383"}],"wp:featuredmedia":[{"embeddable":true,"href":"https:\/\/nimedixmedical.com\/en\/wp-json\/wp\/v2\/media\/113384"}],"wp:attachment":[{"href":"https:\/\/nimedixmedical.com\/en\/wp-json\/wp\/v2\/media?parent=113383"}],"wp:term":[{"taxonomy":"product_brand","embeddable":true,"href":"https:\/\/nimedixmedical.com\/en\/wp-json\/wp\/v2\/product_brand?post=113383"},{"taxonomy":"product_cat","embeddable":true,"href":"https:\/\/nimedixmedical.com\/en\/wp-json\/wp\/v2\/product_cat?post=113383"},{"taxonomy":"product_tag","embeddable":true,"href":"https:\/\/nimedixmedical.com\/en\/wp-json\/wp\/v2\/product_tag?post=113383"}],"curies":[{"name":"wp","href":"https:\/\/api.w.org\/{rel}","templated":true}]}}