{"id":113354,"date":"2025-11-30T22:01:46","date_gmt":"2025-11-30T21:01:46","guid":{"rendered":"https:\/\/nimedixmedical.com\/notre-catalogue\/recipient-produits-biologiques-60-ml-sterile\/"},"modified":"2026-01-12T15:44:54","modified_gmt":"2026-01-12T14:44:54","slug":"recipient-produits-biologiques-60-ml-sterile","status":"publish","type":"product","link":"https:\/\/nimedixmedical.com\/en\/our-catalog\/recipient-produits-biologiques-60-ml-sterile\/","title":{"rendered":"Biological Products Container 60 mL - Sterile"},"content":{"rendered":"<p>Le r\u00e9cipient pour produits biologiques de 60 ml est indispensable dans le cadre des pr\u00e9l\u00e8vements m\u00e9dicaux. Con\u00e7u pour garantir la st\u00e9rilit\u00e9 et la s\u00e9curit\u00e9 des \u00e9chantillons, il est adapt\u00e9 aux besoins des professionnels de sant\u00e9.<\/p>\n<h2>Features<\/h2>\n<ul>\n<li>Flacon en polypropyl\u00e8ne de 60 ml, r\u00e9sistant et l\u00e9ger.<\/li>\n<li>St\u00e9rilis\u00e9 pour \u00e9viter toute contamination des \u00e9chantillons.<\/li>\n<li>Bouchon \u00e0 visser rouge, assurant une fermeture s\u00e9curis\u00e9e.<\/li>\n<li>Livr\u00e9 avec une \u00e9tiquette translucide pour une identification ais\u00e9e.<\/li>\n<li>Inclus : mode d\u2019emploi multilingue (GB, FR, IT, ES, PT) dans chaque bo\u00eete.<\/li>\n<\/ul>\n<h2>Delivery<\/h2>\n<ul>\n<li><strong>France :<\/strong> Direct delivery.<\/li>\n<li><strong>Export (Europe and Africa) :<\/strong> Quote.<\/li>\n<\/ul>","protected":false},"excerpt":{"rendered":"<ul>\n<li>Flacon gradu\u00e9 de 60 ml, id\u00e9al pour le pr\u00e9l\u00e8vement et le transport d&#8217;\u00e9chantillons biologiques.<\/li>\n<li>St\u00e9rile, garantissant la s\u00e9curit\u00e9 et la fiabilit\u00e9 des analyses.<\/li>\n<li>Bouchon \u00e0 visser rouge pour une fermeture herm\u00e9tique et une protection contre les contaminations.<\/li>\n<li>\u00c9tiquette translucide pour une identification claire et facile des \u00e9chantillons.<\/li>\n<\/ul>","protected":false},"featured_media":113355,"comment_status":"open","ping_status":"open","template":"","meta":{"inline_featured_image":false},"product_brand":[],"product_cat":[1228,1201],"product_tag":[],"class_list":{"0":"post-113354","1":"product","2":"type-product","3":"status-publish","4":"has-post-thumbnail","6":"product_cat-cuvettes-haricots-et-plateaux-en-plastique-et-carton","7":"product_cat-instruments-chirurgicaux","9":"first","10":"instock","11":"sale","12":"taxable","13":"shipping-taxable","14":"purchasable","15":"product-type-simple"},"_links":{"self":[{"href":"https:\/\/nimedixmedical.com\/en\/wp-json\/wp\/v2\/product\/113354","targetHints":{"allow":["GET"]}}],"collection":[{"href":"https:\/\/nimedixmedical.com\/en\/wp-json\/wp\/v2\/product"}],"about":[{"href":"https:\/\/nimedixmedical.com\/en\/wp-json\/wp\/v2\/types\/product"}],"replies":[{"embeddable":true,"href":"https:\/\/nimedixmedical.com\/en\/wp-json\/wp\/v2\/comments?post=113354"}],"wp:featuredmedia":[{"embeddable":true,"href":"https:\/\/nimedixmedical.com\/en\/wp-json\/wp\/v2\/media\/113355"}],"wp:attachment":[{"href":"https:\/\/nimedixmedical.com\/en\/wp-json\/wp\/v2\/media?parent=113354"}],"wp:term":[{"taxonomy":"product_brand","embeddable":true,"href":"https:\/\/nimedixmedical.com\/en\/wp-json\/wp\/v2\/product_brand?post=113354"},{"taxonomy":"product_cat","embeddable":true,"href":"https:\/\/nimedixmedical.com\/en\/wp-json\/wp\/v2\/product_cat?post=113354"},{"taxonomy":"product_tag","embeddable":true,"href":"https:\/\/nimedixmedical.com\/en\/wp-json\/wp\/v2\/product_tag?post=113354"}],"curies":[{"name":"wp","href":"https:\/\/api.w.org\/{rel}","templated":true}]}}