{"id":113352,"date":"2025-11-30T22:01:46","date_gmt":"2025-11-30T21:01:46","guid":{"rendered":"https:\/\/nimedixmedical.com\/notre-catalogue\/urinal-en-plastique-homme\/"},"modified":"2026-01-12T15:44:53","modified_gmt":"2026-01-12T14:44:53","slug":"urinal-en-plastique-homme","status":"publish","type":"product","link":"https:\/\/nimedixmedical.com\/en\/our-catalog\/urinal-en-plastique-homme\/","title":{"rendered":"Plastic Urinal for Men"},"content":{"rendered":"<p>Con\u00e7u pour r\u00e9pondre aux besoins des patients et des professionnels de sant\u00e9, cet urinal en plastique pour homme offre une solution pratique et hygi\u00e9nique pour la collecte des urines. Sa conception ergonomique en fait un choix id\u00e9al dans divers environnements m\u00e9dicaux.<\/p>\n<h2>Features<\/h2>\n<ul>\n<li>Fabriqu\u00e9 en poly\u00e9thyl\u00e8ne de haute qualit\u00e9.<\/li>\n<li>Capacit\u00e9 de 1000 ml pour une utilisation prolong\u00e9e.<\/li>\n<li>Emball\u00e9 individuellement pour une hygi\u00e8ne optimale.<\/li>\n<li>Polybag multilingue (GB, FR, IT, ES, PT, PL, GR, SE) facilitant la compr\u00e9hension des utilisateurs.<\/li>\n<\/ul>\n<h2>Delivery<\/h2>\n<ul>\n<li><strong>France :<\/strong> Direct delivery.<\/li>\n<li><strong>Export (Europe and Africa) :<\/strong> Quote.<\/li>\n<\/ul>","protected":false},"excerpt":{"rendered":"<ul>\n<li>Urinal en plastique l\u00e9ger, id\u00e9al pour un usage hospitalier et \u00e0 domicile.<\/li>\n<li>Capacit\u00e9 de 1000 ml, permettant une utilisation prolong\u00e9e sans n\u00e9cessit\u00e9 de vidange fr\u00e9quente.<\/li>\n<li>Emballage individuel garantissant l&#8217;hygi\u00e8ne et la s\u00e9curit\u00e9 des utilisateurs.<\/li>\n<li>Poly\u00e9thyl\u00e8ne r\u00e9sistant, facile \u00e0 nettoyer et recyclable.<\/li>\n<\/ul>","protected":false},"featured_media":113353,"comment_status":"open","ping_status":"open","template":"","meta":{"inline_featured_image":false},"product_brand":[],"product_cat":[1228,1201],"product_tag":[],"class_list":{"0":"post-113352","1":"product","2":"type-product","3":"status-publish","4":"has-post-thumbnail","6":"product_cat-cuvettes-haricots-et-plateaux-en-plastique-et-carton","7":"product_cat-instruments-chirurgicaux","9":"first","10":"instock","11":"sale","12":"taxable","13":"shipping-taxable","14":"purchasable","15":"product-type-simple"},"_links":{"self":[{"href":"https:\/\/nimedixmedical.com\/en\/wp-json\/wp\/v2\/product\/113352","targetHints":{"allow":["GET"]}}],"collection":[{"href":"https:\/\/nimedixmedical.com\/en\/wp-json\/wp\/v2\/product"}],"about":[{"href":"https:\/\/nimedixmedical.com\/en\/wp-json\/wp\/v2\/types\/product"}],"replies":[{"embeddable":true,"href":"https:\/\/nimedixmedical.com\/en\/wp-json\/wp\/v2\/comments?post=113352"}],"wp:featuredmedia":[{"embeddable":true,"href":"https:\/\/nimedixmedical.com\/en\/wp-json\/wp\/v2\/media\/113353"}],"wp:attachment":[{"href":"https:\/\/nimedixmedical.com\/en\/wp-json\/wp\/v2\/media?parent=113352"}],"wp:term":[{"taxonomy":"product_brand","embeddable":true,"href":"https:\/\/nimedixmedical.com\/en\/wp-json\/wp\/v2\/product_brand?post=113352"},{"taxonomy":"product_cat","embeddable":true,"href":"https:\/\/nimedixmedical.com\/en\/wp-json\/wp\/v2\/product_cat?post=113352"},{"taxonomy":"product_tag","embeddable":true,"href":"https:\/\/nimedixmedical.com\/en\/wp-json\/wp\/v2\/product_tag?post=113352"}],"curies":[{"name":"wp","href":"https:\/\/api.w.org\/{rel}","templated":true}]}}