{"id":113350,"date":"2025-11-30T22:01:46","date_gmt":"2025-11-30T21:01:46","guid":{"rendered":"https:\/\/nimedixmedical.com\/notre-catalogue\/bassin-de-lit-en-plastique\/"},"modified":"2026-01-12T15:44:52","modified_gmt":"2026-01-12T14:44:52","slug":"bassin-de-lit-en-plastique","status":"publish","type":"product","link":"https:\/\/nimedixmedical.com\/en\/our-catalog\/bassin-de-lit-en-plastique\/","title":{"rendered":"Plastic Bedpan"},"content":{"rendered":"<p>Le bassin de lit en plastique est un dispositif essentiel dans le secteur m\u00e9dical, facilitant les soins d&#8217;hygi\u00e8ne pour les patients alit\u00e9s. Con\u00e7u pour un usage quotidien, il r\u00e9pond aux besoins des professionnels de sant\u00e9 et des aidants \u00e0 domicile.<\/p>\n<h2>Features<\/h2>\n<ul>\n<li>Mat\u00e9riau : Fabriqu\u00e9 en polypropyl\u00e8ne de haute qualit\u00e9.<\/li>\n<li>Emballage : Vendu en bo\u00eete de 20, chaque bassin est emball\u00e9 individuellement pour garantir l&#8217;hygi\u00e8ne.<\/li>\n<li>Multilingue : Polybag disponible en plusieurs langues (GB, FR, IT, ES, PT, PL, GR, SE) pour une utilisation internationale.<\/li>\n<li>Dimensions : Con\u00e7u pour un usage pratique en milieu hospitalier et \u00e0 domicile.<\/li>\n<\/ul>\n<h2>Delivery<\/h2>\n<ul>\n<li><strong>France :<\/strong> Direct delivery.<\/li>\n<li><strong>Export (Europe and Africa) :<\/strong> Quote.<\/li>\n<\/ul>","protected":false},"excerpt":{"rendered":"<ul>\n<li>Usage : Bassin de lit urinal pratique pour les soins \u00e0 domicile et en milieu hospitalier.<\/li>\n<li>B\u00e9n\u00e9fice : Fabriqu\u00e9 en polypropyl\u00e8ne, l\u00e9ger et facile \u00e0 manipuler.<\/li>\n<li>Emballage : Chaque bassin est emball\u00e9 individuellement, garantissant l&#8217;hygi\u00e8ne.<\/li>\n<li>Multilingual : Packaging available in several languages for international use.<\/li>\n<\/ul>","protected":false},"featured_media":113351,"comment_status":"open","ping_status":"open","template":"","meta":{"inline_featured_image":false},"product_brand":[],"product_cat":[1228,1201],"product_tag":[],"class_list":{"0":"post-113350","1":"product","2":"type-product","3":"status-publish","4":"has-post-thumbnail","6":"product_cat-cuvettes-haricots-et-plateaux-en-plastique-et-carton","7":"product_cat-instruments-chirurgicaux","9":"first","10":"outofstock","11":"sale","12":"taxable","13":"shipping-taxable","14":"purchasable","15":"product-type-simple"},"_links":{"self":[{"href":"https:\/\/nimedixmedical.com\/en\/wp-json\/wp\/v2\/product\/113350","targetHints":{"allow":["GET"]}}],"collection":[{"href":"https:\/\/nimedixmedical.com\/en\/wp-json\/wp\/v2\/product"}],"about":[{"href":"https:\/\/nimedixmedical.com\/en\/wp-json\/wp\/v2\/types\/product"}],"replies":[{"embeddable":true,"href":"https:\/\/nimedixmedical.com\/en\/wp-json\/wp\/v2\/comments?post=113350"}],"wp:featuredmedia":[{"embeddable":true,"href":"https:\/\/nimedixmedical.com\/en\/wp-json\/wp\/v2\/media\/113351"}],"wp:attachment":[{"href":"https:\/\/nimedixmedical.com\/en\/wp-json\/wp\/v2\/media?parent=113350"}],"wp:term":[{"taxonomy":"product_brand","embeddable":true,"href":"https:\/\/nimedixmedical.com\/en\/wp-json\/wp\/v2\/product_brand?post=113350"},{"taxonomy":"product_cat","embeddable":true,"href":"https:\/\/nimedixmedical.com\/en\/wp-json\/wp\/v2\/product_cat?post=113350"},{"taxonomy":"product_tag","embeddable":true,"href":"https:\/\/nimedixmedical.com\/en\/wp-json\/wp\/v2\/product_tag?post=113350"}],"curies":[{"name":"wp","href":"https:\/\/api.w.org\/{rel}","templated":true}]}}