{"id":113311,"date":"2025-11-30T22:01:12","date_gmt":"2025-11-30T21:01:12","guid":{"rendered":"https:\/\/nimedixmedical.com\/notre-catalogue\/haricot-en-papier-de-cellulose-recycle-700-ml-jetable\/"},"modified":"2026-01-12T15:44:37","modified_gmt":"2026-01-12T14:44:37","slug":"haricot-en-papier-de-cellulose-recycle-700-ml-jetable","status":"publish","type":"product","link":"https:\/\/nimedixmedical.com\/en\/our-catalog\/haricot-en-papier-de-cellulose-recycle-700-ml-jetable\/","title":{"rendered":"Haricot en Papier de Cellulose Recycl\u00e9 700 mL &#8211; Jetable"},"content":{"rendered":"<p>Les haricots jetables en papier de cellulose recycl\u00e9e sont con\u00e7us pour le confinement et le transport d&#8217;urine, de sang et de vomi dans un cadre m\u00e9dical. Leur composition respectueuse de l&#8217;environnement et leur conformit\u00e9 aux normes de s\u00e9curit\u00e9 en font un choix fiable pour les professionnels de sant\u00e9.<\/p>\n<h2>Features<\/h2>\n<ul>\n<li>Dimensions : 24,7 x 12,2 x 4,4 cm<\/li>\n<li>Volume : 700 ml<\/li>\n<li>Mat\u00e9riau : p\u00e2te \u00e0 papier moul\u00e9e, biod\u00e9gradable<\/li>\n<li>Certificat de biocompatibilit\u00e9 conforme \u00e0 ISO 10993-10:2010<\/li>\n<li>St\u00e9rilisable par la proc\u00e9dure ETO standard<\/li>\n<li>Usage : confinement et transport d&#8217;urine, sang, vomi<\/li>\n<li>R\u00e9sistance : 36 heures dans l\u2019eau, 4 heures dans les liquides organiques<\/li>\n<li>Classe I non st\u00e9riles selon MDR 2017\/745<\/li>\n<\/ul>\n<h2>Delivery<\/h2>\n<ul>\n<li><strong>France :<\/strong> Direct delivery.<\/li>\n<li><strong>Export (Europe and Africa) :<\/strong> Quote.<\/li>\n<\/ul>","protected":false},"excerpt":{"rendered":"<ul>\n<li>R\u00e9cipients jetables et biod\u00e9gradables pour urine et liquides organiques.<\/li>\n<li>Fabriqu\u00e9 en papier de cellulose recycl\u00e9e, atoxique et sans latex.<\/li>\n<li>R\u00e9sistance \u00e0 l&#8217;eau de 36 heures et 4 heures pour les liquides organiques.<\/li>\n<li>Certifi\u00e9 conforme aux normes ISO pour la biocompatibilit\u00e9.<\/li>\n<\/ul>","protected":false},"featured_media":113312,"comment_status":"open","ping_status":"open","template":"","meta":{"inline_featured_image":false},"product_brand":[],"product_cat":[1228,1201],"product_tag":[],"class_list":{"0":"post-113311","1":"product","2":"type-product","3":"status-publish","4":"has-post-thumbnail","6":"product_cat-cuvettes-haricots-et-plateaux-en-plastique-et-carton","7":"product_cat-instruments-chirurgicaux","9":"first","10":"instock","11":"sale","12":"taxable","13":"shipping-taxable","14":"purchasable","15":"product-type-simple"},"_links":{"self":[{"href":"https:\/\/nimedixmedical.com\/en\/wp-json\/wp\/v2\/product\/113311","targetHints":{"allow":["GET"]}}],"collection":[{"href":"https:\/\/nimedixmedical.com\/en\/wp-json\/wp\/v2\/product"}],"about":[{"href":"https:\/\/nimedixmedical.com\/en\/wp-json\/wp\/v2\/types\/product"}],"replies":[{"embeddable":true,"href":"https:\/\/nimedixmedical.com\/en\/wp-json\/wp\/v2\/comments?post=113311"}],"wp:featuredmedia":[{"embeddable":true,"href":"https:\/\/nimedixmedical.com\/en\/wp-json\/wp\/v2\/media\/113312"}],"wp:attachment":[{"href":"https:\/\/nimedixmedical.com\/en\/wp-json\/wp\/v2\/media?parent=113311"}],"wp:term":[{"taxonomy":"product_brand","embeddable":true,"href":"https:\/\/nimedixmedical.com\/en\/wp-json\/wp\/v2\/product_brand?post=113311"},{"taxonomy":"product_cat","embeddable":true,"href":"https:\/\/nimedixmedical.com\/en\/wp-json\/wp\/v2\/product_cat?post=113311"},{"taxonomy":"product_tag","embeddable":true,"href":"https:\/\/nimedixmedical.com\/en\/wp-json\/wp\/v2\/product_tag?post=113311"}],"curies":[{"name":"wp","href":"https:\/\/api.w.org\/{rel}","templated":true}]}}