{"id":113307,"date":"2025-11-30T22:01:12","date_gmt":"2025-11-30T21:01:12","guid":{"rendered":"https:\/\/nimedixmedical.com\/notre-catalogue\/carafe-en-papier-de-cellulose-recycle-15-l-jetable\/"},"modified":"2026-01-12T15:44:36","modified_gmt":"2026-01-12T14:44:36","slug":"carafe-en-papier-de-cellulose-recycle-15-l-jetable","status":"publish","type":"product","link":"https:\/\/nimedixmedical.com\/en\/our-catalog\/carafe-en-papier-de-cellulose-recycle-15-l-jetable\/","title":{"rendered":"Carafe en Papier de Cellulose Recycl\u00e9 1,5 L &#8211; Jetable"},"content":{"rendered":"<p>La carafe en papier de cellulose recycl\u00e9e de 1,5 l est un produit jetable con\u00e7u pour le confinement et le transport de liquides biologiques en milieu m\u00e9dical. Sa conception en papier recycl\u00e9 assure une alternative \u00e9cologique et pratique pour les \u00e9tablissements de sant\u00e9.<\/p>\n<h2>Features<\/h2>\n<ul>\n<li>Dimensions : 23,9 x 16,7 x 11,6 cm<\/li>\n<li>Mat\u00e9riau : P\u00e2te \u00e0 papier moul\u00e9e, biod\u00e9gradable<\/li>\n<li>Certificat de biocompatibilit\u00e9 conforme \u00e0 ISO 10993-10:2010<\/li>\n<li>St\u00e9rilisables par la proc\u00e9dure ETO standard<\/li>\n<li>R\u00e9sistance : 36 heures dans l\u2019eau, 4 heures dans les liquides organiques<\/li>\n<li>\u00c9tiquette et instructions en plusieurs langues : GB, FR, IT, ES, PT, DE, PL, RO, GR, SE<\/li>\n<\/ul>\n<h2>Delivery<\/h2>\n<ul>\n<li><strong>France :<\/strong> Direct delivery.<\/li>\n<li><strong>Export (Europe and Africa) :<\/strong> Quote.<\/li>\n<\/ul>","protected":false},"excerpt":{"rendered":"<ul>\n<li>Usage : Confinement et transport d&#8217;urine, sang, vomi.<\/li>\n<li>B\u00e9n\u00e9fice : R\u00e9cipients jetables en papier de cellulose recycl\u00e9e, biod\u00e9gradables et st\u00e9rilisables.<\/li>\n<li>S\u00e9curit\u00e9 : Atoxiques, sans latex et certifi\u00e9s selon la norme ISO 10993-10:2010.<\/li>\n<li>R\u00e9sistance : Capacit\u00e9 de maintien dans l&#8217;eau jusqu&#8217;\u00e0 36 heures.<\/li>\n<\/ul>","protected":false},"featured_media":113308,"comment_status":"open","ping_status":"open","template":"","meta":{"inline_featured_image":false},"product_brand":[],"product_cat":[1228,1201],"product_tag":[],"class_list":{"0":"post-113307","1":"product","2":"type-product","3":"status-publish","4":"has-post-thumbnail","6":"product_cat-cuvettes-haricots-et-plateaux-en-plastique-et-carton","7":"product_cat-instruments-chirurgicaux","9":"first","10":"outofstock","11":"sale","12":"taxable","13":"shipping-taxable","14":"purchasable","15":"product-type-simple"},"_links":{"self":[{"href":"https:\/\/nimedixmedical.com\/en\/wp-json\/wp\/v2\/product\/113307","targetHints":{"allow":["GET"]}}],"collection":[{"href":"https:\/\/nimedixmedical.com\/en\/wp-json\/wp\/v2\/product"}],"about":[{"href":"https:\/\/nimedixmedical.com\/en\/wp-json\/wp\/v2\/types\/product"}],"replies":[{"embeddable":true,"href":"https:\/\/nimedixmedical.com\/en\/wp-json\/wp\/v2\/comments?post=113307"}],"wp:featuredmedia":[{"embeddable":true,"href":"https:\/\/nimedixmedical.com\/en\/wp-json\/wp\/v2\/media\/113308"}],"wp:attachment":[{"href":"https:\/\/nimedixmedical.com\/en\/wp-json\/wp\/v2\/media?parent=113307"}],"wp:term":[{"taxonomy":"product_brand","embeddable":true,"href":"https:\/\/nimedixmedical.com\/en\/wp-json\/wp\/v2\/product_brand?post=113307"},{"taxonomy":"product_cat","embeddable":true,"href":"https:\/\/nimedixmedical.com\/en\/wp-json\/wp\/v2\/product_cat?post=113307"},{"taxonomy":"product_tag","embeddable":true,"href":"https:\/\/nimedixmedical.com\/en\/wp-json\/wp\/v2\/product_tag?post=113307"}],"curies":[{"name":"wp","href":"https:\/\/api.w.org\/{rel}","templated":true}]}}