{"id":113277,"date":"2025-11-30T22:01:12","date_gmt":"2025-11-30T21:01:12","guid":{"rendered":"https:\/\/nimedixmedical.com\/notre-catalogue\/curette-dermatologique-gima-avec-raclette-diam-7-mm\/"},"modified":"2026-01-12T15:44:25","modified_gmt":"2026-01-12T14:44:25","slug":"gima-dermatological-curette-with-7-mm-diameter-scraper","status":"publish","type":"product","link":"https:\/\/nimedixmedical.com\/en\/our-catalog\/gima-dermatological-curette-with-7-mm-diameter-scraper\/","title":{"rendered":"Curette Dermatologique GIMA avec Raclette Diam. 7 mm"},"content":{"rendered":"<p>La curette dermatologique Gima avec raclette est un instrument essentiel pour les professionnels de sant\u00e9. Con\u00e7ue pour un usage unique, elle permet de traiter efficacement la peau et les blessures tout en garantissant une hygi\u00e8ne irr\u00e9prochable. Recommand\u00e9e par les dermatologues, elle est adapt\u00e9e \u00e0 diverses sp\u00e9cialit\u00e9s cliniques.<\/p>\n<h2>Features<\/h2>\n<ul>\n<li>Type : Curette dermique avec raclette<\/li>\n<li>Diam\u00e8tre : 7 mm<\/li>\n<li>Conditionnement : Bo\u00eete de 10 curettes st\u00e9riles<\/li>\n<li>Utilisation : Usage unique, scell\u00e9 individuellement dans des poches transparentes d\u00e9chirables<\/li>\n<li>Sp\u00e9cialit\u00e9s : Dermatologie, chirurgie, podologie, oncologie, v\u00e9t\u00e9rinaire<\/li>\n<li>Instructions disponibles en plusieurs langues : GB, FR, IT, ES, PT, DE, PL, GR, RU, FI, SE, NL, RO, BG, HR, HU, NO, Arabe<\/li>\n<\/ul>\n<h2>Delivery<\/h2>\n<ul>\n<li><strong>France :<\/strong> Direct delivery.<\/li>\n<li><strong>Export (Europe and Africa) :<\/strong> Quote.<\/li>\n<\/ul>","protected":false},"excerpt":{"rendered":"<ul>\n<li>Usage unique : st\u00e9rile et pr\u00eat \u00e0 l&#8217;emploi, pour une hygi\u00e8ne optimale.<\/li>\n<li>Diam\u00e8tre de 7 mm : id\u00e9al pour un usage dermatologique pr\u00e9cis.<\/li>\n<li>Bo\u00eete de 10 : pratique pour les professionnels de la sant\u00e9.<\/li>\n<li>Instructions multilingues : accessible pour une large client\u00e8le internationale.<\/li>\n<\/ul>","protected":false},"featured_media":113278,"comment_status":"open","ping_status":"open","template":"","meta":{"inline_featured_image":false},"product_brand":[],"product_cat":[1227,1201],"product_tag":[],"class_list":{"0":"post-113277","1":"product","2":"type-product","3":"status-publish","4":"has-post-thumbnail","6":"product_cat-emporte-piece-a-biopsie-et-curettes-dermiques-kai-gima-et-stiefel","7":"product_cat-instruments-chirurgicaux","9":"first","10":"outofstock","11":"sale","12":"taxable","13":"shipping-taxable","14":"purchasable","15":"product-type-simple"},"_links":{"self":[{"href":"https:\/\/nimedixmedical.com\/en\/wp-json\/wp\/v2\/product\/113277","targetHints":{"allow":["GET"]}}],"collection":[{"href":"https:\/\/nimedixmedical.com\/en\/wp-json\/wp\/v2\/product"}],"about":[{"href":"https:\/\/nimedixmedical.com\/en\/wp-json\/wp\/v2\/types\/product"}],"replies":[{"embeddable":true,"href":"https:\/\/nimedixmedical.com\/en\/wp-json\/wp\/v2\/comments?post=113277"}],"wp:featuredmedia":[{"embeddable":true,"href":"https:\/\/nimedixmedical.com\/en\/wp-json\/wp\/v2\/media\/113278"}],"wp:attachment":[{"href":"https:\/\/nimedixmedical.com\/en\/wp-json\/wp\/v2\/media?parent=113277"}],"wp:term":[{"taxonomy":"product_brand","embeddable":true,"href":"https:\/\/nimedixmedical.com\/en\/wp-json\/wp\/v2\/product_brand?post=113277"},{"taxonomy":"product_cat","embeddable":true,"href":"https:\/\/nimedixmedical.com\/en\/wp-json\/wp\/v2\/product_cat?post=113277"},{"taxonomy":"product_tag","embeddable":true,"href":"https:\/\/nimedixmedical.com\/en\/wp-json\/wp\/v2\/product_tag?post=113277"}],"curies":[{"name":"wp","href":"https:\/\/api.w.org\/{rel}","templated":true}]}}