{"id":113181,"date":"2025-11-30T21:58:50","date_gmt":"2025-11-30T20:58:50","guid":{"rendered":"https:\/\/nimedixmedical.com\/notre-catalogue\/poincons-pour-biopsie-diam-4-mm\/"},"modified":"2026-01-12T15:44:00","modified_gmt":"2026-01-12T14:44:00","slug":"biopsy-punches-diam-4-mm","status":"publish","type":"product","link":"https:\/\/nimedixmedical.com\/en\/our-catalog\/biopsy-punches-diam-4-mm\/","title":{"rendered":"Poin\u00e7ons pour Biopsie Diam. 4 mm"},"content":{"rendered":"<p>Les poin\u00e7ons pour biopsie de diam\u00e8tre 4 mm sont des instruments chirurgicaux de haute qualit\u00e9, con\u00e7us pour r\u00e9aliser des pr\u00e9l\u00e8vements tissulaires en toute s\u00e9curit\u00e9. Leur utilisation est essentielle dans divers domaines m\u00e9dicaux tels que la dermatologie, la gyn\u00e9cologie et la podologie.<\/p>\n<h2>Features<\/h2>\n<ul>\n<li>Diameter : 4 mm<\/li>\n<li>Longueur de la lame : 7 mm<\/li>\n<li>Bord tranchant affil\u00e9 en inox pour une coupe pr\u00e9cise<\/li>\n<li>Manche cannel\u00e9 pour une prise en main optimale<\/li>\n<li>Taille grav\u00e9e sur chaque article pour faciliter l&#8217;identification<\/li>\n<li>Chaque punch est scell\u00e9 dans une poche transparente d\u00e9chirable individuelle<\/li>\n<li>Manufacturing : Made in Japan<\/li>\n<\/ul>\n<h2>Delivery<\/h2>\n<ul>\n<li><strong>France :<\/strong> Direct delivery.<\/li>\n<li><strong>Export (Europe and Africa) :<\/strong> Quote.<\/li>\n<\/ul>","protected":false},"excerpt":{"rendered":"<ul>\n<li>Usage : Id\u00e9al pour la dermatologie, la gyn\u00e9cologie et la podologie.<\/li>\n<li>B\u00e9n\u00e9fice : Bord tranchant en inox pour une coupe pr\u00e9cise et nette.<\/li>\n<li>Prise en main : Manche cannel\u00e9 pour une prise s\u00fbre lors de l&#8217;utilisation.<\/li>\n<li>Identifiabilit\u00e9 : Taille grav\u00e9e sur chaque punch pour une identification facile.<\/li>\n<\/ul>","protected":false},"featured_media":113182,"comment_status":"open","ping_status":"open","template":"","meta":{"inline_featured_image":false},"product_brand":[],"product_cat":[1227,1201],"product_tag":[],"class_list":{"0":"post-113181","1":"product","2":"type-product","3":"status-publish","4":"has-post-thumbnail","6":"product_cat-emporte-piece-a-biopsie-et-curettes-dermiques-kai-gima-et-stiefel","7":"product_cat-instruments-chirurgicaux","9":"first","10":"instock","11":"sale","12":"taxable","13":"shipping-taxable","14":"purchasable","15":"product-type-simple"},"_links":{"self":[{"href":"https:\/\/nimedixmedical.com\/en\/wp-json\/wp\/v2\/product\/113181","targetHints":{"allow":["GET"]}}],"collection":[{"href":"https:\/\/nimedixmedical.com\/en\/wp-json\/wp\/v2\/product"}],"about":[{"href":"https:\/\/nimedixmedical.com\/en\/wp-json\/wp\/v2\/types\/product"}],"replies":[{"embeddable":true,"href":"https:\/\/nimedixmedical.com\/en\/wp-json\/wp\/v2\/comments?post=113181"}],"wp:featuredmedia":[{"embeddable":true,"href":"https:\/\/nimedixmedical.com\/en\/wp-json\/wp\/v2\/media\/113182"}],"wp:attachment":[{"href":"https:\/\/nimedixmedical.com\/en\/wp-json\/wp\/v2\/media?parent=113181"}],"wp:term":[{"taxonomy":"product_brand","embeddable":true,"href":"https:\/\/nimedixmedical.com\/en\/wp-json\/wp\/v2\/product_brand?post=113181"},{"taxonomy":"product_cat","embeddable":true,"href":"https:\/\/nimedixmedical.com\/en\/wp-json\/wp\/v2\/product_cat?post=113181"},{"taxonomy":"product_tag","embeddable":true,"href":"https:\/\/nimedixmedical.com\/en\/wp-json\/wp\/v2\/product_tag?post=113181"}],"curies":[{"name":"wp","href":"https:\/\/api.w.org\/{rel}","templated":true}]}}