{"id":113134,"date":"2025-11-30T21:57:51","date_gmt":"2025-11-30T20:57:51","guid":{"rendered":"https:\/\/nimedixmedical.com\/notre-catalogue\/pipette-pasteur-1-ml-sterile\/"},"modified":"2026-01-12T15:43:41","modified_gmt":"2026-01-12T14:43:41","slug":"pipette-pasteur-1-ml-sterile","status":"publish","type":"product","link":"https:\/\/nimedixmedical.com\/en\/our-catalog\/pipette-pasteur-1-ml-sterile\/","title":{"rendered":"Pipette Pasteur 1 mL &#8211; St\u00e9rile"},"content":{"rendered":"<p>La pipette Pasteur st\u00e9rile de 1 ml est un outil essentiel en milieu m\u00e9dical et de laboratoire. Elle permet un transfert pr\u00e9cis de liquides tout en assurant la s\u00e9curit\u00e9 et la propret\u00e9 des \u00e9chantillons manipul\u00e9s, r\u00e9duisant ainsi les risques de contamination crois\u00e9e.<\/p>\n<h2>Features<\/h2>\n<ul>\n<li>Volume : 1 ml<\/li>\n<li>Mat\u00e9riau : Poly\u00e9thyl\u00e8ne de qualit\u00e9 m\u00e9dicale<\/li>\n<li>Emballage : Individuellement conditionn\u00e9e dans un peel-pack<\/li>\n<li>Quantit\u00e9 : Bo\u00eete de 1000 unit\u00e9s<\/li>\n<\/ul>\n<h2>Delivery<\/h2>\n<ul>\n<li><strong>France :<\/strong> Direct delivery.<\/li>\n<li><strong>Export (Europe and Africa) :<\/strong> Quote.<\/li>\n<\/ul>","protected":false},"excerpt":{"rendered":"<ul>\n<li>Usage : Id\u00e9ale pour le pr\u00e9l\u00e8vement et le transfert de liquides en laboratoire.<\/li>\n<li>B\u00e9n\u00e9fice : St\u00e9rile et pr\u00eate \u00e0 l&#8217;emploi, garantissant une manipulation s\u00e9curis\u00e9e.<\/li>\n<li>Mat\u00e9riau : Fabriqu\u00e9e en poly\u00e9thyl\u00e8ne, offrant flexibilit\u00e9 et r\u00e9sistance.<\/li>\n<li>Emballage : Conditionn\u00e9e individuellement dans un peel-pack pour une hygi\u00e8ne optimale.<\/li>\n<\/ul>","protected":false},"featured_media":113135,"comment_status":"open","ping_status":"open","template":"","meta":{"inline_featured_image":false},"product_brand":[],"product_cat":[1226,1201],"product_tag":[],"class_list":{"0":"post-113134","1":"product","2":"type-product","3":"status-publish","4":"has-post-thumbnail","6":"product_cat-eprouvettes-et-pipettes","7":"product_cat-instruments-chirurgicaux","9":"first","10":"instock","11":"sale","12":"taxable","13":"shipping-taxable","14":"purchasable","15":"product-type-simple"},"_links":{"self":[{"href":"https:\/\/nimedixmedical.com\/en\/wp-json\/wp\/v2\/product\/113134","targetHints":{"allow":["GET"]}}],"collection":[{"href":"https:\/\/nimedixmedical.com\/en\/wp-json\/wp\/v2\/product"}],"about":[{"href":"https:\/\/nimedixmedical.com\/en\/wp-json\/wp\/v2\/types\/product"}],"replies":[{"embeddable":true,"href":"https:\/\/nimedixmedical.com\/en\/wp-json\/wp\/v2\/comments?post=113134"}],"wp:featuredmedia":[{"embeddable":true,"href":"https:\/\/nimedixmedical.com\/en\/wp-json\/wp\/v2\/media\/113135"}],"wp:attachment":[{"href":"https:\/\/nimedixmedical.com\/en\/wp-json\/wp\/v2\/media?parent=113134"}],"wp:term":[{"taxonomy":"product_brand","embeddable":true,"href":"https:\/\/nimedixmedical.com\/en\/wp-json\/wp\/v2\/product_brand?post=113134"},{"taxonomy":"product_cat","embeddable":true,"href":"https:\/\/nimedixmedical.com\/en\/wp-json\/wp\/v2\/product_cat?post=113134"},{"taxonomy":"product_tag","embeddable":true,"href":"https:\/\/nimedixmedical.com\/en\/wp-json\/wp\/v2\/product_tag?post=113134"}],"curies":[{"name":"wp","href":"https:\/\/api.w.org\/{rel}","templated":true}]}}