{"id":112210,"date":"2025-11-30T21:43:56","date_gmt":"2025-11-30T20:43:56","guid":{"rendered":"https:\/\/nimedixmedical.com\/notre-catalogue\/aiguilles-luer-mesotherapie-33g-020x4-mm-vertes\/"},"modified":"2026-01-12T15:37:49","modified_gmt":"2026-01-12T14:37:49","slug":"aiguilles-luer-mesotherapie-33g-020x4-mm-vertes","status":"publish","type":"product","link":"https:\/\/nimedixmedical.com\/en\/our-catalog\/aiguilles-luer-mesotherapie-33g-020x4-mm-vertes\/","title":{"rendered":"Aiguilles Luer M\u00e9soth\u00e9rapie 33g 0,20&#215;4 mm &#8211; Vertes"},"content":{"rendered":"<p>The needles Luer Mesotherapy 33G 0,20\u00d74 mm are specially designed for accurate injection in mesotherapy. Thanks to their high-quality design, they ensure an optimal experience for practitioners and patients.<\/p>\n<h2>Features<\/h2>\n<ul>\n<li>Caliber : 33G (\u00d8 0.20 mm)<\/li>\n<li>Length : 4 mm<\/li>\n<li>Color : green<\/li>\n<li>Packaging : box of 100 needles, sterile and individually packed in blister paper medical<\/li>\n<li>Materials : tube in stainless steel AISI 304 and connector for syringe polypropylene<\/li>\n<li>Sterilization : Sterilized with ethylene oxide<\/li>\n<li>Origin : Made in Japan<\/li>\n<\/ul>\n<h2>Delivery<\/h2>\n<ul>\n<li><strong>France :<\/strong> Direct delivery.<\/li>\n<li><strong>Export (Europe and Africa) :<\/strong> Quote.<\/li>\n<\/ul>","protected":false},"excerpt":{"rendered":"<ul>\n<li>Use : Needles designed for mesotherapy, ideal for accurate injection.<\/li>\n<li>Benefit : Very thin and pointed, to facilitate the penetration and reduce pain.<\/li>\n<li>Sterility : Each needle is sterile and packaged individually to ensure safety.<\/li>\n<li>Quality : Manufactured in AISI 304 stainless steel, ensuring durability and performance.<\/li>\n<\/ul>","protected":false},"featured_media":112211,"comment_status":"open","ping_status":"open","template":"","meta":{"inline_featured_image":false},"product_brand":[],"product_cat":[1201,1210],"product_tag":[],"class_list":{"0":"post-112210","1":"product","2":"type-product","3":"status-publish","4":"has-post-thumbnail","6":"product_cat-instruments-chirurgicaux","7":"product_cat-mesotherapie","9":"first","10":"instock","11":"sale","12":"taxable","13":"shipping-taxable","14":"purchasable","15":"product-type-simple"},"_links":{"self":[{"href":"https:\/\/nimedixmedical.com\/en\/wp-json\/wp\/v2\/product\/112210","targetHints":{"allow":["GET"]}}],"collection":[{"href":"https:\/\/nimedixmedical.com\/en\/wp-json\/wp\/v2\/product"}],"about":[{"href":"https:\/\/nimedixmedical.com\/en\/wp-json\/wp\/v2\/types\/product"}],"replies":[{"embeddable":true,"href":"https:\/\/nimedixmedical.com\/en\/wp-json\/wp\/v2\/comments?post=112210"}],"wp:featuredmedia":[{"embeddable":true,"href":"https:\/\/nimedixmedical.com\/en\/wp-json\/wp\/v2\/media\/112211"}],"wp:attachment":[{"href":"https:\/\/nimedixmedical.com\/en\/wp-json\/wp\/v2\/media?parent=112210"}],"wp:term":[{"taxonomy":"product_brand","embeddable":true,"href":"https:\/\/nimedixmedical.com\/en\/wp-json\/wp\/v2\/product_brand?post=112210"},{"taxonomy":"product_cat","embeddable":true,"href":"https:\/\/nimedixmedical.com\/en\/wp-json\/wp\/v2\/product_cat?post=112210"},{"taxonomy":"product_tag","embeddable":true,"href":"https:\/\/nimedixmedical.com\/en\/wp-json\/wp\/v2\/product_tag?post=112210"}],"curies":[{"name":"wp","href":"https:\/\/api.w.org\/{rel}","templated":true}]}}