{"id":111551,"date":"2025-11-30T21:34:07","date_gmt":"2025-11-30T20:34:07","guid":{"rendered":"https:\/\/nimedixmedical.com\/notre-catalogue\/sac-retangulaire-e3-rembourre-avec-fenetre-et-poigne-bleu\/"},"modified":"2026-01-12T15:34:59","modified_gmt":"2026-01-12T14:34:59","slug":"e3-padded-retangular-bag-with-window-and-blue-handle","status":"publish","type":"product","link":"https:\/\/nimedixmedical.com\/en\/our-catalog\/e3-padded-retangular-bag-with-window-and-blue-handle\/","title":{"rendered":"Sac Retangulaire E3 Rembourr\u00e9 avec Fen\u00eatre et Poign\u00e9 &#8211; Bleu"},"content":{"rendered":"<p>The bag rectangular E3 is designed to meet the needs of professionals in the medical sector. Its sturdy design and comfortable padding will ensure the effective protection of your instruments and supplies while on the go.<\/p>\n<h2>Features<\/h2>\n<ul>\n<li>Model : E3<\/li>\n<li>Dimensions : 28 x 15 x 11 cm<\/li>\n<li>Color : blue<\/li>\n<li>Material : 600D Polyester<\/li>\n<li>Closure : Wide velcro female in the rear<\/li>\n<\/ul>\n<h2>Delivery<\/h2>\n<ul>\n<li><strong>France :<\/strong> Direct delivery.<\/li>\n<li><strong>Export (Europe and Africa) :<\/strong> Quote.<\/li>\n<\/ul>","protected":false},"excerpt":{"rendered":"<ul>\n<li>Use : Ideal for the transport of medical instruments and supplies.<\/li>\n<li>Benefit : Padding for optimal protection of your equipment.<\/li>\n<li>Handy Window for quick identification of the contents.<\/li>\n<li>Sturdy : Made of 600D polyester for increased durability.<\/li>\n<\/ul>","protected":false},"featured_media":111552,"comment_status":"open","ping_status":"open","template":"","meta":{"inline_featured_image":false},"product_brand":[],"product_cat":[1194,1199],"product_tag":[],"class_list":{"0":"post-111551","1":"product","2":"type-product","3":"status-publish","4":"has-post-thumbnail","6":"product_cat-mallettes-medicales","7":"product_cat-pochettes-etuis-sacs-a-instruments","9":"first","10":"instock","11":"sale","12":"taxable","13":"shipping-taxable","14":"purchasable","15":"product-type-simple"},"_links":{"self":[{"href":"https:\/\/nimedixmedical.com\/en\/wp-json\/wp\/v2\/product\/111551","targetHints":{"allow":["GET"]}}],"collection":[{"href":"https:\/\/nimedixmedical.com\/en\/wp-json\/wp\/v2\/product"}],"about":[{"href":"https:\/\/nimedixmedical.com\/en\/wp-json\/wp\/v2\/types\/product"}],"replies":[{"embeddable":true,"href":"https:\/\/nimedixmedical.com\/en\/wp-json\/wp\/v2\/comments?post=111551"}],"wp:featuredmedia":[{"embeddable":true,"href":"https:\/\/nimedixmedical.com\/en\/wp-json\/wp\/v2\/media\/111552"}],"wp:attachment":[{"href":"https:\/\/nimedixmedical.com\/en\/wp-json\/wp\/v2\/media?parent=111551"}],"wp:term":[{"taxonomy":"product_brand","embeddable":true,"href":"https:\/\/nimedixmedical.com\/en\/wp-json\/wp\/v2\/product_brand?post=111551"},{"taxonomy":"product_cat","embeddable":true,"href":"https:\/\/nimedixmedical.com\/en\/wp-json\/wp\/v2\/product_cat?post=111551"},{"taxonomy":"product_tag","embeddable":true,"href":"https:\/\/nimedixmedical.com\/en\/wp-json\/wp\/v2\/product_tag?post=111551"}],"curies":[{"name":"wp","href":"https:\/\/api.w.org\/{rel}","templated":true}]}}