{"id":111518,"date":"2025-11-30T21:33:01","date_gmt":"2025-11-30T20:33:01","guid":{"rendered":"https:\/\/nimedixmedical.com\/notre-catalogue\/element-refrigerant-pour-sac-isotherme\/"},"modified":"2026-01-12T15:34:50","modified_gmt":"2026-01-12T14:34:50","slug":"cooling-element-for-cooler-bag","status":"publish","type":"product","link":"https:\/\/nimedixmedical.com\/en\/our-catalog\/cooling-element-for-cooler-bag\/","title":{"rendered":"\u00c9l\u00e9ment R\u00e9frig\u00e9rant pour Sac Isotherme"},"content":{"rendered":"<p>The elements refrigerants for insulated bags are essential to ensure the optimal preservation of medicines and other temperature sensitive products. Ideal for health professionals and individuals, they provide an efficient protection during transport.<\/p>\n<h2>Features<\/h2>\n<ul>\n<li>Suitable size for easy placement in insulated bags.<\/li>\n<li>Design sealed to prevent leaks.<\/li>\n<li>Reusable after freezing, offering an economical solution.<\/li>\n<li>Compatible with all types of insulated bags.<\/li>\n<\/ul>\n<h2>Delivery<\/h2>\n<ul>\n<li><strong>France :<\/strong> Direct delivery.<\/li>\n<li><strong>Export (Europe and Africa) :<\/strong> Quote.<\/li>\n<\/ul>","protected":false},"excerpt":{"rendered":"<ul>\n<li>Ideal for maintaining the temperature of the medication and sensitive products.<\/li>\n<li>Easy to use, fits easily in insulated bags.<\/li>\n<li>Reusable and durable, designed for prolonged use.<\/li>\n<li>Sold per box of 2, convenient for frequent travel.<\/li>\n<\/ul>","protected":false},"featured_media":111519,"comment_status":"open","ping_status":"open","template":"","meta":{"inline_featured_image":false},"product_brand":[],"product_cat":[1194,1198],"product_tag":[],"class_list":{"0":"post-111518","1":"product","2":"type-product","3":"status-publish","4":"has-post-thumbnail","6":"product_cat-mallettes-medicales","7":"product_cat-sac-isotherme-etui-thermique-et-glacieres","9":"first","10":"instock","11":"sale","12":"taxable","13":"shipping-taxable","14":"purchasable","15":"product-type-simple"},"_links":{"self":[{"href":"https:\/\/nimedixmedical.com\/en\/wp-json\/wp\/v2\/product\/111518","targetHints":{"allow":["GET"]}}],"collection":[{"href":"https:\/\/nimedixmedical.com\/en\/wp-json\/wp\/v2\/product"}],"about":[{"href":"https:\/\/nimedixmedical.com\/en\/wp-json\/wp\/v2\/types\/product"}],"replies":[{"embeddable":true,"href":"https:\/\/nimedixmedical.com\/en\/wp-json\/wp\/v2\/comments?post=111518"}],"wp:featuredmedia":[{"embeddable":true,"href":"https:\/\/nimedixmedical.com\/en\/wp-json\/wp\/v2\/media\/111519"}],"wp:attachment":[{"href":"https:\/\/nimedixmedical.com\/en\/wp-json\/wp\/v2\/media?parent=111518"}],"wp:term":[{"taxonomy":"product_brand","embeddable":true,"href":"https:\/\/nimedixmedical.com\/en\/wp-json\/wp\/v2\/product_brand?post=111518"},{"taxonomy":"product_cat","embeddable":true,"href":"https:\/\/nimedixmedical.com\/en\/wp-json\/wp\/v2\/product_cat?post=111518"},{"taxonomy":"product_tag","embeddable":true,"href":"https:\/\/nimedixmedical.com\/en\/wp-json\/wp\/v2\/product_tag?post=111518"}],"curies":[{"name":"wp","href":"https:\/\/api.w.org\/{rel}","templated":true}]}}