{"id":110973,"date":"2025-11-30T21:24:52","date_gmt":"2025-11-30T20:24:52","guid":{"rendered":"https:\/\/nimedixmedical.com\/notre-catalogue\/pese-personne-professionnel-a-leviers-wunder-c201-200-kg-avec-stadiometre-classe-iii-personnalise\/"},"modified":"2026-01-12T15:32:58","modified_gmt":"2026-01-12T14:32:58","slug":"wunder-c201-200-kg-professional-lever-scale-with-customized-class-iii-stadiometer","status":"publish","type":"product","link":"https:\/\/nimedixmedical.com\/en\/our-catalog\/wunder-c201-200-kg-professional-lever-scale-with-customized-class-iii-stadiometer\/","title":{"rendered":"P\u00e8se-personne Professionnel \u00c0 Leviers Wunder C201 200 kg avec Stadiom\u00e8tre &#8211; Classe Iii &#8211; Personnalis\u00e9"},"content":{"rendered":"<p>The scales professional levers WUNDER C201 is designed to provide a solution for reliable and accurate in the medical field. Its robustness and ease of use make it an indispensable tool for health professionals.<\/p>\n<h2>Features<\/h2>\n<ul>\n<li>Maximum capacity : 200 kg with an accuracy of 100 g.<\/li>\n<li>Stadiometer telescopic integrated, measuring from 60 to 212 cm.<\/li>\n<li>Structure in painted metal shelf with rubber for a better grip.<\/li>\n<li>Equipped with levers made of cast iron and a pulling rod balance non-automatic.<\/li>\n<li>Dimensions of the tray : 275x375xh 115 mm, column height : 1 200 mm.<\/li>\n<li>Total Dimensions : 420x570xh 1500 mm, weight : 15 kg.<\/li>\n<li>Customizable Options : the unit of measure kg\/lb and calibration suitable.<\/li>\n<li>Certified MDR for a use consistent with safety standards.<\/li>\n<\/ul>\n<h2>Delivery<\/h2>\n<ul>\n<li><strong>France :<\/strong> Direct delivery.<\/li>\n<li><strong>Export (Europe and Africa) :<\/strong> Quote.<\/li>\n<\/ul>","protected":false},"excerpt":{"rendered":"<ul>\n<li>Use : scales professional levers, ideal for health care facilities.<\/li>\n<li>Earnings : measurement Accuracy of 100 g for a follow-up medical rigorous.<\/li>\n<li>Customization : Options of calibration and measurement unit adapted to specific needs.<\/li>\n<li>Easy carry : Equipped with wheels and stadiometer extendable for a practical use.<\/li>\n<\/ul>","protected":false},"featured_media":110974,"comment_status":"open","ping_status":"open","template":"","meta":{"inline_featured_image":false},"product_brand":[],"product_cat":[1182,1185,1186],"product_tag":[],"class_list":{"0":"post-110973","1":"product","2":"type-product","3":"status-publish","4":"has-post-thumbnail","6":"product_cat-balances-et-compteurs","7":"product_cat-balances-medicales-pour-adultes","8":"product_cat-balances-plate-forme-mecaniques","10":"first","11":"outofstock","12":"sale","13":"taxable","14":"shipping-taxable","15":"purchasable","16":"product-type-simple"},"_links":{"self":[{"href":"https:\/\/nimedixmedical.com\/en\/wp-json\/wp\/v2\/product\/110973","targetHints":{"allow":["GET"]}}],"collection":[{"href":"https:\/\/nimedixmedical.com\/en\/wp-json\/wp\/v2\/product"}],"about":[{"href":"https:\/\/nimedixmedical.com\/en\/wp-json\/wp\/v2\/types\/product"}],"replies":[{"embeddable":true,"href":"https:\/\/nimedixmedical.com\/en\/wp-json\/wp\/v2\/comments?post=110973"}],"wp:featuredmedia":[{"embeddable":true,"href":"https:\/\/nimedixmedical.com\/en\/wp-json\/wp\/v2\/media\/110974"}],"wp:attachment":[{"href":"https:\/\/nimedixmedical.com\/en\/wp-json\/wp\/v2\/media?parent=110973"}],"wp:term":[{"taxonomy":"product_brand","embeddable":true,"href":"https:\/\/nimedixmedical.com\/en\/wp-json\/wp\/v2\/product_brand?post=110973"},{"taxonomy":"product_cat","embeddable":true,"href":"https:\/\/nimedixmedical.com\/en\/wp-json\/wp\/v2\/product_cat?post=110973"},{"taxonomy":"product_tag","embeddable":true,"href":"https:\/\/nimedixmedical.com\/en\/wp-json\/wp\/v2\/product_tag?post=110973"}],"curies":[{"name":"wp","href":"https:\/\/api.w.org\/{rel}","templated":true}]}}