{"id":110848,"date":"2025-11-30T21:23:08","date_gmt":"2025-11-30T20:23:08","guid":{"rendered":"https:\/\/nimedixmedical.com\/notre-catalogue\/bouillotte-standard-bleue\/"},"modified":"2026-01-12T15:32:28","modified_gmt":"2026-01-12T14:32:28","slug":"bouillotte-standard-bleue","status":"publish","type":"product","link":"https:\/\/nimedixmedical.com\/en\/our-catalog\/bouillotte-standard-bleue\/","title":{"rendered":"Bouillotte Standard &#8211; Bleue"},"content":{"rendered":"<p>La bouillotte standard bleue de 2 litres est un accessoire indispensable pour les soins \u00e0 domicile. Elle est con\u00e7ue pour apporter chaleur et confort, id\u00e9ale pour les personnes \u00e2g\u00e9es ou en situation de handicap, tout en respectant les normes de s\u00e9curit\u00e9 en vigueur.<\/p>\n<h2>Features<\/h2>\n<ul>\n<li>Capacit\u00e9 : 2 000 cc pour un maximum de chaleur.<\/li>\n<li>Mat\u00e9riaux : Fabriqu\u00e9e \u00e0 55% en caoutchouc, garantissant durabilit\u00e9 et souplesse.<\/li>\n<li>Design : Nervur\u00e9e des deux c\u00f4t\u00e9s pour une meilleure prise en main.<\/li>\n<li>Conditionnement : Livr\u00e9e sous sac en plastique avec mode d&#8217;emploi multilingue (GB, FR, IT, DE, ES, PT, GR).<\/li>\n<\/ul>\n<h2>Delivery<\/h2>\n<ul>\n<li><strong>France :<\/strong> Direct delivery.<\/li>\n<li><strong>Export (Europe and Africa) :<\/strong> Quote.<\/li>\n<\/ul>","protected":false},"excerpt":{"rendered":"<ul>\n<li>Usage : Id\u00e9ale pour soulager les douleurs musculaires et articulaires.<\/li>\n<li>B\u00e9n\u00e9fice : Sa capacit\u00e9 de 2 litres permet de rester au chaud longtemps.<\/li>\n<li>Normes : Conforme aux normes britanniques pour une s\u00e9curit\u00e9 optimale.<\/li>\n<li>Pratique : Conditionn\u00e9e avec un mode d\u2019emploi multilingue pour une utilisation facile.<\/li>\n<\/ul>","protected":false},"featured_media":110849,"comment_status":"open","ping_status":"open","template":"","meta":{"inline_featured_image":false},"product_brand":[],"product_cat":[1166,1181],"product_tag":[],"class_list":{"0":"post-110848","1":"product","2":"type-product","3":"status-publish","4":"has-post-thumbnail","6":"product_cat-aide-de-patients","7":"product_cat-aides-pour-les-handicapes-et-les-personnes-agees","9":"first","10":"instock","11":"sale","12":"taxable","13":"shipping-taxable","14":"purchasable","15":"product-type-simple"},"_links":{"self":[{"href":"https:\/\/nimedixmedical.com\/en\/wp-json\/wp\/v2\/product\/110848","targetHints":{"allow":["GET"]}}],"collection":[{"href":"https:\/\/nimedixmedical.com\/en\/wp-json\/wp\/v2\/product"}],"about":[{"href":"https:\/\/nimedixmedical.com\/en\/wp-json\/wp\/v2\/types\/product"}],"replies":[{"embeddable":true,"href":"https:\/\/nimedixmedical.com\/en\/wp-json\/wp\/v2\/comments?post=110848"}],"wp:featuredmedia":[{"embeddable":true,"href":"https:\/\/nimedixmedical.com\/en\/wp-json\/wp\/v2\/media\/110849"}],"wp:attachment":[{"href":"https:\/\/nimedixmedical.com\/en\/wp-json\/wp\/v2\/media?parent=110848"}],"wp:term":[{"taxonomy":"product_brand","embeddable":true,"href":"https:\/\/nimedixmedical.com\/en\/wp-json\/wp\/v2\/product_brand?post=110848"},{"taxonomy":"product_cat","embeddable":true,"href":"https:\/\/nimedixmedical.com\/en\/wp-json\/wp\/v2\/product_cat?post=110848"},{"taxonomy":"product_tag","embeddable":true,"href":"https:\/\/nimedixmedical.com\/en\/wp-json\/wp\/v2\/product_tag?post=110848"}],"curies":[{"name":"wp","href":"https:\/\/api.w.org\/{rel}","templated":true}]}}