{"id":110836,"date":"2025-11-30T21:23:08","date_gmt":"2025-11-30T20:23:08","guid":{"rendered":"https:\/\/nimedixmedical.com\/notre-catalogue\/coussin-bouee-diam-40-cm\/"},"modified":"2026-01-12T15:32:24","modified_gmt":"2026-01-12T14:32:24","slug":"coussin-bouee-diam-40-cm","status":"publish","type":"product","link":"https:\/\/nimedixmedical.com\/en\/our-catalog\/coussin-bouee-diam-40-cm\/","title":{"rendered":"Buoy cushion Diam. 40 cm"},"content":{"rendered":"<p>Le coussin bou\u00e9e de diam\u00e8tre 40 cm est un accessoire m\u00e9dical con\u00e7u pour apporter confort et soutien aux patients, notamment ceux ayant des besoins sp\u00e9cifiques en mati\u00e8re de positionnement. Sa conception en caoutchouc assure une utilisation durable et efficace.<\/p>\n<h2>Features<\/h2>\n<ul>\n<li>Diam\u00e8tre : 40 cm<\/li>\n<li>Circonf\u00e9rence interne : 14 cm<\/li>\n<li>Material : high quality Rubber<\/li>\n<li>Usage : Aide au confort des personnes \u00e2g\u00e9es et handicap\u00e9es<\/li>\n<\/ul>\n<h2>Delivery<\/h2>\n<ul>\n<li><strong>France :<\/strong> Direct delivery.<\/li>\n<li><strong>Export (Europe and Africa) :<\/strong> Quote.<\/li>\n<\/ul>","protected":false},"excerpt":{"rendered":"<ul>\n<li>Usage : Id\u00e9al pour le soutien et le confort des patients en position assise.<\/li>\n<li>B\u00e9n\u00e9fice : Aide \u00e0 r\u00e9duire la pression sur les zones sensibles, offrant ainsi un meilleur confort.<\/li>\n<li>Material: Made of quality rubber for optimum durability.<\/li>\n<li>Dimensions : Diam\u00e8tre de 40 cm avec une circonf\u00e9rence interne de 14 cm, s&#8217;adaptant \u00e0 divers besoins.<\/li>\n<\/ul>","protected":false},"featured_media":110837,"comment_status":"open","ping_status":"open","template":"","meta":{"inline_featured_image":false},"product_brand":[],"product_cat":[1166,1181],"product_tag":[],"class_list":{"0":"post-110836","1":"product","2":"type-product","3":"status-publish","4":"has-post-thumbnail","6":"product_cat-aide-de-patients","7":"product_cat-aides-pour-les-handicapes-et-les-personnes-agees","9":"first","10":"instock","11":"sale","12":"taxable","13":"shipping-taxable","14":"purchasable","15":"product-type-simple"},"_links":{"self":[{"href":"https:\/\/nimedixmedical.com\/en\/wp-json\/wp\/v2\/product\/110836","targetHints":{"allow":["GET"]}}],"collection":[{"href":"https:\/\/nimedixmedical.com\/en\/wp-json\/wp\/v2\/product"}],"about":[{"href":"https:\/\/nimedixmedical.com\/en\/wp-json\/wp\/v2\/types\/product"}],"replies":[{"embeddable":true,"href":"https:\/\/nimedixmedical.com\/en\/wp-json\/wp\/v2\/comments?post=110836"}],"wp:featuredmedia":[{"embeddable":true,"href":"https:\/\/nimedixmedical.com\/en\/wp-json\/wp\/v2\/media\/110837"}],"wp:attachment":[{"href":"https:\/\/nimedixmedical.com\/en\/wp-json\/wp\/v2\/media?parent=110836"}],"wp:term":[{"taxonomy":"product_brand","embeddable":true,"href":"https:\/\/nimedixmedical.com\/en\/wp-json\/wp\/v2\/product_brand?post=110836"},{"taxonomy":"product_cat","embeddable":true,"href":"https:\/\/nimedixmedical.com\/en\/wp-json\/wp\/v2\/product_cat?post=110836"},{"taxonomy":"product_tag","embeddable":true,"href":"https:\/\/nimedixmedical.com\/en\/wp-json\/wp\/v2\/product_tag?post=110836"}],"curies":[{"name":"wp","href":"https:\/\/api.w.org\/{rel}","templated":true}]}}