{"id":110776,"date":"2025-11-30T21:22:15","date_gmt":"2025-11-30T20:22:15","guid":{"rendered":"https:\/\/nimedixmedical.com\/notre-catalogue\/assiette-a-bord-interne\/"},"modified":"2026-01-12T15:32:10","modified_gmt":"2026-01-12T14:32:10","slug":"assiette-a-bord-interne","status":"publish","type":"product","link":"https:\/\/nimedixmedical.com\/en\/our-catalog\/assiette-a-bord-interne\/","title":{"rendered":"Internal Rim Plate"},"content":{"rendered":"<p>L&#8217;assiette \u00e0 bord interne est con\u00e7ue pour les personnes ayant des difficult\u00e9s \u00e0 manger en raison de handicaps ou d&#8217;un \u00e2ge avanc\u00e9. Gr\u00e2ce \u00e0 son bord \u00e9lev\u00e9, elle permet de conserver les aliments \u00e0 l&#8217;int\u00e9rieur de l&#8217;assiette, r\u00e9duisant ainsi les risques de d\u00e9versement et facilitant le repas.<\/p>\n<h2>Features<\/h2>\n<ul>\n<li>Bord \u00e9lev\u00e9 tout autour pour pr\u00e9venir le d\u00e9versement<\/li>\n<li>Plastique transparent et durable, id\u00e9al pour un usage quotidien<\/li>\n<li>Compatible lave-vaisselle et micro-ondes pour un nettoyage facile<\/li>\n<li>Dimensions : diam\u00e8tre de 22,8 cm et profondeur de 1,2 cm<\/li>\n<\/ul>\n<h2>Delivery<\/h2>\n<ul>\n<li><strong>France :<\/strong> Direct delivery.<\/li>\n<li><strong>Export (Europe and Africa) :<\/strong> Quote.<\/li>\n<\/ul>","protected":false},"excerpt":{"rendered":"<ul>\n<li>Bord \u00e9lev\u00e9 pour \u00e9viter le d\u00e9versement des aliments<\/li>\n<li>Facilite la prise des aliments avec une fourchette ou une cuill\u00e8re<\/li>\n<li>Fabriqu\u00e9 en plastique transparent durable, compatible avec le lave-vaisselle et le micro-ondes<\/li>\n<li>Dimensions optimales : diam\u00e8tre de 22,8 cm et profondeur de 1,2 cm<\/li>\n<\/ul>","protected":false},"featured_media":110777,"comment_status":"open","ping_status":"open","template":"","meta":{"inline_featured_image":false},"product_brand":[],"product_cat":[1166,1181],"product_tag":[],"class_list":{"0":"post-110776","1":"product","2":"type-product","3":"status-publish","4":"has-post-thumbnail","6":"product_cat-aide-de-patients","7":"product_cat-aides-pour-les-handicapes-et-les-personnes-agees","9":"first","10":"instock","11":"sale","12":"taxable","13":"shipping-taxable","14":"purchasable","15":"product-type-simple"},"_links":{"self":[{"href":"https:\/\/nimedixmedical.com\/en\/wp-json\/wp\/v2\/product\/110776","targetHints":{"allow":["GET"]}}],"collection":[{"href":"https:\/\/nimedixmedical.com\/en\/wp-json\/wp\/v2\/product"}],"about":[{"href":"https:\/\/nimedixmedical.com\/en\/wp-json\/wp\/v2\/types\/product"}],"replies":[{"embeddable":true,"href":"https:\/\/nimedixmedical.com\/en\/wp-json\/wp\/v2\/comments?post=110776"}],"wp:featuredmedia":[{"embeddable":true,"href":"https:\/\/nimedixmedical.com\/en\/wp-json\/wp\/v2\/media\/110777"}],"wp:attachment":[{"href":"https:\/\/nimedixmedical.com\/en\/wp-json\/wp\/v2\/media?parent=110776"}],"wp:term":[{"taxonomy":"product_brand","embeddable":true,"href":"https:\/\/nimedixmedical.com\/en\/wp-json\/wp\/v2\/product_brand?post=110776"},{"taxonomy":"product_cat","embeddable":true,"href":"https:\/\/nimedixmedical.com\/en\/wp-json\/wp\/v2\/product_cat?post=110776"},{"taxonomy":"product_tag","embeddable":true,"href":"https:\/\/nimedixmedical.com\/en\/wp-json\/wp\/v2\/product_tag?post=110776"}],"curies":[{"name":"wp","href":"https:\/\/api.w.org\/{rel}","templated":true}]}}