{"id":110716,"date":"2025-11-30T21:20:57","date_gmt":"2025-11-30T20:20:57","guid":{"rendered":"https:\/\/nimedixmedical.com\/notre-catalogue\/siege-de-toilette-sureleve-souple-contact-plus-avec-couvercle\/"},"modified":"2026-01-12T15:31:53","modified_gmt":"2026-01-12T14:31:53","slug":"siege-de-toilette-sureleve-souple-contact-plus-avec-couvercle","status":"publish","type":"product","link":"https:\/\/nimedixmedical.com\/en\/our-catalog\/siege-de-toilette-sureleve-souple-contact-plus-avec-couvercle\/","title":{"rendered":"Si\u00e8ge de Toilette Sur\u00e9lev\u00e9 Souple Contact Plus &#8211; avec Couvercle"},"content":{"rendered":"<p>The raised toilet seat soft Touch Plus is designed to improve the autonomy of people with reduced mobility. Made in France, this booster seat toilet offers both comfort and security, thus facilitating the daily use of the toilet.<\/p>\n<h2>Features<\/h2>\n<ul>\n<li>High density foam for optimal comfort.<\/li>\n<li>Skin PVC, waterproof, easy to clean.<\/li>\n<li>Increases the height of 11 cm (4.3 inches) for easy access.<\/li>\n<li>External Dimensions : 37 x 41 x h 16 cm.<\/li>\n<li>Interior Dimensions : 21 x 26 x h 16 cm.<\/li>\n<li>Load capacity : tested up to 185 kg (407 lb).<\/li>\n<\/ul>\n<h2>Delivery<\/h2>\n<ul>\n<li><strong>France :<\/strong> Direct delivery.<\/li>\n<li><strong>Export (Europe and Africa) :<\/strong> Quote.<\/li>\n<\/ul>","protected":false},"excerpt":{"rendered":"<ul>\n<li>Use : raised toilet Seat for easier access for the elderly or people with reduced mobility.<\/li>\n<li>Benefit : optimum Comfort thanks to its high density foam and ergonomic design.<\/li>\n<li>Secure : adapts to all the toilet bowls in a stable and safe.<\/li>\n<li>Ability : is able to Withstand a maximum weight of 185 kg (407 lb).<\/li>\n<\/ul>","protected":false},"featured_media":110717,"comment_status":"open","ping_status":"open","template":"","meta":{"inline_featured_image":false},"product_brand":[],"product_cat":[1166,1180],"product_tag":[],"class_list":{"0":"post-110716","1":"product","2":"type-product","3":"status-publish","4":"has-post-thumbnail","6":"product_cat-aide-de-patients","7":"product_cat-aides-salle-de-bains-pour-les-handicapes-et-les-personnes-agees","9":"first","10":"instock","11":"sale","12":"taxable","13":"shipping-taxable","14":"purchasable","15":"product-type-simple"},"_links":{"self":[{"href":"https:\/\/nimedixmedical.com\/en\/wp-json\/wp\/v2\/product\/110716","targetHints":{"allow":["GET"]}}],"collection":[{"href":"https:\/\/nimedixmedical.com\/en\/wp-json\/wp\/v2\/product"}],"about":[{"href":"https:\/\/nimedixmedical.com\/en\/wp-json\/wp\/v2\/types\/product"}],"replies":[{"embeddable":true,"href":"https:\/\/nimedixmedical.com\/en\/wp-json\/wp\/v2\/comments?post=110716"}],"wp:featuredmedia":[{"embeddable":true,"href":"https:\/\/nimedixmedical.com\/en\/wp-json\/wp\/v2\/media\/110717"}],"wp:attachment":[{"href":"https:\/\/nimedixmedical.com\/en\/wp-json\/wp\/v2\/media?parent=110716"}],"wp:term":[{"taxonomy":"product_brand","embeddable":true,"href":"https:\/\/nimedixmedical.com\/en\/wp-json\/wp\/v2\/product_brand?post=110716"},{"taxonomy":"product_cat","embeddable":true,"href":"https:\/\/nimedixmedical.com\/en\/wp-json\/wp\/v2\/product_cat?post=110716"},{"taxonomy":"product_tag","embeddable":true,"href":"https:\/\/nimedixmedical.com\/en\/wp-json\/wp\/v2\/product_tag?post=110716"}],"curies":[{"name":"wp","href":"https:\/\/api.w.org\/{rel}","templated":true}]}}