{"id":110713,"date":"2025-11-30T21:20:57","date_gmt":"2025-11-30T20:20:57","guid":{"rendered":"https:\/\/nimedixmedical.com\/notre-catalogue\/siege-de-toilette-sureleve-avec-accoudoir-fixes-h-125-cm\/"},"modified":"2026-01-12T15:31:52","modified_gmt":"2026-01-12T14:31:52","slug":"siege-de-toilette-sureleve-avec-accoudoir-fixes-h-125-cm","status":"publish","type":"product","link":"https:\/\/nimedixmedical.com\/en\/our-catalog\/siege-de-toilette-sureleve-avec-accoudoir-fixes-h-125-cm\/","title":{"rendered":"Si\u00e8ge de Toilette Sur\u00e9lev\u00e9 avec Accoudoir Fixes &#8211; H 12,5 cm"},"content":{"rendered":"<p>The raised toilet seat is designed to improve the self-reliance of the elderly or disabled during use of the toilet. Its ergonomic design and its fixed armrests provide essential support, facilitating the movements safely.<\/p>\n<h2>Features<\/h2>\n<ul>\n<li>Height : 12.5 cm for easy access.<\/li>\n<li>System of fastening screw from the front for a stable installation.<\/li>\n<li>Fixed armrests made of anodized aluminum, strong and durable.<\/li>\n<li>Maximum load capacity : 130 kg.<\/li>\n<li>Package Dimensions : 410 x 165 x 468 mm.<\/li>\n<li>Instructions in several languages : GB, IT, FR, ES, DE, GR.<\/li>\n<li>Made in Italy, guarantee of quality.<\/li>\n<\/ul>\n<h2>Delivery<\/h2>\n<ul>\n<li><strong>France :<\/strong> Direct delivery.<\/li>\n<li><strong>Export (Europe and Africa) :<\/strong> Quote.<\/li>\n<\/ul>","protected":false},"excerpt":{"rendered":"<ul>\n<li>Easy access to toilet facilities for people with reduced mobility.<\/li>\n<li>Fixed armrests, anodized aluminum for extra support.<\/li>\n<li>Height of 12.5 cm for a climb and the descent easier.<\/li>\n<li>Maximum load capacity of 130 kg, guaranteeing robustness and security.<\/li>\n<\/ul>","protected":false},"featured_media":110714,"comment_status":"open","ping_status":"open","template":"","meta":{"inline_featured_image":false},"product_brand":[],"product_cat":[1166,1180],"product_tag":[],"class_list":{"0":"post-110713","1":"product","2":"type-product","3":"status-publish","4":"has-post-thumbnail","6":"product_cat-aide-de-patients","7":"product_cat-aides-salle-de-bains-pour-les-handicapes-et-les-personnes-agees","9":"first","10":"instock","11":"sale","12":"taxable","13":"shipping-taxable","14":"purchasable","15":"product-type-simple"},"_links":{"self":[{"href":"https:\/\/nimedixmedical.com\/en\/wp-json\/wp\/v2\/product\/110713","targetHints":{"allow":["GET"]}}],"collection":[{"href":"https:\/\/nimedixmedical.com\/en\/wp-json\/wp\/v2\/product"}],"about":[{"href":"https:\/\/nimedixmedical.com\/en\/wp-json\/wp\/v2\/types\/product"}],"replies":[{"embeddable":true,"href":"https:\/\/nimedixmedical.com\/en\/wp-json\/wp\/v2\/comments?post=110713"}],"wp:featuredmedia":[{"embeddable":true,"href":"https:\/\/nimedixmedical.com\/en\/wp-json\/wp\/v2\/media\/110714"}],"wp:attachment":[{"href":"https:\/\/nimedixmedical.com\/en\/wp-json\/wp\/v2\/media?parent=110713"}],"wp:term":[{"taxonomy":"product_brand","embeddable":true,"href":"https:\/\/nimedixmedical.com\/en\/wp-json\/wp\/v2\/product_brand?post=110713"},{"taxonomy":"product_cat","embeddable":true,"href":"https:\/\/nimedixmedical.com\/en\/wp-json\/wp\/v2\/product_cat?post=110713"},{"taxonomy":"product_tag","embeddable":true,"href":"https:\/\/nimedixmedical.com\/en\/wp-json\/wp\/v2\/product_tag?post=110713"}],"curies":[{"name":"wp","href":"https:\/\/api.w.org\/{rel}","templated":true}]}}