{"id":110704,"date":"2025-11-30T21:20:57","date_gmt":"2025-11-30T20:20:57","guid":{"rendered":"https:\/\/nimedixmedical.com\/notre-catalogue\/siege-de-toilette-sureleve-clipper-h-11-cm\/"},"modified":"2026-01-12T15:31:50","modified_gmt":"2026-01-12T14:31:50","slug":"siege-de-toilette-sureleve-clipper-h-11-cm","status":"publish","type":"product","link":"https:\/\/nimedixmedical.com\/en\/our-catalog\/siege-de-toilette-sureleve-clipper-h-11-cm\/","title":{"rendered":"Si\u00e8ge de Toilette Sur\u00e9lev\u00e9 Clipper &#8211; H 11 cm"},"content":{"rendered":"<p>The raised toilet seat Clipper is designed to improve the comfort and independence of the elderly or people with reduced mobility. With a height of 11 cm, it allows easy access to the toilet, thereby reducing the risk of falls.<\/p>\n<h2>Features<\/h2>\n<ul>\n<li>Height : 11 cm for easy access.<\/li>\n<li>Material : Made of injected plastic, offering durability and lightness.<\/li>\n<li>Fastening system : 4 clamps ensure a secure and safe on all models of the TOILET.<\/li>\n<li>Load capacity : Supports up to 185 kg (407 lb), suitable for a wide variety of users.<\/li>\n<li>Origin : Made in France, guaranteeing a quality product that high.<\/li>\n<\/ul>\n<h2>Delivery<\/h2>\n<ul>\n<li><strong>France :<\/strong> Direct delivery.<\/li>\n<li><strong>Export (Europe and Africa) :<\/strong> Quote.<\/li>\n<\/ul>","protected":false},"excerpt":{"rendered":"<ul>\n<li>Use : raised toilet Seat for optimal comfort during natural needs.<\/li>\n<li>Benefit : easy access to the toilet for the elderly or people with reduced mobility.<\/li>\n<li>Robustness : maximum Load of 185 kg, ensuring security and stability.<\/li>\n<li>Installation : adapts easily to the TOILET thanks to its 4 securing clips.<\/li>\n<\/ul>","protected":false},"featured_media":110705,"comment_status":"open","ping_status":"open","template":"","meta":{"inline_featured_image":false},"product_brand":[],"product_cat":[1166,1180],"product_tag":[],"class_list":{"0":"post-110704","1":"product","2":"type-product","3":"status-publish","4":"has-post-thumbnail","6":"product_cat-aide-de-patients","7":"product_cat-aides-salle-de-bains-pour-les-handicapes-et-les-personnes-agees","9":"first","10":"instock","11":"sale","12":"taxable","13":"shipping-taxable","14":"purchasable","15":"product-type-simple"},"_links":{"self":[{"href":"https:\/\/nimedixmedical.com\/en\/wp-json\/wp\/v2\/product\/110704","targetHints":{"allow":["GET"]}}],"collection":[{"href":"https:\/\/nimedixmedical.com\/en\/wp-json\/wp\/v2\/product"}],"about":[{"href":"https:\/\/nimedixmedical.com\/en\/wp-json\/wp\/v2\/types\/product"}],"replies":[{"embeddable":true,"href":"https:\/\/nimedixmedical.com\/en\/wp-json\/wp\/v2\/comments?post=110704"}],"wp:featuredmedia":[{"embeddable":true,"href":"https:\/\/nimedixmedical.com\/en\/wp-json\/wp\/v2\/media\/110705"}],"wp:attachment":[{"href":"https:\/\/nimedixmedical.com\/en\/wp-json\/wp\/v2\/media?parent=110704"}],"wp:term":[{"taxonomy":"product_brand","embeddable":true,"href":"https:\/\/nimedixmedical.com\/en\/wp-json\/wp\/v2\/product_brand?post=110704"},{"taxonomy":"product_cat","embeddable":true,"href":"https:\/\/nimedixmedical.com\/en\/wp-json\/wp\/v2\/product_cat?post=110704"},{"taxonomy":"product_tag","embeddable":true,"href":"https:\/\/nimedixmedical.com\/en\/wp-json\/wp\/v2\/product_tag?post=110704"}],"curies":[{"name":"wp","href":"https:\/\/api.w.org\/{rel}","templated":true}]}}