{"id":110110,"date":"2025-11-30T21:12:34","date_gmt":"2025-11-30T20:12:34","guid":{"rendered":"https:\/\/nimedixmedical.com\/notre-catalogue\/leve-patient-electrique-en-aluminium-charge-150-kg\/"},"modified":"2026-01-12T15:29:49","modified_gmt":"2026-01-12T14:29:49","slug":"leve-patient-electrique-en-aluminium-charge-150-kg","status":"publish","type":"product","link":"https:\/\/nimedixmedical.com\/en\/our-catalog\/leve-patient-electrique-en-aluminium-charge-150-kg\/","title":{"rendered":"L\u00e8ve-patient \u00c9lectrique en Aluminium &#8211; Charge 150 kg"},"content":{"rendered":"<p>Le l\u00e8ve-patient \u00e9lectrique en aluminium est un dispositif essentiel dans le domaine m\u00e9dical, facilitant le transfert s\u00e9curis\u00e9 des patients. Con\u00e7u pour un usage professionnel ou \u00e0 domicile, il allie robustesse, s\u00e9curit\u00e9 et praticit\u00e9.<\/p>\n<h2>Features<\/h2>\n<ul>\n<li>Aluminum frame is lightweight and durable<\/li>\n<li>Maximum load capacity : 150 kg<\/li>\n<li>Dimensions : Longueur totale de 1180 mm, largeur totale de 710 mm, pli\u00e9 : 1310x710xh 335 mm<\/li>\n<li>Hauteur bras r\u00e9glable de 0 \u00e0 1610 mm<\/li>\n<li>Roues de \u00d8 7,5 cm, avec frein \u00e0 l&#8217;arri\u00e8re<\/li>\n<li>Commande manuelle des fonctions et bouton d\u2019arr\u00eat d\u2019urgence<\/li>\n<li>Harnais inclus (r\u00e9f\u00e9rence : 43464)<\/li>\n<li>Mode d\u2019emploi disponible en plusieurs langues : GB, FR, IT, ES, PT, SE, HR, RO<\/li>\n<li>Alimentation : 220 V &#8211; 50 Hz<\/li>\n<\/ul>\n<h2>Delivery<\/h2>\n<ul>\n<li><strong>France :<\/strong> Direct delivery.<\/li>\n<li><strong>Export (Europe and Africa) :<\/strong> Quote.<\/li>\n<\/ul>","protected":false},"excerpt":{"rendered":"<ul>\n<li>Usage : L\u00e8ve-patient \u00e9lectrique con\u00e7u pour faciliter le transfert et la manutention des patients pesant jusqu&#8217;\u00e0 150 kg.<\/li>\n<li>B\u00e9n\u00e9fice : Structure en aluminium pliable pour un rangement et transport ais\u00e9s, id\u00e9al pour les professionnels de sant\u00e9 et les soins \u00e0 domicile.<\/li>\n<li>S\u00e9curit\u00e9 : \u00c9quip\u00e9 de dispositifs d&#8217;arr\u00eat d&#8217;urgence et anti-chute pour garantir la s\u00e9curit\u00e9 des utilisateurs.<\/li>\n<li>Confort : Commande manuelle intuitive et harnais inclus pour un soutien optimal du patient.<\/li>\n<\/ul>","protected":false},"featured_media":110111,"comment_status":"open","ping_status":"open","template":"","meta":{"inline_featured_image":false},"product_brand":[],"product_cat":[1166,1172],"product_tag":[],"class_list":{"0":"post-110110","1":"product","2":"type-product","3":"status-publish","4":"has-post-thumbnail","6":"product_cat-aide-de-patients","7":"product_cat-leve-malades-et-manutention-des-patients","9":"first","10":"instock","11":"sale","12":"taxable","13":"shipping-taxable","14":"purchasable","15":"product-type-simple"},"_links":{"self":[{"href":"https:\/\/nimedixmedical.com\/en\/wp-json\/wp\/v2\/product\/110110","targetHints":{"allow":["GET"]}}],"collection":[{"href":"https:\/\/nimedixmedical.com\/en\/wp-json\/wp\/v2\/product"}],"about":[{"href":"https:\/\/nimedixmedical.com\/en\/wp-json\/wp\/v2\/types\/product"}],"replies":[{"embeddable":true,"href":"https:\/\/nimedixmedical.com\/en\/wp-json\/wp\/v2\/comments?post=110110"}],"wp:featuredmedia":[{"embeddable":true,"href":"https:\/\/nimedixmedical.com\/en\/wp-json\/wp\/v2\/media\/110111"}],"wp:attachment":[{"href":"https:\/\/nimedixmedical.com\/en\/wp-json\/wp\/v2\/media?parent=110110"}],"wp:term":[{"taxonomy":"product_brand","embeddable":true,"href":"https:\/\/nimedixmedical.com\/en\/wp-json\/wp\/v2\/product_brand?post=110110"},{"taxonomy":"product_cat","embeddable":true,"href":"https:\/\/nimedixmedical.com\/en\/wp-json\/wp\/v2\/product_cat?post=110110"},{"taxonomy":"product_tag","embeddable":true,"href":"https:\/\/nimedixmedical.com\/en\/wp-json\/wp\/v2\/product_tag?post=110110"}],"curies":[{"name":"wp","href":"https:\/\/api.w.org\/{rel}","templated":true}]}}