{"id":109958,"date":"2025-11-30T21:10:24","date_gmt":"2025-11-30T20:10:24","guid":{"rendered":"https:\/\/nimedixmedical.com\/notre-catalogue\/armoire-a-pharmacie-shell-plus-blanche\/"},"modified":"2026-02-21T16:10:16","modified_gmt":"2026-02-21T15:10:16","slug":"armoire-a-pharmacie-shell-plus-blanche","status":"publish","type":"product","link":"https:\/\/nimedixmedical.com\/en\/our-catalog\/armoire-a-pharmacie-shell-plus-blanche\/","title":{"rendered":"Armoire \u00c0 Pharmacie Shell Plus &#8211; Blanche"},"content":{"rendered":"<p>L&#8217;armoire \u00e0 pharmacie Shell Plus est con\u00e7ue pour r\u00e9pondre aux besoins des professionnels de sant\u00e9, offrant un espace de rangement s\u00e9curis\u00e9 et organis\u00e9 pour les m\u00e9dicaments et fournitures m\u00e9dicales. Sa conception robuste et ses fonctionnalit\u00e9s pratiques en font un choix id\u00e9al pour les environnements m\u00e9dicaux vari\u00e9s.<\/p>\n<h2>Features<\/h2>\n<ul>\n<li>Structure en aluminium rev\u00eatu par poudre avec panneaux de m\u00e9lamine.<\/li>\n<li>2 portes en agglom\u00e9r\u00e9 de 20 mm d\u2019\u00e9paisseur, avec serrure et poign\u00e9e en nylon rempli de verre.<\/li>\n<li>20 partitions de compartiment transparentes incassables (10 sur chaque porte).<\/li>\n<li>5 tablettes r\u00e9glables et armoire \u00e0 stup\u00e9fiants avec verrouillage.<\/li>\n<li>2 panneaux rotatifs avec 40 partitions de compartiment transparents incassables.<\/li>\n<li>Dimensions : 930x600xh 1980 mm.<\/li>\n<li>4 pieds en acier avec plaquettes en plastique r\u00e9glables.<\/li>\n<\/ul>\n<h2>Delivery<\/h2>\n<ul>\n<li><strong>France :<\/strong> Direct delivery.<\/li>\n<li><strong>Export (Europe and Africa) :<\/strong> Quote.<\/li>\n<\/ul>","protected":false},"excerpt":{"rendered":"<ul>\n<li>Id\u00e9ale pour les professionnels de sant\u00e9, offrant un stockage s\u00e9curis\u00e9 des m\u00e9dicaments.<\/li>\n<li>Conception robuste en aluminium et m\u00e9lamine pour une durabilit\u00e9 accrue.<\/li>\n<li>Compartiments transparents pour un acc\u00e8s rapide et facile aux fournitures m\u00e9dicales.<\/li>\n<li>Syst\u00e8me de verrouillage pour garantir la s\u00e9curit\u00e9 des stup\u00e9fiants.<\/li>\n<\/ul>","protected":false},"featured_media":109959,"comment_status":"open","ping_status":"closed","template":"","meta":{"inline_featured_image":false},"product_brand":[],"product_cat":[1165,1161,1093],"product_tag":[],"class_list":{"0":"post-109958","1":"product","2":"type-product","3":"status-publish","4":"has-post-thumbnail","6":"product_cat-armoires-a-pharmacie","7":"product_cat-armoires-tables","8":"product_cat-mobilier-medical","10":"first","11":"outofstock","12":"sale","13":"taxable","14":"shipping-taxable","15":"purchasable","16":"product-type-simple"},"_links":{"self":[{"href":"https:\/\/nimedixmedical.com\/en\/wp-json\/wp\/v2\/product\/109958","targetHints":{"allow":["GET"]}}],"collection":[{"href":"https:\/\/nimedixmedical.com\/en\/wp-json\/wp\/v2\/product"}],"about":[{"href":"https:\/\/nimedixmedical.com\/en\/wp-json\/wp\/v2\/types\/product"}],"replies":[{"embeddable":true,"href":"https:\/\/nimedixmedical.com\/en\/wp-json\/wp\/v2\/comments?post=109958"}],"wp:featuredmedia":[{"embeddable":true,"href":"https:\/\/nimedixmedical.com\/en\/wp-json\/wp\/v2\/media\/109959"}],"wp:attachment":[{"href":"https:\/\/nimedixmedical.com\/en\/wp-json\/wp\/v2\/media?parent=109958"}],"wp:term":[{"taxonomy":"product_brand","embeddable":true,"href":"https:\/\/nimedixmedical.com\/en\/wp-json\/wp\/v2\/product_brand?post=109958"},{"taxonomy":"product_cat","embeddable":true,"href":"https:\/\/nimedixmedical.com\/en\/wp-json\/wp\/v2\/product_cat?post=109958"},{"taxonomy":"product_tag","embeddable":true,"href":"https:\/\/nimedixmedical.com\/en\/wp-json\/wp\/v2\/product_tag?post=109958"}],"curies":[{"name":"wp","href":"https:\/\/api.w.org\/{rel}","templated":true}]}}