{"id":109910,"date":"2025-11-30T21:09:39","date_gmt":"2025-11-30T20:09:39","guid":{"rendered":"https:\/\/nimedixmedical.com\/notre-catalogue\/chaise-siege-matelasse-avec-accoudoirs-grise\/"},"modified":"2026-01-12T15:28:52","modified_gmt":"2026-01-12T14:28:52","slug":"chaise-siege-matelasse-avec-accoudoirs-grise","status":"publish","type":"product","link":"https:\/\/nimedixmedical.com\/en\/our-catalog\/chaise-siege-matelasse-avec-accoudoirs-grise\/","title":{"rendered":"Chaise &#8211; Si\u00e8ge Matelass\u00e9 avec Accoudoirs &#8211; Grise"},"content":{"rendered":"<p>Cette chaise matelass\u00e9e avec accoudoirs est con\u00e7ue pour les environnements m\u00e9dicaux, offrant un confort optimal pour les patients et les professionnels de sant\u00e9. Sa structure robuste et son design ergonomique en font un choix id\u00e9al pour les cabinets m\u00e9dicaux et les cliniques.<\/p>\n<h2>Features<\/h2>\n<ul>\n<li>Assise et dossier rembourr\u00e9s pour un confort accru.<\/li>\n<li>Accoudoirs rembourr\u00e9s pour un soutien suppl\u00e9mentaire.<\/li>\n<li>Structure en acier inox peint en blanc pour une esth\u00e9tique moderne.<\/li>\n<li>Superposable pour un rangement facile.<\/li>\n<li>Capacit\u00e9 de charge : 120 kg.<\/li>\n<li>Made in Italy, guaranteeing a superior quality.<\/li>\n<\/ul>\n<h2>Delivery<\/h2>\n<ul>\n<li><strong>France :<\/strong> Direct delivery.<\/li>\n<li><strong>Export (Europe and Africa) :<\/strong> Quote.<\/li>\n<\/ul>","protected":false},"excerpt":{"rendered":"<ul>\n<li>Chaise confortable avec assise et accoudoirs rembourr\u00e9s pour un meilleur soutien.<\/li>\n<li>Structure en acier inoxydable, garantissant durabilit\u00e9 et r\u00e9sistance.<\/li>\n<li>Design superposable, facilitant le rangement dans les espaces confin\u00e9s.<\/li>\n<li>Capacit\u00e9 de charge jusqu&#8217;\u00e0 120 kg, adapt\u00e9e \u00e0 divers utilisateurs.<\/li>\n<\/ul>","protected":false},"featured_media":109911,"comment_status":"open","ping_status":"open","template":"","meta":{"inline_featured_image":false},"product_brand":[],"product_cat":[1159,1157,1093],"product_tag":[],"class_list":{"0":"post-109910","1":"product","2":"type-product","3":"status-publish","4":"has-post-thumbnail","6":"product_cat-chaises","7":"product_cat-chaises-et-tabourets","8":"product_cat-mobilier-medical","10":"first","11":"instock","12":"sale","13":"taxable","14":"shipping-taxable","15":"purchasable","16":"product-type-simple"},"_links":{"self":[{"href":"https:\/\/nimedixmedical.com\/en\/wp-json\/wp\/v2\/product\/109910","targetHints":{"allow":["GET"]}}],"collection":[{"href":"https:\/\/nimedixmedical.com\/en\/wp-json\/wp\/v2\/product"}],"about":[{"href":"https:\/\/nimedixmedical.com\/en\/wp-json\/wp\/v2\/types\/product"}],"replies":[{"embeddable":true,"href":"https:\/\/nimedixmedical.com\/en\/wp-json\/wp\/v2\/comments?post=109910"}],"wp:featuredmedia":[{"embeddable":true,"href":"https:\/\/nimedixmedical.com\/en\/wp-json\/wp\/v2\/media\/109911"}],"wp:attachment":[{"href":"https:\/\/nimedixmedical.com\/en\/wp-json\/wp\/v2\/media?parent=109910"}],"wp:term":[{"taxonomy":"product_brand","embeddable":true,"href":"https:\/\/nimedixmedical.com\/en\/wp-json\/wp\/v2\/product_brand?post=109910"},{"taxonomy":"product_cat","embeddable":true,"href":"https:\/\/nimedixmedical.com\/en\/wp-json\/wp\/v2\/product_cat?post=109910"},{"taxonomy":"product_tag","embeddable":true,"href":"https:\/\/nimedixmedical.com\/en\/wp-json\/wp\/v2\/product_tag?post=109910"}],"curies":[{"name":"wp","href":"https:\/\/api.w.org\/{rel}","templated":true}]}}