{"id":109017,"date":"2025-11-30T20:57:31","date_gmt":"2025-11-30T19:57:31","guid":{"rendered":"https:\/\/nimedixmedical.com\/notre-catalogue\/lit-electrique-a-hauteur-reglable-charge-230-kg\/"},"modified":"2026-01-12T15:24:11","modified_gmt":"2026-01-12T14:24:11","slug":"electric-height-adjustable-bed-load-230-kg","status":"publish","type":"product","link":"https:\/\/nimedixmedical.com\/en\/our-catalog\/electric-height-adjustable-bed-load-230-kg\/","title":{"rendered":"Lit \u00c9lectrique \u00c0 Hauteur R\u00e9glable &#8211; Charge 230 kg"},"content":{"rendered":"<p>Electric bed adjustable height is designed to offer optimal comfort and advanced features in the health facilities. Ideal for care at home or in a hospital environment, it facilitates the care to patients while ensuring their safety.<\/p>\n<h2>Features<\/h2>\n<ul>\n<li>Dimensions : 110x225xh 91 cm<\/li>\n<li>Maximum load : 230 kg<\/li>\n<li>Bed height adjustable from 380 to 780 mm<\/li>\n<li>Trendelenburg and Trendelenburg reverse (15\u00b0)<\/li>\n<li>Power adjustment of the folder up to 71\u00b0, and legs\/feet up to 30\u00b0<\/li>\n<li>4 castors \u00d8 150 mm with brake centralized<\/li>\n<li>4 side rails fold down for extra security<\/li>\n<li>Power Supply : 160-230 V \u2013 50-60 Hz<\/li>\n<li>Indicator of protection : IP66<\/li>\n<\/ul>\n<h2>Delivery<\/h2>\n<ul>\n<li><strong>France :<\/strong> Direct delivery.<\/li>\n<li><strong>Export (Europe and Africa) :<\/strong> Quote.<\/li>\n<\/ul>","protected":false},"excerpt":{"rendered":"<ul>\n<li>Hospital bed electric adjustable height for optimal comfort of the patient.<\/li>\n<li>Advanced features (Trendelenburg, anti-crash) for medical use secure.<\/li>\n<li>Robust design with a maximum load capacity of 230 kg, adapted to the needs of health care institutions.<\/li>\n<li>Easy to maneuver with wheels and barriers to fold, ideal for the intensive care unit.<\/li>\n<\/ul>","protected":false},"featured_media":109018,"comment_status":"open","ping_status":"open","template":"","meta":{"inline_featured_image":false},"product_brand":[],"product_cat":[1135,1129,1093],"product_tag":[],"class_list":{"0":"post-109017","1":"product","2":"type-product","3":"status-publish","4":"has-post-thumbnail","6":"product_cat-lits-dhopital","7":"product_cat-lits-dhopital-matelas-tables-de-chevet-et-mobilier","8":"product_cat-mobilier-medical","10":"first","11":"instock","12":"sale","13":"taxable","14":"shipping-taxable","15":"purchasable","16":"product-type-simple"},"_links":{"self":[{"href":"https:\/\/nimedixmedical.com\/en\/wp-json\/wp\/v2\/product\/109017","targetHints":{"allow":["GET"]}}],"collection":[{"href":"https:\/\/nimedixmedical.com\/en\/wp-json\/wp\/v2\/product"}],"about":[{"href":"https:\/\/nimedixmedical.com\/en\/wp-json\/wp\/v2\/types\/product"}],"replies":[{"embeddable":true,"href":"https:\/\/nimedixmedical.com\/en\/wp-json\/wp\/v2\/comments?post=109017"}],"wp:featuredmedia":[{"embeddable":true,"href":"https:\/\/nimedixmedical.com\/en\/wp-json\/wp\/v2\/media\/109018"}],"wp:attachment":[{"href":"https:\/\/nimedixmedical.com\/en\/wp-json\/wp\/v2\/media?parent=109017"}],"wp:term":[{"taxonomy":"product_brand","embeddable":true,"href":"https:\/\/nimedixmedical.com\/en\/wp-json\/wp\/v2\/product_brand?post=109017"},{"taxonomy":"product_cat","embeddable":true,"href":"https:\/\/nimedixmedical.com\/en\/wp-json\/wp\/v2\/product_cat?post=109017"},{"taxonomy":"product_tag","embeddable":true,"href":"https:\/\/nimedixmedical.com\/en\/wp-json\/wp\/v2\/product_tag?post=109017"}],"curies":[{"name":"wp","href":"https:\/\/api.w.org\/{rel}","templated":true}]}}