{"id":108829,"date":"2025-11-30T20:54:37","date_gmt":"2025-11-30T19:54:37","guid":{"rendered":"https:\/\/nimedixmedical.com\/notre-catalogue\/fauteuil-gynecologique-professionnel-gynex-abricot-metalise\/"},"modified":"2026-01-12T15:23:13","modified_gmt":"2026-01-12T14:23:13","slug":"fauteuil-gynecologique-professionnel-gynex-abricot-metalise","status":"publish","type":"product","link":"https:\/\/nimedixmedical.com\/en\/our-catalog\/fauteuil-gynecologique-professionnel-gynex-abricot-metalise\/","title":{"rendered":"Fauteuil Gyn\u00e9cologique Professionnel Gynex &#8211; Abricot M\u00e9talis\u00e9"},"content":{"rendered":"<p>The chair gynecologic professional Gynex is designed to provide a viewing experience is optimal, combining comfort, functionality and aesthetics. Ideal for professionals in health, it meets the requirements of the examinations gynaecological while ensuring the well-being of patients.<\/p>\n<h2>Features<\/h2>\n<ul>\n<li>Supply voltage : 230V-50 Hz<\/li>\n<li>Motor voltage : 24V<\/li>\n<li>Engine thrust lifting : 6000 N<\/li>\n<li>Engine thrust folder : 2500 N<\/li>\n<li>Thrust from the engine of the support legs : 2500 N<\/li>\n<li>Load capacity : 180 kg<\/li>\n<li>Power max. : 90 VA<\/li>\n<li>Fuse : 1.6 A<\/li>\n<li>Size adjustable with 3 engines silent.<\/li>\n<li>Armrests are padded and adjustable for more comfort.<\/li>\n<li>Convertible examination table, horizontal position.<\/li>\n<li>Made in Italy, guarantee of quality.<\/li>\n<\/ul>\n<h2>Delivery<\/h2>\n<ul>\n<li><strong>France :<\/strong> Direct delivery.<\/li>\n<li><strong>Export (Europe and Africa) :<\/strong> Quote.<\/li>\n<\/ul>","protected":false},"excerpt":{"rendered":"<ul>\n<li>Use : Chair gynecologic professional adapted for medical examinations.<\/li>\n<li>Benefit : optimal Comfort for patients, thanks to its way power adjustment and an ergonomic design.<\/li>\n<li>Included accessories : paper Dispenser, basin, metal, armrests are adjustable.<\/li>\n<li>Ease of use : ergonomically designed Remote control for an adjustment simple and quick.<\/li>\n<\/ul>","protected":false},"featured_media":108830,"comment_status":"open","ping_status":"open","template":"","meta":{"inline_featured_image":false},"product_brand":[],"product_cat":[1126,1123,1093],"product_tag":[],"class_list":{"0":"post-108829","1":"product","2":"type-product","3":"status-publish","4":"has-post-thumbnail","6":"product_cat-fauteuils-gynecologiques-1-ou-3-moteurs","7":"product_cat-mobilier-et-fauteuils-euroclinic","8":"product_cat-mobilier-medical","10":"first","11":"outofstock","12":"sale","13":"taxable","14":"shipping-taxable","15":"purchasable","16":"product-type-simple"},"_links":{"self":[{"href":"https:\/\/nimedixmedical.com\/en\/wp-json\/wp\/v2\/product\/108829","targetHints":{"allow":["GET"]}}],"collection":[{"href":"https:\/\/nimedixmedical.com\/en\/wp-json\/wp\/v2\/product"}],"about":[{"href":"https:\/\/nimedixmedical.com\/en\/wp-json\/wp\/v2\/types\/product"}],"replies":[{"embeddable":true,"href":"https:\/\/nimedixmedical.com\/en\/wp-json\/wp\/v2\/comments?post=108829"}],"wp:featuredmedia":[{"embeddable":true,"href":"https:\/\/nimedixmedical.com\/en\/wp-json\/wp\/v2\/media\/108830"}],"wp:attachment":[{"href":"https:\/\/nimedixmedical.com\/en\/wp-json\/wp\/v2\/media?parent=108829"}],"wp:term":[{"taxonomy":"product_brand","embeddable":true,"href":"https:\/\/nimedixmedical.com\/en\/wp-json\/wp\/v2\/product_brand?post=108829"},{"taxonomy":"product_cat","embeddable":true,"href":"https:\/\/nimedixmedical.com\/en\/wp-json\/wp\/v2\/product_cat?post=108829"},{"taxonomy":"product_tag","embeddable":true,"href":"https:\/\/nimedixmedical.com\/en\/wp-json\/wp\/v2\/product_tag?post=108829"}],"curies":[{"name":"wp","href":"https:\/\/api.w.org\/{rel}","templated":true}]}}