{"id":108603,"date":"2025-11-30T20:51:33","date_gmt":"2025-11-30T19:51:33","guid":{"rendered":"https:\/\/nimedixmedical.com\/notre-catalogue\/rideaux-trevira-pour-paravent-peches\/"},"modified":"2026-01-12T15:22:02","modified_gmt":"2026-01-12T14:22:02","slug":"trevira-curtains-for-peach-screens","status":"publish","type":"product","link":"https:\/\/nimedixmedical.com\/en\/our-catalog\/trevira-curtains-for-peach-screens\/","title":{"rendered":"Rideaux Tr\u00e9vira pour Paravent &#8211; P\u00eaches"},"content":{"rendered":"<p>The curtains Tr\u00e9vira to screen are designed specifically for medical environments, providing an effective solution to preserve the privacy of patients while ensuring the highest hygiene standards. Made in Italy, they combine the aesthetics and functionality.<\/p>\n<h2>Features<\/h2>\n<ul>\n<li>Dimensions : 45 x h 129 cm.<\/li>\n<li>Material Tr\u00e9vira with antibacterial silver-based.<\/li>\n<li>UV-resistant and flame-retardant.<\/li>\n<li>Disinfectable and washable up to 60\u00b0.<\/li>\n<li>Available in 6 different colours.<\/li>\n<li>Options available on request.<\/li>\n<li>Multilingual instruction manual (GB, FR, IT).<\/li>\n<\/ul>\n<h2>Delivery<\/h2>\n<ul>\n<li><strong>France :<\/strong> Direct delivery.<\/li>\n<li><strong>Export (Europe and Africa) :<\/strong> Quote.<\/li>\n<\/ul>","protected":false},"excerpt":{"rendered":"<ul>\n<li>Perfect to create private spaces in medical environments.<\/li>\n<li>Antibacterial Agent standing for optimal hygiene.<\/li>\n<li>Material, flame retardant and UV-resistant for increased durability.<\/li>\n<li>Easy care, machine washable at 60\u00b0 c for frequent use.<\/li>\n<\/ul>","protected":false},"featured_media":108604,"comment_status":"open","ping_status":"open","template":"","meta":{"inline_featured_image":false},"product_brand":[],"product_cat":[1093,1111,1108],"product_tag":[],"class_list":{"0":"post-108603","1":"product","2":"type-product","3":"status-publish","4":"has-post-thumbnail","6":"product_cat-mobilier-medical","7":"product_cat-paravents-3-ou-4-panneaux","8":"product_cat-paravents-et-rideaux","10":"first","11":"instock","12":"sale","13":"taxable","14":"shipping-taxable","15":"purchasable","16":"product-type-simple"},"_links":{"self":[{"href":"https:\/\/nimedixmedical.com\/en\/wp-json\/wp\/v2\/product\/108603","targetHints":{"allow":["GET"]}}],"collection":[{"href":"https:\/\/nimedixmedical.com\/en\/wp-json\/wp\/v2\/product"}],"about":[{"href":"https:\/\/nimedixmedical.com\/en\/wp-json\/wp\/v2\/types\/product"}],"replies":[{"embeddable":true,"href":"https:\/\/nimedixmedical.com\/en\/wp-json\/wp\/v2\/comments?post=108603"}],"wp:featuredmedia":[{"embeddable":true,"href":"https:\/\/nimedixmedical.com\/en\/wp-json\/wp\/v2\/media\/108604"}],"wp:attachment":[{"href":"https:\/\/nimedixmedical.com\/en\/wp-json\/wp\/v2\/media?parent=108603"}],"wp:term":[{"taxonomy":"product_brand","embeddable":true,"href":"https:\/\/nimedixmedical.com\/en\/wp-json\/wp\/v2\/product_brand?post=108603"},{"taxonomy":"product_cat","embeddable":true,"href":"https:\/\/nimedixmedical.com\/en\/wp-json\/wp\/v2\/product_cat?post=108603"},{"taxonomy":"product_tag","embeddable":true,"href":"https:\/\/nimedixmedical.com\/en\/wp-json\/wp\/v2\/product_tag?post=108603"}],"curies":[{"name":"wp","href":"https:\/\/api.w.org\/{rel}","templated":true}]}}