{"id":108380,"date":"2025-11-30T20:48:33","date_gmt":"2025-11-30T19:48:33","guid":{"rendered":"https:\/\/nimedixmedical.com\/notre-catalogue\/tapis-predecoupe-impermeable-et-absorbant-90x250-cm\/"},"modified":"2026-01-12T15:21:10","modified_gmt":"2026-01-12T14:21:10","slug":"tapis-predecoupe-impermeable-et-absorbant-90x250-cm","status":"publish","type":"product","link":"https:\/\/nimedixmedical.com\/en\/our-catalog\/tapis-predecoupe-impermeable-et-absorbant-90x250-cm\/","title":{"rendered":"Tapis Pr\u00e9decoup\u00e9, Imperm\u00e9able et Absorbant 90&#215;250 cm"},"content":{"rendered":"<p>The carpet, pre-cut, waterproof and absorbent dimensions 90\u00d7250 cm is designed for medical environments. It offers a practical solution to prevent accidents related to the liquid on the ground, especially in operating rooms.<\/p>\n<h2>Features<\/h2>\n<ul>\n<li>Dimensions : 90 x 250 cm<\/li>\n<li>Absorption : 1.700 ml\/m2<\/li>\n<li>Material : non-Slip and waterproof<\/li>\n<li>Capillary Distribution of liquids, avoiding the uprising of the surface<\/li>\n<li>Film less special for optimum grip without adhesives<\/li>\n<\/ul>\n<h2>Delivery<\/h2>\n<ul>\n<li><strong>France :<\/strong> Direct delivery.<\/li>\n<li><strong>Export (Europe and Africa) :<\/strong> Quote.<\/li>\n<\/ul>","protected":false},"excerpt":{"rendered":"<ul>\n<li>Usage : Carpet cut to be place on the floor in the operating room or near washbasins.<\/li>\n<li>Income : High absorption capacity, preventing accidents related to liquid spills.<\/li>\n<li>Non-slip : The film bottom keeps the mat in place without adhesives.<\/li>\n<li>Practical Dimensions : Size of 90 x 250 cm, ideal for use in targeted.<\/li>\n<\/ul>","protected":false},"featured_media":108381,"comment_status":"open","ping_status":"open","template":"","meta":{"inline_featured_image":false},"product_brand":[],"product_cat":[1093,1100,1101],"product_tag":[],"class_list":{"0":"post-108380","1":"product","2":"type-product","3":"status-publish","4":"has-post-thumbnail","6":"product_cat-mobilier-medical","7":"product_cat-rouleaux-pour-lit-jetables-et-serviettes","8":"product_cat-tapis-absorbants-rouleaux-pour-lit-jetables-et-serviettes","10":"first","11":"instock","12":"sale","13":"taxable","14":"shipping-taxable","15":"purchasable","16":"product-type-simple"},"_links":{"self":[{"href":"https:\/\/nimedixmedical.com\/en\/wp-json\/wp\/v2\/product\/108380","targetHints":{"allow":["GET"]}}],"collection":[{"href":"https:\/\/nimedixmedical.com\/en\/wp-json\/wp\/v2\/product"}],"about":[{"href":"https:\/\/nimedixmedical.com\/en\/wp-json\/wp\/v2\/types\/product"}],"replies":[{"embeddable":true,"href":"https:\/\/nimedixmedical.com\/en\/wp-json\/wp\/v2\/comments?post=108380"}],"wp:featuredmedia":[{"embeddable":true,"href":"https:\/\/nimedixmedical.com\/en\/wp-json\/wp\/v2\/media\/108381"}],"wp:attachment":[{"href":"https:\/\/nimedixmedical.com\/en\/wp-json\/wp\/v2\/media?parent=108380"}],"wp:term":[{"taxonomy":"product_brand","embeddable":true,"href":"https:\/\/nimedixmedical.com\/en\/wp-json\/wp\/v2\/product_brand?post=108380"},{"taxonomy":"product_cat","embeddable":true,"href":"https:\/\/nimedixmedical.com\/en\/wp-json\/wp\/v2\/product_cat?post=108380"},{"taxonomy":"product_tag","embeddable":true,"href":"https:\/\/nimedixmedical.com\/en\/wp-json\/wp\/v2\/product_tag?post=108380"}],"curies":[{"name":"wp","href":"https:\/\/api.w.org\/{rel}","templated":true}]}}