{"id":108212,"date":"2025-11-30T20:46:04","date_gmt":"2025-11-30T19:46:04","guid":{"rendered":"https:\/\/nimedixmedical.com\/notre-catalogue\/fauteuil-roulant-de-prelevement-mecanique-blanc\/"},"modified":"2026-01-12T15:20:34","modified_gmt":"2026-01-12T14:20:34","slug":"fauteuil-roulant-de-prelevement-mecanique-blanc","status":"publish","type":"product","link":"https:\/\/nimedixmedical.com\/en\/our-catalog\/fauteuil-roulant-de-prelevement-mecanique-blanc\/","title":{"rendered":"Fauteuil Roulant de Pr\u00e9l\u00e8vement &#8211; M\u00e9canique &#8211; Blanc"},"content":{"rendered":"<p>The wheelchair levy mechanical is designed to meet the needs of health professionals. Its manufacturing in Italy ensures optimal quality, offering unparalleled comfort for patients when samples or medical examinations.<\/p>\n<h2>Features<\/h2>\n<ul>\n<li>Metal Structure lacquered in white epoxy, resistant and elegant.<\/li>\n<li>Padding in high-density polyurethane, covered with synthetic leather and fire-resistant (Class 1 IM).<\/li>\n<li>Backrest angle of +60\u00b0 to -5\u00b0 and a leg of -80\u00b0 to +5\u00b0.<\/li>\n<li>Armrests adjustable in height and swivel 180\u00b0 for optimum comfort.<\/li>\n<li>Maximum load capacity supported : up to 150 kg.<\/li>\n<li>Dimensions : 175 x 55 x 51 cm.<\/li>\n<\/ul>\n<h2>Delivery<\/h2>\n<ul>\n<li><strong>France :<\/strong> Direct delivery.<\/li>\n<li><strong>Export (Europe and Africa) :<\/strong> Quote.<\/li>\n<\/ul>","protected":false},"excerpt":{"rendered":"<ul>\n<li>Chair collection stylish and robust, ideal for the medical institutions.<\/li>\n<li>Padding in high-density polyurethane, offering comfort and security.<\/li>\n<li>Mobility made easier thanks to the 4 wheels, 2 with brake, directional.<\/li>\n<li>Fine-tuning of cushions for optimal positioning of patients.<\/li>\n<\/ul>","protected":false},"featured_media":108213,"comment_status":"open","ping_status":"open","template":"","meta":{"inline_featured_image":false},"product_brand":[],"product_cat":[1096,1093,1094],"product_tag":[],"class_list":{"0":"post-108212","1":"product","2":"type-product","3":"status-publish","4":"has-post-thumbnail","6":"product_cat-fauteuils-electriques-et-mecaniques","7":"product_cat-mobilier-medical","8":"product_cat-tables-et-fauteuils-electriques-et-hydrauliques","10":"first","11":"instock","12":"sale","13":"taxable","14":"shipping-taxable","15":"purchasable","16":"product-type-simple"},"_links":{"self":[{"href":"https:\/\/nimedixmedical.com\/en\/wp-json\/wp\/v2\/product\/108212","targetHints":{"allow":["GET"]}}],"collection":[{"href":"https:\/\/nimedixmedical.com\/en\/wp-json\/wp\/v2\/product"}],"about":[{"href":"https:\/\/nimedixmedical.com\/en\/wp-json\/wp\/v2\/types\/product"}],"replies":[{"embeddable":true,"href":"https:\/\/nimedixmedical.com\/en\/wp-json\/wp\/v2\/comments?post=108212"}],"wp:featuredmedia":[{"embeddable":true,"href":"https:\/\/nimedixmedical.com\/en\/wp-json\/wp\/v2\/media\/108213"}],"wp:attachment":[{"href":"https:\/\/nimedixmedical.com\/en\/wp-json\/wp\/v2\/media?parent=108212"}],"wp:term":[{"taxonomy":"product_brand","embeddable":true,"href":"https:\/\/nimedixmedical.com\/en\/wp-json\/wp\/v2\/product_brand?post=108212"},{"taxonomy":"product_cat","embeddable":true,"href":"https:\/\/nimedixmedical.com\/en\/wp-json\/wp\/v2\/product_cat?post=108212"},{"taxonomy":"product_tag","embeddable":true,"href":"https:\/\/nimedixmedical.com\/en\/wp-json\/wp\/v2\/product_tag?post=108212"}],"curies":[{"name":"wp","href":"https:\/\/api.w.org\/{rel}","templated":true}]}}