{"id":107645,"date":"2025-11-30T20:37:54","date_gmt":"2025-11-30T19:37:54","guid":{"rendered":"https:\/\/nimedixmedical.com\/notre-catalogue\/nebuliseur-eolo-a-piston-230v-prise-britannique\/"},"modified":"2026-01-12T15:18:12","modified_gmt":"2026-01-12T14:18:12","slug":"nebuliseur-eolo-a-piston-230v-prise-britannique","status":"publish","type":"product","link":"https:\/\/nimedixmedical.com\/en\/our-catalog\/nebuliseur-eolo-a-piston-230v-prise-britannique\/","title":{"rendered":"N\u00e9buliseur Eolo &#8211; \u00e0 Piston 230v Prise Britannique"},"content":{"rendered":"<p>Le n\u00e9buliseur Eolo est un dispositif m\u00e9dical innovant, con\u00e7u pour faciliter l&#8217;administration de traitements respiratoires \u00e0 domicile. Gr\u00e2ce \u00e0 sa conception portative et son utilisation simple, il est id\u00e9al pour les patients n\u00e9cessitant des n\u00e9bulisations r\u00e9guli\u00e8res, qu&#8217;il s&#8217;agisse d&#8217;antibiotiques ou de bronchodilatateurs.<\/p>\n<h2>Features<\/h2>\n<ul>\n<li>Type : N\u00e9buliseur \u00e0 piston avec prise britannique.<\/li>\n<li>Alimentation : 230 V &#8211; 50\/60 Hz &#8211; 170 VA, 110 V sur demande.<\/li>\n<li>Pression de fonctionnement : 1,1 bar avec une pression maximum de 2,5 bar.<\/li>\n<li>D\u00e9bit d&#8217;air : 14 l\/min pour une n\u00e9bulisation efficace.<\/li>\n<li>Taux de n\u00e9bulisation : 0,4 ml\/min.<\/li>\n<li>Particle size : < 5 \u00b5m pour un meilleur traitement pulmonaire.<\/li>\n<li>Dimensions : 22 x 14,5 x 12 cm, poids : 1,7 kg.<\/li>\n<li>Silencieux : Niveau sonore de 55 dB selon la norme EN 13544-1.<\/li>\n<li>Warranty : 2 years.<\/li>\n<li>Accessoires inclus : masques adulte et p\u00e9diatrique, ampoule, embout buccal, tuyau et filtre air.<\/li>\n<li>Normes : Classe d&#8217;isolement, Type B.<\/li>\n<\/ul>\n<h2>Delivery<\/h2>\n<ul>\n<li><strong>France :<\/strong> Direct delivery.<\/li>\n<li><strong>Export (Europe and Africa) :<\/strong> Quote.<\/li>\n<\/ul>","protected":false},"excerpt":{"rendered":"<ul>\n<li>Usage : Id\u00e9al pour n\u00e9buliser les antibiotiques et bronchodilatateurs \u00e0 domicile.<\/li>\n<li>B\u00e9n\u00e9fice : Portatif et facile \u00e0 utiliser, avec accessoires pour adultes et enfants.<\/li>\n<li>Performance : Taux de n\u00e9bulisation de 0,4 ml\/min et taille des particules < 5 \u00b5m.<\/li>\n<li>Silencieux : Niveau sonore de seulement 55 dB pour un usage discret.<\/li>\n<\/ul>","protected":false},"featured_media":107646,"comment_status":"open","ping_status":"open","template":"","meta":{"inline_featured_image":false},"product_brand":[],"product_cat":[1066,1076,1079],"product_tag":[],"class_list":{"0":"post-107645","1":"product","2":"type-product","3":"status-publish","4":"has-post-thumbnail","6":"product_cat-electromedicaux","7":"product_cat-nebuliseurs","8":"product_cat-nebuliseurs-a-piston-a-usage-domestique","10":"first","11":"instock","12":"sale","13":"taxable","14":"shipping-taxable","15":"purchasable","16":"product-type-simple"},"_links":{"self":[{"href":"https:\/\/nimedixmedical.com\/en\/wp-json\/wp\/v2\/product\/107645","targetHints":{"allow":["GET"]}}],"collection":[{"href":"https:\/\/nimedixmedical.com\/en\/wp-json\/wp\/v2\/product"}],"about":[{"href":"https:\/\/nimedixmedical.com\/en\/wp-json\/wp\/v2\/types\/product"}],"replies":[{"embeddable":true,"href":"https:\/\/nimedixmedical.com\/en\/wp-json\/wp\/v2\/comments?post=107645"}],"wp:featuredmedia":[{"embeddable":true,"href":"https:\/\/nimedixmedical.com\/en\/wp-json\/wp\/v2\/media\/107646"}],"wp:attachment":[{"href":"https:\/\/nimedixmedical.com\/en\/wp-json\/wp\/v2\/media?parent=107645"}],"wp:term":[{"taxonomy":"product_brand","embeddable":true,"href":"https:\/\/nimedixmedical.com\/en\/wp-json\/wp\/v2\/product_brand?post=107645"},{"taxonomy":"product_cat","embeddable":true,"href":"https:\/\/nimedixmedical.com\/en\/wp-json\/wp\/v2\/product_cat?post=107645"},{"taxonomy":"product_tag","embeddable":true,"href":"https:\/\/nimedixmedical.com\/en\/wp-json\/wp\/v2\/product_tag?post=107645"}],"curies":[{"name":"wp","href":"https:\/\/api.w.org\/{rel}","templated":true}]}}