{"id":107630,"date":"2025-11-30T20:37:54","date_gmt":"2025-11-30T19:37:54","guid":{"rendered":"https:\/\/nimedixmedical.com\/notre-catalogue\/nebuliseur-mistral-a-piston\/"},"modified":"2026-01-12T15:18:10","modified_gmt":"2026-01-12T14:18:10","slug":"nebuliseur-mistral-a-piston","status":"publish","type":"product","link":"https:\/\/nimedixmedical.com\/en\/our-catalog\/nebuliseur-mistral-a-piston\/","title":{"rendered":"N\u00e9buliseur Mistral &#8211; \u00e0 Piston"},"content":{"rendered":"<p>Le n\u00e9buliseur Mistral \u00e0 piston est con\u00e7u pour faciliter l&#8217;administration de m\u00e9dicaments en a\u00e9rosol. Compact et portable, il est id\u00e9al pour un usage \u00e0 domicile, apportant confort et efficacit\u00e9 dans le traitement des affections respiratoires.<\/p>\n<h2>Features<\/h2>\n<ul>\n<li>Alimentation : 230 V &#8211; 50\/60 Hz &#8211; 170 VA<\/li>\n<li>Pression de fonctionnement : 1,1 bar<\/li>\n<li>D\u00e9bit d&#8217;air : 14 l\/min<\/li>\n<li>Taux de n\u00e9bulisation : 0,35 ml\/min<\/li>\n<li>Particle size : &lt; 5 \u00b5m<\/li>\n<li>Pression maximum : 2,5 bar<\/li>\n<li>Dimensions : 13&#215;8,9&#215;14,6 cm<\/li>\n<li>Weight : 1.5 kg<\/li>\n<li>Niveau sonore : 60 dB<\/li>\n<li>Classe de risque : Ila<\/li>\n<li>Normes : Classe d&#8217;isolement, Type B<\/li>\n<\/ul>\n<h2>Delivery<\/h2>\n<ul>\n<li><strong>France :<\/strong> Direct delivery.<\/li>\n<li><strong>Export (Europe and Africa) :<\/strong> Quote.<\/li>\n<\/ul>","protected":false},"excerpt":{"rendered":"<ul>\n<li>Usage : N\u00e9buliseur \u00e0 piston compact et portable, id\u00e9al pour un usage domestique.<\/li>\n<li>B\u00e9n\u00e9fice : Cycle de service optimis\u00e9 de 20 minutes, permettant un traitement efficace.<\/li>\n<li>Accessoires inclus : Ampoule Hi Flo, masques adulte et p\u00e9diatrique, embouts buccal et nasal.<\/li>\n<li>Normes de s\u00e9curit\u00e9 : Conforme aux standards de classe d&#8217;isolement et de type B.<\/li>\n<\/ul>","protected":false},"featured_media":107631,"comment_status":"open","ping_status":"open","template":"","meta":{"inline_featured_image":false},"product_brand":[],"product_cat":[1066,1076,1079],"product_tag":[],"class_list":{"0":"post-107630","1":"product","2":"type-product","3":"status-publish","4":"has-post-thumbnail","6":"product_cat-electromedicaux","7":"product_cat-nebuliseurs","8":"product_cat-nebuliseurs-a-piston-a-usage-domestique","10":"first","11":"instock","12":"sale","13":"taxable","14":"shipping-taxable","15":"purchasable","16":"product-type-simple"},"_links":{"self":[{"href":"https:\/\/nimedixmedical.com\/en\/wp-json\/wp\/v2\/product\/107630","targetHints":{"allow":["GET"]}}],"collection":[{"href":"https:\/\/nimedixmedical.com\/en\/wp-json\/wp\/v2\/product"}],"about":[{"href":"https:\/\/nimedixmedical.com\/en\/wp-json\/wp\/v2\/types\/product"}],"replies":[{"embeddable":true,"href":"https:\/\/nimedixmedical.com\/en\/wp-json\/wp\/v2\/comments?post=107630"}],"wp:featuredmedia":[{"embeddable":true,"href":"https:\/\/nimedixmedical.com\/en\/wp-json\/wp\/v2\/media\/107631"}],"wp:attachment":[{"href":"https:\/\/nimedixmedical.com\/en\/wp-json\/wp\/v2\/media?parent=107630"}],"wp:term":[{"taxonomy":"product_brand","embeddable":true,"href":"https:\/\/nimedixmedical.com\/en\/wp-json\/wp\/v2\/product_brand?post=107630"},{"taxonomy":"product_cat","embeddable":true,"href":"https:\/\/nimedixmedical.com\/en\/wp-json\/wp\/v2\/product_cat?post=107630"},{"taxonomy":"product_tag","embeddable":true,"href":"https:\/\/nimedixmedical.com\/en\/wp-json\/wp\/v2\/product_tag?post=107630"}],"curies":[{"name":"wp","href":"https:\/\/api.w.org\/{rel}","templated":true}]}}