{"id":107571,"date":"2025-11-30T20:37:15","date_gmt":"2025-11-30T19:37:15","guid":{"rendered":"https:\/\/nimedixmedical.com\/notre-catalogue\/cable-de-connexion-pour-electrotherapie-utc2-rechange\/"},"modified":"2026-01-12T15:18:00","modified_gmt":"2026-01-12T14:18:00","slug":"cable-de-connexion-pour-electrotherapie-utc2-rechange","status":"publish","type":"product","link":"https:\/\/nimedixmedical.com\/en\/our-catalog\/cable-de-connexion-pour-electrotherapie-utc2-rechange\/","title":{"rendered":"C\u00e2ble de Connexion pour \u00c9lectroth\u00e9rapie Utc2 &#8211; Rechange"},"content":{"rendered":"<p>The connection cable for electrotherapy UTC2 is an essential accessory to ensure the proper functioning of your equipment. It helps to maintain an optimal connection during treatment sessions, ensuring the effectiveness of the therapies proposed.<\/p>\n<h2>Features<\/h2>\n<ul>\n<li>Product Type : connecting Cable replacement.<\/li>\n<li>Compatible only with the device \u00e9lectroth\u00e9rapeutique UTC2.<\/li>\n<li>Materials : Conductors of the highest quality for optimal transmission.<\/li>\n<li>Length : Standard for practical use, and flexible.<\/li>\n<\/ul>\n<h2>Delivery<\/h2>\n<ul>\n<li><strong>France :<\/strong> Direct delivery.<\/li>\n<li><strong>Export (Europe and Africa) :<\/strong> Quote.<\/li>\n<\/ul>","protected":false},"excerpt":{"rendered":"<ul>\n<li>Compatible with the device \u00e9lectroth\u00e9rapeutique UTC2.<\/li>\n<li>Delivers a reliable connection for sessions of electrotherapy effective.<\/li>\n<li>Easy to install and replace, ensuring that the use continues.<\/li>\n<li>Improves the results of therapy.<\/li>\n<\/ul>","protected":false},"featured_media":107572,"comment_status":"open","ping_status":"open","template":"","meta":{"inline_featured_image":false},"product_brand":[],"product_cat":[1066,1075,1070],"product_tag":[],"class_list":{"0":"post-107571","1":"product","2":"type-product","3":"status-publish","4":"has-post-thumbnail","6":"product_cat-electromedicaux","7":"product_cat-electrotherapie-et-ionophorese","8":"product_cat-physiotherapie-et-accessoires","10":"first","11":"outofstock","12":"sale","13":"taxable","14":"shipping-taxable","15":"purchasable","16":"product-type-simple"},"_links":{"self":[{"href":"https:\/\/nimedixmedical.com\/en\/wp-json\/wp\/v2\/product\/107571","targetHints":{"allow":["GET"]}}],"collection":[{"href":"https:\/\/nimedixmedical.com\/en\/wp-json\/wp\/v2\/product"}],"about":[{"href":"https:\/\/nimedixmedical.com\/en\/wp-json\/wp\/v2\/types\/product"}],"replies":[{"embeddable":true,"href":"https:\/\/nimedixmedical.com\/en\/wp-json\/wp\/v2\/comments?post=107571"}],"wp:featuredmedia":[{"embeddable":true,"href":"https:\/\/nimedixmedical.com\/en\/wp-json\/wp\/v2\/media\/107572"}],"wp:attachment":[{"href":"https:\/\/nimedixmedical.com\/en\/wp-json\/wp\/v2\/media?parent=107571"}],"wp:term":[{"taxonomy":"product_brand","embeddable":true,"href":"https:\/\/nimedixmedical.com\/en\/wp-json\/wp\/v2\/product_brand?post=107571"},{"taxonomy":"product_cat","embeddable":true,"href":"https:\/\/nimedixmedical.com\/en\/wp-json\/wp\/v2\/product_cat?post=107571"},{"taxonomy":"product_tag","embeddable":true,"href":"https:\/\/nimedixmedical.com\/en\/wp-json\/wp\/v2\/product_tag?post=107571"}],"curies":[{"name":"wp","href":"https:\/\/api.w.org\/{rel}","templated":true}]}}