{"id":107506,"date":"2025-11-30T20:36:36","date_gmt":"2025-11-30T19:36:36","guid":{"rendered":"https:\/\/nimedixmedical.com\/notre-catalogue\/ceinture-elastique-40x8-cm-pour-electrodes-reutilisables\/"},"modified":"2026-01-12T15:17:41","modified_gmt":"2026-01-12T14:17:41","slug":"ceinture-elastique-40x8-cm-pour-electrodes-reutilisables","status":"publish","type":"product","link":"https:\/\/nimedixmedical.com\/en\/our-catalog\/ceinture-elastique-40x8-cm-pour-electrodes-reutilisables\/","title":{"rendered":"Ceinture \u00c9lastique 40&#215;8 cm pour \u00c9lectrodes R\u00e9utilisables"},"content":{"rendered":"<p>The elasticated waistband 40\u00d78 cm for the electrodes reusable is designed to maximize the comfort of patients during treatment in physiotherapy. Adapted to the different types of electrodes, it provides a practical use and secure.<\/p>\n<h2>Features<\/h2>\n<ul>\n<li>Dimensions : 40\u00d78 cm<\/li>\n<li>Materials : Nylon, elastomer and nylon thread transparent<\/li>\n<li>Color : Blue<\/li>\n<li>Four available lengths for a perfect fit<\/li>\n<\/ul>\n<h2>Delivery<\/h2>\n<ul>\n<li><strong>France :<\/strong> Direct delivery.<\/li>\n<li><strong>Export (Europe and Africa) :<\/strong> Quote.<\/li>\n<\/ul>","protected":false},"excerpt":{"rendered":"<ul>\n<li>Elastic straps universal adapted to the electrodes reusable.<\/li>\n<li>Made of synthetic fibers for optimum comfort and avoid skin irritation.<\/li>\n<li>Easy to use, ensuring an excellent performance during the treatment.<\/li>\n<li>Available in 4 lengths to fit a variety of electrodes on the market.<\/li>\n<\/ul>","protected":false},"featured_media":107507,"comment_status":"open","ping_status":"open","template":"","meta":{"inline_featured_image":false},"product_brand":[],"product_cat":[1066,1073,1070],"product_tag":[],"class_list":{"0":"post-107506","1":"product","2":"type-product","3":"status-publish","4":"has-post-thumbnail","6":"product_cat-electromedicaux","7":"product_cat-magnetotherapie","8":"product_cat-physiotherapie-et-accessoires","10":"first","11":"instock","12":"sale","13":"taxable","14":"shipping-taxable","15":"purchasable","16":"product-type-simple"},"_links":{"self":[{"href":"https:\/\/nimedixmedical.com\/en\/wp-json\/wp\/v2\/product\/107506","targetHints":{"allow":["GET"]}}],"collection":[{"href":"https:\/\/nimedixmedical.com\/en\/wp-json\/wp\/v2\/product"}],"about":[{"href":"https:\/\/nimedixmedical.com\/en\/wp-json\/wp\/v2\/types\/product"}],"replies":[{"embeddable":true,"href":"https:\/\/nimedixmedical.com\/en\/wp-json\/wp\/v2\/comments?post=107506"}],"wp:featuredmedia":[{"embeddable":true,"href":"https:\/\/nimedixmedical.com\/en\/wp-json\/wp\/v2\/media\/107507"}],"wp:attachment":[{"href":"https:\/\/nimedixmedical.com\/en\/wp-json\/wp\/v2\/media?parent=107506"}],"wp:term":[{"taxonomy":"product_brand","embeddable":true,"href":"https:\/\/nimedixmedical.com\/en\/wp-json\/wp\/v2\/product_brand?post=107506"},{"taxonomy":"product_cat","embeddable":true,"href":"https:\/\/nimedixmedical.com\/en\/wp-json\/wp\/v2\/product_cat?post=107506"},{"taxonomy":"product_tag","embeddable":true,"href":"https:\/\/nimedixmedical.com\/en\/wp-json\/wp\/v2\/product_tag?post=107506"}],"curies":[{"name":"wp","href":"https:\/\/api.w.org\/{rel}","templated":true}]}}