{"id":107502,"date":"2025-11-30T20:35:48","date_gmt":"2025-11-30T19:35:48","guid":{"rendered":"https:\/\/nimedixmedical.com\/notre-catalogue\/ceinture-elastique-80x8-cm-pour-electrodes-reutilisables\/"},"modified":"2026-01-12T15:17:38","modified_gmt":"2026-01-12T14:17:38","slug":"ceinture-elastique-80x8-cm-pour-electrodes-reutilisables","status":"publish","type":"product","link":"https:\/\/nimedixmedical.com\/en\/our-catalog\/ceinture-elastique-80x8-cm-pour-electrodes-reutilisables\/","title":{"rendered":"Ceinture \u00c9lastique 80&#215;8 cm pour \u00c9lectrodes R\u00e9utilisables"},"content":{"rendered":"<p>The elasticated waistband 80\u00d78 cm is designed to maintain the electrodes reusable sessions of physiotherapy. Its use makes it possible to ensure a good contact, and ensure optimum efficiency of the treatments, while ensuring the comfort of the patient.<\/p>\n<h2>Features<\/h2>\n<ul>\n<li>Dimensions : 80 cm x 8 cm.<\/li>\n<li>Materials : synthetic fibers (nylon, elastomer, nylon thread, transparent).<\/li>\n<li>Color : blue.<\/li>\n<li>Ease of use and good performance of the electrodes.<\/li>\n<li>Availability : in 4 different lengths.<\/li>\n<\/ul>\n<h2>Delivery<\/h2>\n<ul>\n<li><strong>France :<\/strong> Direct delivery.<\/li>\n<li><strong>Export (Europe and Africa) :<\/strong> Quote.<\/li>\n<\/ul>","protected":false},"excerpt":{"rendered":"<ul>\n<li>Compatible with the majority of the electrodes reusable.<\/li>\n<li>Comfort of use thanks to materials that are gentle to the skin.<\/li>\n<li>Ease of application and optimal support.<\/li>\n<li>Available in several lengths to fit your needs.<\/li>\n<\/ul>","protected":false},"featured_media":107503,"comment_status":"open","ping_status":"open","template":"","meta":{"inline_featured_image":false},"product_brand":[],"product_cat":[1066,1073,1070],"product_tag":[],"class_list":{"0":"post-107502","1":"product","2":"type-product","3":"status-publish","4":"has-post-thumbnail","6":"product_cat-electromedicaux","7":"product_cat-magnetotherapie","8":"product_cat-physiotherapie-et-accessoires","10":"first","11":"instock","12":"sale","13":"taxable","14":"shipping-taxable","15":"purchasable","16":"product-type-simple"},"_links":{"self":[{"href":"https:\/\/nimedixmedical.com\/en\/wp-json\/wp\/v2\/product\/107502","targetHints":{"allow":["GET"]}}],"collection":[{"href":"https:\/\/nimedixmedical.com\/en\/wp-json\/wp\/v2\/product"}],"about":[{"href":"https:\/\/nimedixmedical.com\/en\/wp-json\/wp\/v2\/types\/product"}],"replies":[{"embeddable":true,"href":"https:\/\/nimedixmedical.com\/en\/wp-json\/wp\/v2\/comments?post=107502"}],"wp:featuredmedia":[{"embeddable":true,"href":"https:\/\/nimedixmedical.com\/en\/wp-json\/wp\/v2\/media\/107503"}],"wp:attachment":[{"href":"https:\/\/nimedixmedical.com\/en\/wp-json\/wp\/v2\/media?parent=107502"}],"wp:term":[{"taxonomy":"product_brand","embeddable":true,"href":"https:\/\/nimedixmedical.com\/en\/wp-json\/wp\/v2\/product_brand?post=107502"},{"taxonomy":"product_cat","embeddable":true,"href":"https:\/\/nimedixmedical.com\/en\/wp-json\/wp\/v2\/product_cat?post=107502"},{"taxonomy":"product_tag","embeddable":true,"href":"https:\/\/nimedixmedical.com\/en\/wp-json\/wp\/v2\/product_tag?post=107502"}],"curies":[{"name":"wp","href":"https:\/\/api.w.org\/{rel}","templated":true}]}}