{"id":107398,"date":"2025-11-30T20:35:03","date_gmt":"2025-11-30T19:35:03","guid":{"rendered":"https:\/\/nimedixmedical.com\/notre-catalogue\/electrodes-gelifiees-reutilisables-50x50-mm\/"},"modified":"2026-01-12T15:17:13","modified_gmt":"2026-01-12T14:17:13","slug":"electrodes-gelifiees-reutilisables-50x50-mm","status":"publish","type":"product","link":"https:\/\/nimedixmedical.com\/en\/our-catalog\/electrodes-gelifiees-reutilisables-50x50-mm\/","title":{"rendered":"\u00c9lectrodes G\u00e9lifi\u00e9es R\u00e9utilisables 50&#215;50 mm"},"content":{"rendered":"<p>The electrodes jellyfied reusable 50\u00d750 mm are specially designed to be used with the devices, TENS, favouring an efficient muscle stimulation. Their design ensures optimal comfort for the users, either at home or in a medical office. They are ideal to relieve the pain and improve well-being.<\/p>\n<h2>Features<\/h2>\n<ul>\n<li>Dimensions : 50\u00d750 mm<\/li>\n<li>Type : Electrodes jellyfied reusable<\/li>\n<li>Packaging : Bag of 4 electrodes<\/li>\n<li>Compatibility : Use with devices TENS and other devices of stimulation<\/li>\n<\/ul>\n<h2>Delivery<\/h2>\n<ul>\n<li><strong>France :<\/strong> Direct delivery.<\/li>\n<li><strong>Export (Europe and Africa) :<\/strong> Quote.<\/li>\n<\/ul>","protected":false},"excerpt":{"rendered":"<ul>\n<li>Electrodes, reusable 50\u00d750 mm, ideal for the treatment TENS.<\/li>\n<li>Facilitate muscle stimulation and pain management.<\/li>\n<li>Designed for optimal comfort during use.<\/li>\n<li>Bag of 4 electrodes, perfect for home use or professional.<\/li>\n<\/ul>","protected":false},"featured_media":107399,"comment_status":"open","ping_status":"open","template":"","meta":{"inline_featured_image":false},"product_brand":[],"product_cat":[1066,1068],"product_tag":[],"class_list":{"0":"post-107398","1":"product","2":"type-product","3":"status-publish","4":"has-post-thumbnail","6":"product_cat-electromedicaux","7":"product_cat-stimulateurs-tens-dispositif-therapeutique-a-infrarouges-et-accessoires","9":"first","10":"instock","11":"sale","12":"taxable","13":"shipping-taxable","14":"purchasable","15":"product-type-simple"},"_links":{"self":[{"href":"https:\/\/nimedixmedical.com\/en\/wp-json\/wp\/v2\/product\/107398","targetHints":{"allow":["GET"]}}],"collection":[{"href":"https:\/\/nimedixmedical.com\/en\/wp-json\/wp\/v2\/product"}],"about":[{"href":"https:\/\/nimedixmedical.com\/en\/wp-json\/wp\/v2\/types\/product"}],"replies":[{"embeddable":true,"href":"https:\/\/nimedixmedical.com\/en\/wp-json\/wp\/v2\/comments?post=107398"}],"wp:featuredmedia":[{"embeddable":true,"href":"https:\/\/nimedixmedical.com\/en\/wp-json\/wp\/v2\/media\/107399"}],"wp:attachment":[{"href":"https:\/\/nimedixmedical.com\/en\/wp-json\/wp\/v2\/media?parent=107398"}],"wp:term":[{"taxonomy":"product_brand","embeddable":true,"href":"https:\/\/nimedixmedical.com\/en\/wp-json\/wp\/v2\/product_brand?post=107398"},{"taxonomy":"product_cat","embeddable":true,"href":"https:\/\/nimedixmedical.com\/en\/wp-json\/wp\/v2\/product_cat?post=107398"},{"taxonomy":"product_tag","embeddable":true,"href":"https:\/\/nimedixmedical.com\/en\/wp-json\/wp\/v2\/product_tag?post=107398"}],"curies":[{"name":"wp","href":"https:\/\/api.w.org\/{rel}","templated":true}]}}