{"id":107114,"date":"2025-11-30T20:30:50","date_gmt":"2025-11-30T19:30:50","guid":{"rendered":"https:\/\/nimedixmedical.com\/notre-catalogue\/endogyn-pour-prelevement-endometrial\/"},"modified":"2026-01-12T15:15:36","modified_gmt":"2026-01-12T14:15:36","slug":"endogyn-for-endometrial-sampling","status":"publish","type":"product","link":"https:\/\/nimedixmedical.com\/en\/our-catalog\/endogyn-for-endometrial-sampling\/","title":{"rendered":"Endogyn pour Pr\u00e9l\u00e8vement Endom\u00e9trial"},"content":{"rendered":"<p>The device ENDOGYN is specially designed for the removal endometrial cytology. It allows you to perform examinations of the endometrium in a simple way and without pain, while ensuring maximum preservation of tissue.<\/p>\n<h2>Features<\/h2>\n<ul>\n<li>External \u00d8 : 3.0 mm<\/li>\n<li>Length : 20 cm<\/li>\n<li>Chuck in a \u201cV\u201d done by 2 branches asymmetric.<\/li>\n<li>Fine pitch teeth and cutting edges for efficient sampling.<\/li>\n<li>Head hemispherical allowing the aspiration of the sampled tissue.<\/li>\n<li>Measures hyst\u00e9rom\u00e9trie at 3, 6 and 9 cm.<\/li>\n<\/ul>\n<h2>Delivery<\/h2>\n<ul>\n<li><strong>France :<\/strong> Direct delivery.<\/li>\n<li><strong>Export (Europe and Africa) :<\/strong> Quote.<\/li>\n<\/ul>","protected":false},"excerpt":{"rendered":"<ul>\n<li>Endometrial sampling cytological easy and pain-free.<\/li>\n<li>Avoiding dilation and traction of the cervix.<\/li>\n<li>Unique design with fine pitch teeth for better sampling.<\/li>\n<li>Hyst\u00e9rom\u00e9trie measured at 3, 6 and 9 cm for a specific use.<\/li>\n<\/ul>","protected":false},"featured_media":107115,"comment_status":"open","ping_status":"open","template":"","meta":{"inline_featured_image":false},"product_brand":[],"product_cat":[1060,1053,1040],"product_tag":[],"class_list":{"0":"post-107114","1":"product","2":"type-product","3":"status-publish","4":"has-post-thumbnail","6":"product_cat-brossettes-de-prelevement","7":"product_cat-dispositifs-de-prelevement-spatules-cotons-tiges-lames","8":"product_cat-gynecologie","10":"first","11":"instock","12":"sale","13":"taxable","14":"shipping-taxable","15":"purchasable","16":"product-type-simple"},"_links":{"self":[{"href":"https:\/\/nimedixmedical.com\/en\/wp-json\/wp\/v2\/product\/107114","targetHints":{"allow":["GET"]}}],"collection":[{"href":"https:\/\/nimedixmedical.com\/en\/wp-json\/wp\/v2\/product"}],"about":[{"href":"https:\/\/nimedixmedical.com\/en\/wp-json\/wp\/v2\/types\/product"}],"replies":[{"embeddable":true,"href":"https:\/\/nimedixmedical.com\/en\/wp-json\/wp\/v2\/comments?post=107114"}],"wp:featuredmedia":[{"embeddable":true,"href":"https:\/\/nimedixmedical.com\/en\/wp-json\/wp\/v2\/media\/107115"}],"wp:attachment":[{"href":"https:\/\/nimedixmedical.com\/en\/wp-json\/wp\/v2\/media?parent=107114"}],"wp:term":[{"taxonomy":"product_brand","embeddable":true,"href":"https:\/\/nimedixmedical.com\/en\/wp-json\/wp\/v2\/product_brand?post=107114"},{"taxonomy":"product_cat","embeddable":true,"href":"https:\/\/nimedixmedical.com\/en\/wp-json\/wp\/v2\/product_cat?post=107114"},{"taxonomy":"product_tag","embeddable":true,"href":"https:\/\/nimedixmedical.com\/en\/wp-json\/wp\/v2\/product_tag?post=107114"}],"curies":[{"name":"wp","href":"https:\/\/api.w.org\/{rel}","templated":true}]}}