{"id":106802,"date":"2025-11-30T20:26:18","date_gmt":"2025-11-30T19:26:18","guid":{"rendered":"https:\/\/nimedixmedical.com\/notre-catalogue\/pointe-allongee-haute-temperature-bovie-sterile\/"},"modified":"2026-01-12T15:13:50","modified_gmt":"2026-01-12T14:13:50","slug":"extended-high-temperature-sterile-bovine-tip","status":"publish","type":"product","link":"https:\/\/nimedixmedical.com\/en\/our-catalog\/extended-high-temperature-sterile-bovine-tip\/","title":{"rendered":"Pointe Allong\u00e9e Haute Temp\u00e9rature Bovie &#8211; St\u00e9rile"},"content":{"rendered":"<p>The elongated tip high temperature Bovie is an essential accessory for surgical procedures requiring cauterization accurate, especially in vasectomies. Its sterile design guarantees optimum safety when in use.<\/p>\n<h2>Features<\/h2>\n<ul>\n<li>Elongated tip for a better scope in the application.<\/li>\n<li>Designed to operate at a high temperature, ideal for effective results.<\/li>\n<li>Compatible with the caut\u00e8res Bovie, models 30590 and 30584.<\/li>\n<li>Proposed lot 10 tips sterile for a practical use.<\/li>\n<\/ul>\n<h2>Delivery<\/h2>\n<ul>\n<li><strong>France :<\/strong> Direct delivery.<\/li>\n<li><strong>Export (Europe and Africa) :<\/strong> Quote.<\/li>\n<\/ul>","protected":false},"excerpt":{"rendered":"<ul>\n<li>Tip sterile elongated cautery accurate.<\/li>\n<li>Designed to interventions of vasectomy with high temperature.<\/li>\n<li>Interchangeable with the caut\u00e8res models 30590 and 30584.<\/li>\n<li>Lot of 10 spikes for extended use and economic.<\/li>\n<\/ul>","protected":false},"featured_media":106803,"comment_status":"open","ping_status":"open","template":"","meta":{"inline_featured_image":false},"product_brand":[],"product_cat":[1039,1037,1021],"product_tag":[],"class_list":{"0":"post-106802","1":"product","2":"type-product","3":"status-publish","4":"has-post-thumbnail","6":"product_cat-cauteres-et-accessoires","7":"product_cat-cauteres-cryotherapie","8":"product_cat-electrochirurgie","10":"first","11":"instock","12":"sale","13":"taxable","14":"shipping-taxable","15":"purchasable","16":"product-type-simple"},"_links":{"self":[{"href":"https:\/\/nimedixmedical.com\/en\/wp-json\/wp\/v2\/product\/106802","targetHints":{"allow":["GET"]}}],"collection":[{"href":"https:\/\/nimedixmedical.com\/en\/wp-json\/wp\/v2\/product"}],"about":[{"href":"https:\/\/nimedixmedical.com\/en\/wp-json\/wp\/v2\/types\/product"}],"replies":[{"embeddable":true,"href":"https:\/\/nimedixmedical.com\/en\/wp-json\/wp\/v2\/comments?post=106802"}],"wp:featuredmedia":[{"embeddable":true,"href":"https:\/\/nimedixmedical.com\/en\/wp-json\/wp\/v2\/media\/106803"}],"wp:attachment":[{"href":"https:\/\/nimedixmedical.com\/en\/wp-json\/wp\/v2\/media?parent=106802"}],"wp:term":[{"taxonomy":"product_brand","embeddable":true,"href":"https:\/\/nimedixmedical.com\/en\/wp-json\/wp\/v2\/product_brand?post=106802"},{"taxonomy":"product_cat","embeddable":true,"href":"https:\/\/nimedixmedical.com\/en\/wp-json\/wp\/v2\/product_cat?post=106802"},{"taxonomy":"product_tag","embeddable":true,"href":"https:\/\/nimedixmedical.com\/en\/wp-json\/wp\/v2\/product_tag?post=106802"}],"curies":[{"name":"wp","href":"https:\/\/api.w.org\/{rel}","templated":true}]}}