{"id":106774,"date":"2025-11-30T20:26:18","date_gmt":"2025-11-30T19:26:18","guid":{"rendered":"https:\/\/nimedixmedical.com\/notre-catalogue\/electrocautere-durgence-800-c-pointe-epaisse\/"},"modified":"2026-01-12T15:13:39","modified_gmt":"2026-01-12T14:13:39","slug":"durgence-800-c-thick-tip-electrocautery","status":"publish","type":"product","link":"https:\/\/nimedixmedical.com\/en\/our-catalog\/durgence-800-c-thick-tip-electrocautery\/","title":{"rendered":"\u00c9lectrocaut\u00e8re D&#8217;urgence 800 \u00b0c &#8211; Pointe \u00c9paisse"},"content":{"rendered":"<p>The \u00e9lectrocaut\u00e8re emergency at 800 \u00b0C is an essential tool in a medical setting, specifically designed for the cauterization in a fast and efficient small blood vessels. Its design, disposable, sterile guarantees optimum safety during each intervention.<\/p>\n<h2>Features<\/h2>\n<ul>\n<li>Type : \u00c9lectrocaut\u00e8re emergency, 800 \u00b0C.<\/li>\n<li>Tip : Thick, length 28 mm, ideal to punch the nails.<\/li>\n<li>Total length : 18 cm.<\/li>\n<li>Temperature : 800 \u00b0C (1200 \u00b0F).<\/li>\n<li>Weight : 65 g.<\/li>\n<li>Manufacture : Made in Italy.<\/li>\n<li>Applications : emergency department, HTC (Cautery High Temperature).<\/li>\n<\/ul>\n<h2>Delivery<\/h2>\n<ul>\n<li><strong>France :<\/strong> Direct delivery.<\/li>\n<li><strong>Export (Europe and Africa) :<\/strong> Quote.<\/li>\n<\/ul>","protected":false},"excerpt":{"rendered":"<ul>\n<li>Disposable device for burning out effective small blood vessels.<\/li>\n<li>Tip thick for the perforation of the nails in the event of a hematoma.<\/li>\n<li>Autonomy 60 minutes thanks to its internal battery long-term.<\/li>\n<li>Ideal for use in the emergency services.<\/li>\n<\/ul>","protected":false},"featured_media":106775,"comment_status":"open","ping_status":"open","template":"","meta":{"inline_featured_image":false},"product_brand":[],"product_cat":[1039,1037,1021],"product_tag":[],"class_list":{"0":"post-106774","1":"product","2":"type-product","3":"status-publish","4":"has-post-thumbnail","6":"product_cat-cauteres-et-accessoires","7":"product_cat-cauteres-cryotherapie","8":"product_cat-electrochirurgie","10":"first","11":"instock","12":"sale","13":"taxable","14":"shipping-taxable","15":"purchasable","16":"product-type-simple"},"_links":{"self":[{"href":"https:\/\/nimedixmedical.com\/en\/wp-json\/wp\/v2\/product\/106774","targetHints":{"allow":["GET"]}}],"collection":[{"href":"https:\/\/nimedixmedical.com\/en\/wp-json\/wp\/v2\/product"}],"about":[{"href":"https:\/\/nimedixmedical.com\/en\/wp-json\/wp\/v2\/types\/product"}],"replies":[{"embeddable":true,"href":"https:\/\/nimedixmedical.com\/en\/wp-json\/wp\/v2\/comments?post=106774"}],"wp:featuredmedia":[{"embeddable":true,"href":"https:\/\/nimedixmedical.com\/en\/wp-json\/wp\/v2\/media\/106775"}],"wp:attachment":[{"href":"https:\/\/nimedixmedical.com\/en\/wp-json\/wp\/v2\/media?parent=106774"}],"wp:term":[{"taxonomy":"product_brand","embeddable":true,"href":"https:\/\/nimedixmedical.com\/en\/wp-json\/wp\/v2\/product_brand?post=106774"},{"taxonomy":"product_cat","embeddable":true,"href":"https:\/\/nimedixmedical.com\/en\/wp-json\/wp\/v2\/product_cat?post=106774"},{"taxonomy":"product_tag","embeddable":true,"href":"https:\/\/nimedixmedical.com\/en\/wp-json\/wp\/v2\/product_tag?post=106774"}],"curies":[{"name":"wp","href":"https:\/\/api.w.org\/{rel}","templated":true}]}}