{"id":106727,"date":"2025-11-30T20:25:19","date_gmt":"2025-11-30T19:25:19","guid":{"rendered":"https:\/\/nimedixmedical.com\/notre-catalogue\/electrode-a-anse-droite-diametre-8-mm-5-cm\/"},"modified":"2026-01-12T15:13:31","modified_gmt":"2026-01-12T14:13:31","slug":"straight-handle-electrode-diameter-8-mm-5-cm","status":"publish","type":"product","link":"https:\/\/nimedixmedical.com\/en\/our-catalog\/straight-handle-electrode-diameter-8-mm-5-cm\/","title":{"rendered":"\u00c9lectrode \u00c0 Anse &#8211; Droite Diam\u00e8tre 8 mm &#8211; 5 cm"},"content":{"rendered":"<p>Designed for health professionals, the electrode at anse right of 8 mm is an essential tool in electrosurgery. Its design allows for precise handling during interventions, while respecting hygiene standards, thanks to its ability to autoclaving.<\/p>\n<h2>Features<\/h2>\n<ul>\n<li>Type : Electrode anse right<\/li>\n<li>Diameter : 8 mm<\/li>\n<li>Length : 5 cm<\/li>\n<li>Autoclavable : up to 30 times<\/li>\n<li>Multilingual Instructions : GB, FR, IT, ES, PT, DE, NL, IS, LT, PL, CZ, HU, HR, RO, GR, Arabic<\/li>\n<\/ul>\n<h2>Delivery<\/h2>\n<ul>\n<li><strong>France :<\/strong> Direct delivery.<\/li>\n<li><strong>Export (Europe and Africa) :<\/strong> Quote.<\/li>\n<\/ul>","protected":false},"excerpt":{"rendered":"<ul>\n<li>Electrode anse right to a specific use of electrosurgery.<\/li>\n<li>Autoclavable up to 30 times, ensuring optimum hygiene.<\/li>\n<li>Diameter of 8 mm, with better conductivity.<\/li>\n<li>Multilingual Instructions included for easy use.<\/li>\n<\/ul>","protected":false},"featured_media":106728,"comment_status":"open","ping_status":"open","template":"","meta":{"inline_featured_image":false},"product_brand":[],"product_cat":[1021,1036],"product_tag":[],"class_list":{"0":"post-106727","1":"product","2":"type-product","3":"status-publish","4":"has-post-thumbnail","6":"product_cat-electrochirurgie","7":"product_cat-electrodes","9":"first","10":"instock","11":"sale","12":"taxable","13":"shipping-taxable","14":"purchasable","15":"product-type-simple"},"_links":{"self":[{"href":"https:\/\/nimedixmedical.com\/en\/wp-json\/wp\/v2\/product\/106727","targetHints":{"allow":["GET"]}}],"collection":[{"href":"https:\/\/nimedixmedical.com\/en\/wp-json\/wp\/v2\/product"}],"about":[{"href":"https:\/\/nimedixmedical.com\/en\/wp-json\/wp\/v2\/types\/product"}],"replies":[{"embeddable":true,"href":"https:\/\/nimedixmedical.com\/en\/wp-json\/wp\/v2\/comments?post=106727"}],"wp:featuredmedia":[{"embeddable":true,"href":"https:\/\/nimedixmedical.com\/en\/wp-json\/wp\/v2\/media\/106728"}],"wp:attachment":[{"href":"https:\/\/nimedixmedical.com\/en\/wp-json\/wp\/v2\/media?parent=106727"}],"wp:term":[{"taxonomy":"product_brand","embeddable":true,"href":"https:\/\/nimedixmedical.com\/en\/wp-json\/wp\/v2\/product_brand?post=106727"},{"taxonomy":"product_cat","embeddable":true,"href":"https:\/\/nimedixmedical.com\/en\/wp-json\/wp\/v2\/product_cat?post=106727"},{"taxonomy":"product_tag","embeddable":true,"href":"https:\/\/nimedixmedical.com\/en\/wp-json\/wp\/v2\/product_tag?post=106727"}],"curies":[{"name":"wp","href":"https:\/\/api.w.org\/{rel}","templated":true}]}}