{"id":106640,"date":"2025-11-30T20:24:32","date_gmt":"2025-11-30T19:24:32","guid":{"rendered":"https:\/\/nimedixmedical.com\/notre-catalogue\/electrode-a-lame-non-stick-10-cm-sterile\/"},"modified":"2026-01-12T15:13:23","modified_gmt":"2026-01-12T14:13:23","slug":"non-stick-blade-electrode-10-cm-sterile","status":"publish","type":"product","link":"https:\/\/nimedixmedical.com\/en\/our-catalog\/non-stick-blade-electrode-10-cm-sterile\/","title":{"rendered":"\u00c9lectrode \u00c0 Lame Non Stick &#8211; 10 cm &#8211; St\u00e9rile"},"content":{"rendered":"<p>The electrodes-blade non stick of 10 cm are designed for health professionals. Their use is essential in electrosurgery, allowing interventions accurate and secure without the risk of adhesion to the tissue.<\/p>\n<h2>Features<\/h2>\n<ul>\n<li>Type : Electrode, single use, non-adhesive<\/li>\n<li>Diameter : \u00d8 2.4 mm<\/li>\n<li>Length : 10 cm<\/li>\n<li>Coating : Teflon to prevent adhesion<\/li>\n<li>Sterility : sterile Product, ready to use<\/li>\n<\/ul>\n<h2>Delivery<\/h2>\n<ul>\n<li><strong>France :<\/strong> Direct delivery.<\/li>\n<li><strong>Export (Europe and Africa) :<\/strong> Quote.<\/li>\n<\/ul>","protected":false},"excerpt":{"rendered":"<ul>\n<li>Single-use : Ready to use for medical procedures.<\/li>\n<li>Benefit : Teflon Coated avoiding the adhesion to the tissue.<\/li>\n<li>Sterile : Guarantee of security for the interventions.<\/li>\n<li>Ideal length of 10 cm for precise handling.<\/li>\n<\/ul>","protected":false},"featured_media":106641,"comment_status":"open","ping_status":"open","template":"","meta":{"inline_featured_image":false},"product_brand":[],"product_cat":[1021,1036],"product_tag":[],"class_list":{"0":"post-106640","1":"product","2":"type-product","3":"status-publish","4":"has-post-thumbnail","6":"product_cat-electrochirurgie","7":"product_cat-electrodes","9":"first","10":"instock","11":"sale","12":"taxable","13":"shipping-taxable","14":"purchasable","15":"product-type-simple"},"_links":{"self":[{"href":"https:\/\/nimedixmedical.com\/en\/wp-json\/wp\/v2\/product\/106640","targetHints":{"allow":["GET"]}}],"collection":[{"href":"https:\/\/nimedixmedical.com\/en\/wp-json\/wp\/v2\/product"}],"about":[{"href":"https:\/\/nimedixmedical.com\/en\/wp-json\/wp\/v2\/types\/product"}],"replies":[{"embeddable":true,"href":"https:\/\/nimedixmedical.com\/en\/wp-json\/wp\/v2\/comments?post=106640"}],"wp:featuredmedia":[{"embeddable":true,"href":"https:\/\/nimedixmedical.com\/en\/wp-json\/wp\/v2\/media\/106641"}],"wp:attachment":[{"href":"https:\/\/nimedixmedical.com\/en\/wp-json\/wp\/v2\/media?parent=106640"}],"wp:term":[{"taxonomy":"product_brand","embeddable":true,"href":"https:\/\/nimedixmedical.com\/en\/wp-json\/wp\/v2\/product_brand?post=106640"},{"taxonomy":"product_cat","embeddable":true,"href":"https:\/\/nimedixmedical.com\/en\/wp-json\/wp\/v2\/product_cat?post=106640"},{"taxonomy":"product_tag","embeddable":true,"href":"https:\/\/nimedixmedical.com\/en\/wp-json\/wp\/v2\/product_tag?post=106640"}],"curies":[{"name":"wp","href":"https:\/\/api.w.org\/{rel}","templated":true}]}}