{"id":106609,"date":"2025-11-30T20:23:57","date_gmt":"2025-11-30T19:23:57","guid":{"rendered":"https:\/\/nimedixmedical.com\/notre-catalogue\/cable-pour-plaques-305553055630566-reutilisable\/"},"modified":"2026-01-12T15:13:13","modified_gmt":"2026-01-12T14:13:13","slug":"cable-for-plates-305553055630566-reusable","status":"publish","type":"product","link":"https:\/\/nimedixmedical.com\/en\/our-catalog\/cable-for-plates-305553055630566-reusable\/","title":{"rendered":"C\u00e2ble pour Plaques (30555,30556,30566) &#8211; R\u00e9utilisable"},"content":{"rendered":"<p>The cable for plates steel-rubber is an essential accessory for the \u00e9lectro\u00e9pilateurs, ensuring optimal performance during medical interventions. Designed to be reusable, it meets the requirements of the health professionals concerned about quality and durability.<\/p>\n<h2>Features<\/h2>\n<ul>\n<li>Reusable for economic performance and ecological.<\/li>\n<li>Compatible with the models of the plates 30555, 30556, 30566.<\/li>\n<li>High-quality materials for an efficient conduction.<\/li>\n<li>Ease-of-use and service for health professionals.<\/li>\n<\/ul>\n<h2>Delivery<\/h2>\n<ul>\n<li><strong>France :<\/strong> Direct delivery.<\/li>\n<li><strong>Export (Europe and Africa) :<\/strong> Quote.<\/li>\n<\/ul>","protected":false},"excerpt":{"rendered":"<ul>\n<li>Compatible with plates steel-rubber codes 30555, 30556, 30566.<\/li>\n<li>Designed for use with reusable, promote sustainability, and the economy.<\/li>\n<li>Facilitates the procedures of electrosurgery with reliable connectivity.<\/li>\n<li>Improves the effectiveness of treatments through a conduction optimal.<\/li>\n<\/ul>","protected":false},"featured_media":106610,"comment_status":"open","ping_status":"open","template":"","meta":{"inline_featured_image":false},"product_brand":[],"product_cat":[1021,1035],"product_tag":[],"class_list":{"0":"post-106609","1":"product","2":"type-product","3":"status-publish","4":"has-post-thumbnail","6":"product_cat-electrochirurgie","7":"product_cat-electroepilateurs-et-accessoires","9":"first","10":"instock","11":"sale","12":"taxable","13":"shipping-taxable","14":"purchasable","15":"product-type-simple"},"_links":{"self":[{"href":"https:\/\/nimedixmedical.com\/en\/wp-json\/wp\/v2\/product\/106609","targetHints":{"allow":["GET"]}}],"collection":[{"href":"https:\/\/nimedixmedical.com\/en\/wp-json\/wp\/v2\/product"}],"about":[{"href":"https:\/\/nimedixmedical.com\/en\/wp-json\/wp\/v2\/types\/product"}],"replies":[{"embeddable":true,"href":"https:\/\/nimedixmedical.com\/en\/wp-json\/wp\/v2\/comments?post=106609"}],"wp:featuredmedia":[{"embeddable":true,"href":"https:\/\/nimedixmedical.com\/en\/wp-json\/wp\/v2\/media\/106610"}],"wp:attachment":[{"href":"https:\/\/nimedixmedical.com\/en\/wp-json\/wp\/v2\/media?parent=106609"}],"wp:term":[{"taxonomy":"product_brand","embeddable":true,"href":"https:\/\/nimedixmedical.com\/en\/wp-json\/wp\/v2\/product_brand?post=106609"},{"taxonomy":"product_cat","embeddable":true,"href":"https:\/\/nimedixmedical.com\/en\/wp-json\/wp\/v2\/product_cat?post=106609"},{"taxonomy":"product_tag","embeddable":true,"href":"https:\/\/nimedixmedical.com\/en\/wp-json\/wp\/v2\/product_tag?post=106609"}],"curies":[{"name":"wp","href":"https:\/\/api.w.org\/{rel}","templated":true}]}}