{"id":106501,"date":"2025-11-30T20:22:51","date_gmt":"2025-11-30T19:22:51","guid":{"rendered":"https:\/\/nimedixmedical.com\/notre-catalogue\/pince-a-baionette-jetable-20-cm-avec-cable-de-3-m-pointe-10-mm\/"},"modified":"2026-01-12T15:12:32","modified_gmt":"2026-01-12T14:12:32","slug":"pince-a-baionette-jetable-20-cm-avec-cable-de-3-m-pointe-10-mm","status":"publish","type":"product","link":"https:\/\/nimedixmedical.com\/en\/our-catalog\/pince-a-baionette-jetable-20-cm-avec-cable-de-3-m-pointe-10-mm\/","title":{"rendered":"Pince \u00c0 Ba\u00efonette Jetable 20 cm avec C\u00e2ble de 3 M &#8211; Pointe 1,0 mm"},"content":{"rendered":"<p>The forceps bayonet disposable is an essential tool in electrosurgery, providing maximum precision for medical interventions. Its design ensures an easy-to-use and secure, making every process more efficient.<\/p>\n<h2>Features<\/h2>\n<ul>\n<li>Length of clamp : 20 cm<\/li>\n<li>Tip : 1.0 mm for increased accuracy<\/li>\n<li>Cable : 3 m long, making it easier to access during procedures<\/li>\n<li>Sterilization : Treatment with ethylene oxide (EtO) for a security maximized<\/li>\n<li>Compatibility : Card-Valleylab, identical to the model 30640<\/li>\n<\/ul>\n<h2>Delivery<\/h2>\n<ul>\n<li><strong>France :<\/strong> Direct delivery.<\/li>\n<li><strong>Export (Europe and Africa) :<\/strong> Quote.<\/li>\n<\/ul>","protected":false},"excerpt":{"rendered":"<ul>\n<li>Use : Pliers bayonet disposable 20 cm surgical interventions accurate.<\/li>\n<li>Benefit : Sterilization ethylene oxide, to ensure optimum safety.<\/li>\n<li>Compatibility : Card-Valleylab, ensuring easy connection with compatible devices.<\/li>\n<li>Length of cable : Supplied with a 3 m cable for better handling during the proceedings.<\/li>\n<\/ul>","protected":false},"featured_media":106502,"comment_status":"open","ping_status":"open","template":"","meta":{"inline_featured_image":false},"product_brand":[],"product_cat":[1021,1032,1030],"product_tag":[],"class_list":{"0":"post-106501","1":"product","2":"type-product","3":"status-publish","4":"has-post-thumbnail","6":"product_cat-electrochirurgie","7":"product_cat-pinces-et-cables-bipolaires-jetables","8":"product_cat-pinces-et-cables-monopolaires-et-bipolaires","10":"first","11":"instock","12":"sale","13":"taxable","14":"shipping-taxable","15":"purchasable","16":"product-type-simple"},"_links":{"self":[{"href":"https:\/\/nimedixmedical.com\/en\/wp-json\/wp\/v2\/product\/106501","targetHints":{"allow":["GET"]}}],"collection":[{"href":"https:\/\/nimedixmedical.com\/en\/wp-json\/wp\/v2\/product"}],"about":[{"href":"https:\/\/nimedixmedical.com\/en\/wp-json\/wp\/v2\/types\/product"}],"replies":[{"embeddable":true,"href":"https:\/\/nimedixmedical.com\/en\/wp-json\/wp\/v2\/comments?post=106501"}],"wp:featuredmedia":[{"embeddable":true,"href":"https:\/\/nimedixmedical.com\/en\/wp-json\/wp\/v2\/media\/106502"}],"wp:attachment":[{"href":"https:\/\/nimedixmedical.com\/en\/wp-json\/wp\/v2\/media?parent=106501"}],"wp:term":[{"taxonomy":"product_brand","embeddable":true,"href":"https:\/\/nimedixmedical.com\/en\/wp-json\/wp\/v2\/product_brand?post=106501"},{"taxonomy":"product_cat","embeddable":true,"href":"https:\/\/nimedixmedical.com\/en\/wp-json\/wp\/v2\/product_cat?post=106501"},{"taxonomy":"product_tag","embeddable":true,"href":"https:\/\/nimedixmedical.com\/en\/wp-json\/wp\/v2\/product_tag?post=106501"}],"curies":[{"name":"wp","href":"https:\/\/api.w.org\/{rel}","templated":true}]}}