{"id":106476,"date":"2025-11-30T20:22:16","date_gmt":"2025-11-30T19:22:16","guid":{"rendered":"https:\/\/nimedixmedical.com\/notre-catalogue\/filtre-ulpa-rouge-20-heures-rechange-pour-30450-a-partir-du-numero-de-serie-0216383\/"},"modified":"2026-01-12T15:12:26","modified_gmt":"2026-01-12T14:12:26","slug":"filtre-ulpa-rouge-20-heures-rechange-pour-30450-a-partir-du-numero-de-serie-0216383","status":"publish","type":"product","link":"https:\/\/nimedixmedical.com\/en\/our-catalog\/filtre-ulpa-rouge-20-heures-rechange-pour-30450-a-partir-du-numero-de-serie-0216383\/","title":{"rendered":"Filtre Ulpa Rouge (20 Heures) &#8211; Rechange pour 30450 \u00e0 Partir du Num\u00e9ro de S\u00e9rie 0216383"},"content":{"rendered":"<p>The filter ULPA red is an essential accessory for devices of smoke removal by electrosurgery, ensuring environment-surgical safe and healthy. Its effectiveness is paramount to reduce the risk of contamination during procedures.<\/p>\n<h2>Features<\/h2>\n<ul>\n<li>Type : Filter, ULPA red<\/li>\n<li>Usage time : 20 hours<\/li>\n<li>Compatibility : Model 30450 from the serial number 0216383<\/li>\n<li>Improvement of the security operative<\/li>\n<\/ul>\n<h2>Delivery<\/h2>\n<ul>\n<li><strong>France :<\/strong> Direct delivery.<\/li>\n<li><strong>Export (Europe and Africa) :<\/strong> Quote.<\/li>\n<\/ul>","protected":false},"excerpt":{"rendered":"<ul>\n<li>Filter ULPA red designed for the evacuation of surgical smoke.<\/li>\n<li>Usage time up to 20 hours, ensuring effective filtration.<\/li>\n<li>Compatible with the model 30450 from the serial number 0216383.<\/li>\n<li>Improves safety and hygiene in the middle of the operation.<\/li>\n<\/ul>","protected":false},"featured_media":106477,"comment_status":"open","ping_status":"open","template":"","meta":{"inline_featured_image":false},"product_brand":[],"product_cat":[1021,1029,1026],"product_tag":[],"class_list":{"0":"post-106476","1":"product","2":"type-product","3":"status-publish","4":"has-post-thumbnail","6":"product_cat-electrochirurgie","7":"product_cat-evacuateur-de-fumee","8":"product_cat-plaques-pedales-et-accessoires","10":"first","11":"instock","12":"sale","13":"taxable","14":"shipping-taxable","15":"purchasable","16":"product-type-simple"},"_links":{"self":[{"href":"https:\/\/nimedixmedical.com\/en\/wp-json\/wp\/v2\/product\/106476","targetHints":{"allow":["GET"]}}],"collection":[{"href":"https:\/\/nimedixmedical.com\/en\/wp-json\/wp\/v2\/product"}],"about":[{"href":"https:\/\/nimedixmedical.com\/en\/wp-json\/wp\/v2\/types\/product"}],"replies":[{"embeddable":true,"href":"https:\/\/nimedixmedical.com\/en\/wp-json\/wp\/v2\/comments?post=106476"}],"wp:featuredmedia":[{"embeddable":true,"href":"https:\/\/nimedixmedical.com\/en\/wp-json\/wp\/v2\/media\/106477"}],"wp:attachment":[{"href":"https:\/\/nimedixmedical.com\/en\/wp-json\/wp\/v2\/media?parent=106476"}],"wp:term":[{"taxonomy":"product_brand","embeddable":true,"href":"https:\/\/nimedixmedical.com\/en\/wp-json\/wp\/v2\/product_brand?post=106476"},{"taxonomy":"product_cat","embeddable":true,"href":"https:\/\/nimedixmedical.com\/en\/wp-json\/wp\/v2\/product_cat?post=106476"},{"taxonomy":"product_tag","embeddable":true,"href":"https:\/\/nimedixmedical.com\/en\/wp-json\/wp\/v2\/product_tag?post=106476"}],"curies":[{"name":"wp","href":"https:\/\/api.w.org\/{rel}","templated":true}]}}