{"id":106460,"date":"2025-11-30T20:22:16","date_gmt":"2025-11-30T19:22:16","guid":{"rendered":"https:\/\/nimedixmedical.com\/notre-catalogue\/pedale-interrupteur-etanche-pour-5080mb120122132160200202-cable-3-m\/"},"modified":"2026-01-12T15:12:22","modified_gmt":"2026-01-12T14:12:22","slug":"waterproof-switch-pedal-for-5080mb120122132160200202-cable-3-m","status":"publish","type":"product","link":"https:\/\/nimedixmedical.com\/en\/our-catalog\/waterproof-switch-pedal-for-5080mb120122132160200202-cable-3-m\/","title":{"rendered":"P\u00e9dale Interrupteur \u00c9tanche pour 50,80,mb120,122,132,160,200,202- C\u00e2ble 3 M"},"content":{"rendered":"<p>The pedal switch waterproof is an essential accessory for the surgical equipment, ensuring the safe and effective use in medical environments. Its robust design and its 3-meter cable, offer a high flexibility for health professionals.<\/p>\n<h2>Features<\/h2>\n<ul>\n<li>Compatible models : 50, 80, 106, MB 80D, 120D, 120E, 122, 132, 160, 160D, 200, 200D, 200F, 200 T, 202.<\/li>\n<li>Pedal waterproof, ideal for use in a medical setting.<\/li>\n<li>3 m cable for freedom of movement.<\/li>\n<li>Ease of use for the optimal control of the devices.<\/li>\n<\/ul>\n<h2>Delivery<\/h2>\n<ul>\n<li><strong>France :<\/strong> Direct delivery.<\/li>\n<li><strong>Export (Europe and Africa) :<\/strong> Quote.<\/li>\n<\/ul>","protected":false},"excerpt":{"rendered":"<ul>\n<li>Compatible with a wide range of devices, electro-surgery.<\/li>\n<li>Waterproof design for safe use in a medical environment.<\/li>\n<li>3 m cable with a flexibility of use.<\/li>\n<li>Facilitates access to the functions of the device, thus improving the effectiveness of the procedures.<\/li>\n<\/ul>","protected":false},"featured_media":106461,"comment_status":"open","ping_status":"open","template":"","meta":{"inline_featured_image":false},"product_brand":[],"product_cat":[1021,1028,1026],"product_tag":[],"class_list":{"0":"post-106460","1":"product","2":"type-product","3":"status-publish","4":"has-post-thumbnail","6":"product_cat-electrochirurgie","7":"product_cat-pedales-et-carte-mere","8":"product_cat-plaques-pedales-et-accessoires","10":"first","11":"instock","12":"sale","13":"taxable","14":"shipping-taxable","15":"purchasable","16":"product-type-simple"},"_links":{"self":[{"href":"https:\/\/nimedixmedical.com\/en\/wp-json\/wp\/v2\/product\/106460","targetHints":{"allow":["GET"]}}],"collection":[{"href":"https:\/\/nimedixmedical.com\/en\/wp-json\/wp\/v2\/product"}],"about":[{"href":"https:\/\/nimedixmedical.com\/en\/wp-json\/wp\/v2\/types\/product"}],"replies":[{"embeddable":true,"href":"https:\/\/nimedixmedical.com\/en\/wp-json\/wp\/v2\/comments?post=106460"}],"wp:featuredmedia":[{"embeddable":true,"href":"https:\/\/nimedixmedical.com\/en\/wp-json\/wp\/v2\/media\/106461"}],"wp:attachment":[{"href":"https:\/\/nimedixmedical.com\/en\/wp-json\/wp\/v2\/media?parent=106460"}],"wp:term":[{"taxonomy":"product_brand","embeddable":true,"href":"https:\/\/nimedixmedical.com\/en\/wp-json\/wp\/v2\/product_brand?post=106460"},{"taxonomy":"product_cat","embeddable":true,"href":"https:\/\/nimedixmedical.com\/en\/wp-json\/wp\/v2\/product_cat?post=106460"},{"taxonomy":"product_tag","embeddable":true,"href":"https:\/\/nimedixmedical.com\/en\/wp-json\/wp\/v2\/product_tag?post=106460"}],"curies":[{"name":"wp","href":"https:\/\/api.w.org\/{rel}","templated":true}]}}