{"id":106384,"date":"2025-11-30T20:21:04","date_gmt":"2025-11-30T19:21:04","guid":{"rendered":"https:\/\/nimedixmedical.com\/notre-catalogue\/poignee-a-usage-unique-gima-sterile\/"},"modified":"2026-01-12T15:11:52","modified_gmt":"2026-01-12T14:11:52","slug":"poignee-a-usage-unique-gima-sterile","status":"publish","type":"product","link":"https:\/\/nimedixmedical.com\/en\/our-catalog\/poignee-a-usage-unique-gima-sterile\/","title":{"rendered":"Poign\u00e9e \u00c0 Usage Unique GIMA &#8211; St\u00e9rile"},"content":{"rendered":"<p>The single use handle GIMA is designed to interventions electrosurgical safe and effective. Thanks to its sterility and its compatibility with multiple units, it guarantees optimum performance during medical procedures.<\/p>\n<h2>Features<\/h2>\n<ul>\n<li>Handle single-use and sterile<\/li>\n<li>Designed for electrodes \u00d8 2.4 mm<\/li>\n<li>Equipped with push buttons for cut and coagulation<\/li>\n<li>3 m cable included for flexibility of use<\/li>\n<li>Compatible with the units Diatermo MB and the majority of devices, bipolar<\/li>\n<\/ul>\n<h2>Delivery<\/h2>\n<ul>\n<li><strong>France :<\/strong> Direct delivery.<\/li>\n<li><strong>Export (Europe and Africa) :<\/strong> Quote.<\/li>\n<\/ul>","protected":false},"excerpt":{"rendered":"<ul>\n<li>Single-use for optimal hygiene<\/li>\n<li>Compatibility with a variety of electrosurgery units<\/li>\n<li>Feature CUT-COAG for specific interventions<\/li>\n<li>3 m cable included for convenient use<\/li>\n<\/ul>","protected":false},"featured_media":106385,"comment_status":"open","ping_status":"open","template":"","meta":{"inline_featured_image":false},"product_brand":[],"product_cat":[1021,1025],"product_tag":[],"class_list":{"0":"post-106384","1":"product","2":"type-product","3":"status-publish","4":"has-post-thumbnail","6":"product_cat-electrochirurgie","7":"product_cat-poignees-monopolaires","9":"first","10":"instock","11":"sale","12":"taxable","13":"shipping-taxable","14":"purchasable","15":"product-type-simple"},"_links":{"self":[{"href":"https:\/\/nimedixmedical.com\/en\/wp-json\/wp\/v2\/product\/106384","targetHints":{"allow":["GET"]}}],"collection":[{"href":"https:\/\/nimedixmedical.com\/en\/wp-json\/wp\/v2\/product"}],"about":[{"href":"https:\/\/nimedixmedical.com\/en\/wp-json\/wp\/v2\/types\/product"}],"replies":[{"embeddable":true,"href":"https:\/\/nimedixmedical.com\/en\/wp-json\/wp\/v2\/comments?post=106384"}],"wp:featuredmedia":[{"embeddable":true,"href":"https:\/\/nimedixmedical.com\/en\/wp-json\/wp\/v2\/media\/106385"}],"wp:attachment":[{"href":"https:\/\/nimedixmedical.com\/en\/wp-json\/wp\/v2\/media?parent=106384"}],"wp:term":[{"taxonomy":"product_brand","embeddable":true,"href":"https:\/\/nimedixmedical.com\/en\/wp-json\/wp\/v2\/product_brand?post=106384"},{"taxonomy":"product_cat","embeddable":true,"href":"https:\/\/nimedixmedical.com\/en\/wp-json\/wp\/v2\/product_cat?post=106384"},{"taxonomy":"product_tag","embeddable":true,"href":"https:\/\/nimedixmedical.com\/en\/wp-json\/wp\/v2\/product_tag?post=106384"}],"curies":[{"name":"wp","href":"https:\/\/api.w.org\/{rel}","templated":true}]}}