{"id":106180,"date":"2025-11-30T20:18:04","date_gmt":"2025-11-30T19:18:04","guid":{"rendered":"https:\/\/nimedixmedical.com\/notre-catalogue\/miroir-o-r-l-lux-55-type-storz-avec-transformateur-ca-cc\/"},"modified":"2026-01-12T15:10:35","modified_gmt":"2026-01-12T14:10:35","slug":"miroir-o-r-l-lux-55-type-storz-avec-transformateur-ca-cc","status":"publish","type":"product","link":"https:\/\/nimedixmedical.com\/en\/our-catalog\/miroir-o-r-l-lux-55-type-storz-avec-transformateur-ca-cc\/","title":{"rendered":"Mirror O.R.L. Lux 55 Type Storz with Ca\/cc Transformer"},"content":{"rendered":"<p>Le miroir O.R.L. LUX 55 type STORZ est un outil essentiel pour les professionnels de la sant\u00e9. Sa conception ergonomique et son \u00e9clairage de qualit\u00e9 facilitent les examens cliniques pr\u00e9cis et confortables.<\/p>\n<h2>Features<\/h2>\n<ul>\n<li>Diam\u00e8tre du miroir : 55 mm<\/li>\n<li>\u00c9clairage : Lampe 6V longue dur\u00e9e pour une lumi\u00e8re naturelle optimale<\/li>\n<li>Transformateur CA\/CC inclus, compatible 100\/240V &#8211; 50\/60 Hz avec prises interchangeables (UK, US, EU)<\/li>\n<li>R\u00e9glage facile et pr\u00e9cis du miroir et du faisceau lumineux<\/li>\n<li>Mode d&#8217;emploi multilingue : GB, FR, IT, ES, PT, DE, GR, Arabe<\/li>\n<li>Sac de transport en cordura inclus<\/li>\n<\/ul>\n<h2>Delivery<\/h2>\n<ul>\n<li><strong>France :<\/strong> Direct delivery.<\/li>\n<li><strong>Export (Europe and Africa) :<\/strong> Quote.<\/li>\n<\/ul>","protected":false},"excerpt":{"rendered":"<ul>\n<li>Usage : Miroir frontal O.R.L. id\u00e9al pour les examens cliniques.<\/li>\n<li>B\u00e9n\u00e9fice : \u00c9clairage optimal gr\u00e2ce \u00e0 la lampe longue dur\u00e9e de 6V.<\/li>\n<li>Confort : Bandeau rembourr\u00e9 pour un port prolong\u00e9 sans g\u00eane.<\/li>\n<li>Pratique : Inclus un transformateur avec prises interchangeables pour une utilisation internationale.<\/li>\n<\/ul>","protected":false},"featured_media":106181,"comment_status":"open","ping_status":"open","template":"","meta":{"inline_featured_image":false},"product_brand":[],"product_cat":[1012,1017,1016],"product_tag":[],"class_list":{"0":"post-106180","1":"product","2":"type-product","3":"status-publish","4":"has-post-thumbnail","6":"product_cat-loupes-et-miroirs","7":"product_cat-miroirs-o-r-l","8":"product_cat-miroirs-o-r-l-lampes-frontales","10":"first","11":"instock","12":"sale","13":"taxable","14":"shipping-taxable","15":"purchasable","16":"product-type-simple"},"_links":{"self":[{"href":"https:\/\/nimedixmedical.com\/en\/wp-json\/wp\/v2\/product\/106180","targetHints":{"allow":["GET"]}}],"collection":[{"href":"https:\/\/nimedixmedical.com\/en\/wp-json\/wp\/v2\/product"}],"about":[{"href":"https:\/\/nimedixmedical.com\/en\/wp-json\/wp\/v2\/types\/product"}],"replies":[{"embeddable":true,"href":"https:\/\/nimedixmedical.com\/en\/wp-json\/wp\/v2\/comments?post=106180"}],"wp:featuredmedia":[{"embeddable":true,"href":"https:\/\/nimedixmedical.com\/en\/wp-json\/wp\/v2\/media\/106181"}],"wp:attachment":[{"href":"https:\/\/nimedixmedical.com\/en\/wp-json\/wp\/v2\/media?parent=106180"}],"wp:term":[{"taxonomy":"product_brand","embeddable":true,"href":"https:\/\/nimedixmedical.com\/en\/wp-json\/wp\/v2\/product_brand?post=106180"},{"taxonomy":"product_cat","embeddable":true,"href":"https:\/\/nimedixmedical.com\/en\/wp-json\/wp\/v2\/product_cat?post=106180"},{"taxonomy":"product_tag","embeddable":true,"href":"https:\/\/nimedixmedical.com\/en\/wp-json\/wp\/v2\/product_tag?post=106180"}],"curies":[{"name":"wp","href":"https:\/\/api.w.org\/{rel}","templated":true}]}}