{"id":106100,"date":"2025-11-30T20:17:24","date_gmt":"2025-11-30T19:17:24","guid":{"rendered":"https:\/\/nimedixmedical.com\/notre-catalogue\/connecteur-cable-fujinon-source-lumineuse-gima\/"},"modified":"2026-01-12T15:10:19","modified_gmt":"2026-01-12T14:10:19","slug":"connecteur-cable-fujinon-source-lumineuse-gima","status":"publish","type":"product","link":"https:\/\/nimedixmedical.com\/en\/our-catalog\/connecteur-cable-fujinon-source-lumineuse-gima\/","title":{"rendered":"Connecteur C\u00e2ble Fujinon\/source Lumineuse GIMA"},"content":{"rendered":"<p>Le connecteur c\u00e2ble FUJINON\/SOURCE LUMINEUSE GIMA est un \u00e9l\u00e9ment essentiel pour les professionnels de la sant\u00e9 utilisant des \u00e9quipements d&#8217;endoscopie. Il permet une connexion fiable entre les c\u00e2bles FUJINON et les sources lumineuses GIMA, facilitant ainsi les proc\u00e9dures m\u00e9dicales.<\/p>\n<h2>Features<\/h2>\n<ul>\n<li>Type de connecteur : FUJINON pour sources lumineuses GIMA<\/li>\n<li>Material : robust Design for use in a medical setting<\/li>\n<li>Compatibilit\u00e9 : Adapt\u00e9 aux c\u00e2bles FUJINON standard<\/li>\n<li>Utilisation : Id\u00e9al pour l&#8217;endoscopie et les interventions n\u00e9cessitant une lumi\u00e8re pr\u00e9cise<\/li>\n<\/ul>\n<h2>Delivery<\/h2>\n<ul>\n<li><strong>France :<\/strong> Direct delivery.<\/li>\n<li><strong>Export (Europe and Africa) :<\/strong> Quote.<\/li>\n<\/ul>","protected":false},"excerpt":{"rendered":"<ul>\n<li>Connecteur con\u00e7u pour relier les c\u00e2bles FUJINON aux sources lumineuses GIMA.<\/li>\n<li>Facilite une connexion rapide et efficace pour une utilisation en endoscopie.<\/li>\n<li>Assure une transmission optimale de la lumi\u00e8re pour des proc\u00e9dures m\u00e9dicales pr\u00e9cises.<\/li>\n<li>Robuste et durable, garantissant une utilisation \u00e0 long terme dans un environnement m\u00e9dical.<\/li>\n<\/ul>","protected":false},"featured_media":106101,"comment_status":"open","ping_status":"open","template":"","meta":{"inline_featured_image":false},"product_brand":[],"product_cat":[1007,1003,1005],"product_tag":[],"class_list":{"0":"post-106100","1":"product","2":"type-product","3":"status-publish","4":"has-post-thumbnail","6":"product_cat-cables-en-fibre-optique-connecteurs-et-adaptateurs","7":"product_cat-endoscopie","8":"product_cat-sources-lumineuses-cables-f-o-connecteurs","10":"first","11":"instock","12":"sale","13":"taxable","14":"shipping-taxable","15":"purchasable","16":"product-type-simple"},"_links":{"self":[{"href":"https:\/\/nimedixmedical.com\/en\/wp-json\/wp\/v2\/product\/106100","targetHints":{"allow":["GET"]}}],"collection":[{"href":"https:\/\/nimedixmedical.com\/en\/wp-json\/wp\/v2\/product"}],"about":[{"href":"https:\/\/nimedixmedical.com\/en\/wp-json\/wp\/v2\/types\/product"}],"replies":[{"embeddable":true,"href":"https:\/\/nimedixmedical.com\/en\/wp-json\/wp\/v2\/comments?post=106100"}],"wp:featuredmedia":[{"embeddable":true,"href":"https:\/\/nimedixmedical.com\/en\/wp-json\/wp\/v2\/media\/106101"}],"wp:attachment":[{"href":"https:\/\/nimedixmedical.com\/en\/wp-json\/wp\/v2\/media?parent=106100"}],"wp:term":[{"taxonomy":"product_brand","embeddable":true,"href":"https:\/\/nimedixmedical.com\/en\/wp-json\/wp\/v2\/product_brand?post=106100"},{"taxonomy":"product_cat","embeddable":true,"href":"https:\/\/nimedixmedical.com\/en\/wp-json\/wp\/v2\/product_cat?post=106100"},{"taxonomy":"product_tag","embeddable":true,"href":"https:\/\/nimedixmedical.com\/en\/wp-json\/wp\/v2\/product_tag?post=106100"}],"curies":[{"name":"wp","href":"https:\/\/api.w.org\/{rel}","templated":true}]}}