{"id":105773,"date":"2025-11-30T20:12:54","date_gmt":"2025-11-30T19:12:54","guid":{"rendered":"https:\/\/nimedixmedical.com\/notre-catalogue\/abaisse-langue-de-tobold-inox\/"},"modified":"2026-01-12T15:09:19","modified_gmt":"2026-01-12T14:09:19","slug":"abaisse-langue-de-tobold-inox","status":"publish","type":"product","link":"https:\/\/nimedixmedical.com\/en\/our-catalog\/abaisse-langue-de-tobold-inox\/","title":{"rendered":"Tobold Inox tongue depressor"},"content":{"rendered":"<p>L&#8217;abaisse-langue de Tobold en inox est un instrument m\u00e9dical utilis\u00e9 principalement dans le domaine ORL. Sa conception robuste et sa surface lisse facilitent l&#8217;examen des patients, permettant une observation pr\u00e9cise de la cavit\u00e9 buccale et de la gorge.<\/p>\n<h2>Features<\/h2>\n<ul>\n<li>Mat\u00e9riau : Inox de haute qualit\u00e9 pour une r\u00e9sistance optimale.<\/li>\n<li>Dimensions : Standard pour s&#8217;adapter \u00e0 tous les types d&#8217;examens.<\/li>\n<li>Facilit\u00e9 de nettoyage : Compatible avec les protocoles de d\u00e9sinfection m\u00e9dicale.<\/li>\n<li>Poids l\u00e9ger : Pour une manipulation ais\u00e9e par les praticiens.<\/li>\n<\/ul>\n<h2>Delivery<\/h2>\n<ul>\n<li><strong>France :<\/strong> Direct delivery.<\/li>\n<li><strong>Export (Europe and Africa) :<\/strong> Quote.<\/li>\n<\/ul>","protected":false},"excerpt":{"rendered":"<ul>\n<li>Usage : Outil essentiel pour les examens ORL et dentaires.<\/li>\n<li>B\u00e9n\u00e9fice : Fabriqu\u00e9 en inox, il garantit une durabilit\u00e9 et une facilit\u00e9 de d\u00e9sinfection.<\/li>\n<li>Ergonomie : Con\u00e7u pour un confort optimal lors de l&#8217;utilisation.<\/li>\n<li>Pr\u00e9cision : Permet une observation claire de la cavit\u00e9 buccale et de la gorge.<\/li>\n<\/ul>","protected":false},"featured_media":105774,"comment_status":"open","ping_status":"open","template":"","meta":{"inline_featured_image":false},"product_brand":[],"product_cat":[997,951],"product_tag":[],"class_list":{"0":"post-105773","1":"product","2":"type-product","3":"status-publish","4":"has-post-thumbnail","6":"product_cat-abaisse-langue","7":"product_cat-produits-orl","9":"first","10":"instock","11":"sale","12":"taxable","13":"shipping-taxable","14":"purchasable","15":"product-type-simple"},"_links":{"self":[{"href":"https:\/\/nimedixmedical.com\/en\/wp-json\/wp\/v2\/product\/105773","targetHints":{"allow":["GET"]}}],"collection":[{"href":"https:\/\/nimedixmedical.com\/en\/wp-json\/wp\/v2\/product"}],"about":[{"href":"https:\/\/nimedixmedical.com\/en\/wp-json\/wp\/v2\/types\/product"}],"replies":[{"embeddable":true,"href":"https:\/\/nimedixmedical.com\/en\/wp-json\/wp\/v2\/comments?post=105773"}],"wp:featuredmedia":[{"embeddable":true,"href":"https:\/\/nimedixmedical.com\/en\/wp-json\/wp\/v2\/media\/105774"}],"wp:attachment":[{"href":"https:\/\/nimedixmedical.com\/en\/wp-json\/wp\/v2\/media?parent=105773"}],"wp:term":[{"taxonomy":"product_brand","embeddable":true,"href":"https:\/\/nimedixmedical.com\/en\/wp-json\/wp\/v2\/product_brand?post=105773"},{"taxonomy":"product_cat","embeddable":true,"href":"https:\/\/nimedixmedical.com\/en\/wp-json\/wp\/v2\/product_cat?post=105773"},{"taxonomy":"product_tag","embeddable":true,"href":"https:\/\/nimedixmedical.com\/en\/wp-json\/wp\/v2\/product_tag?post=105773"}],"curies":[{"name":"wp","href":"https:\/\/api.w.org\/{rel}","templated":true}]}}