{"id":105469,"date":"2025-11-30T20:08:32","date_gmt":"2025-11-30T19:08:32","guid":{"rendered":"https:\/\/nimedixmedical.com\/notre-catalogue\/versaloop-avec-lumiere-lentille-eclairage-led\/"},"modified":"2026-01-12T15:07:43","modified_gmt":"2026-01-12T14:07:43","slug":"versaloop-avec-lumiere-lentille-eclairage-led","status":"publish","type":"product","link":"https:\/\/nimedixmedical.com\/en\/our-catalog\/versaloop-avec-lumiere-lentille-eclairage-led\/","title":{"rendered":"Versaloop with Light + Lens + LED Lighting"},"content":{"rendered":"<p>Le kit Versaloop est sp\u00e9cialement con\u00e7u pour les soins auriculaires, offrant une solution compl\u00e8te pour le nettoyage des oreilles. Gr\u00e2ce \u00e0 son \u00e9clairage LED et sa lentille, il permet une visibilit\u00e9 optimale lors des interventions, garantissant ainsi un usage m\u00e9dical en toute s\u00e9curit\u00e9.<\/p>\n<h2>Features<\/h2>\n<ul>\n<li>Comprend 50 curettes auriculaires pour un usage prolong\u00e9.<\/li>\n<li>\u00c9clairage LED int\u00e9gr\u00e9 pour une meilleure visibilit\u00e9.<\/li>\n<li>Lentille pour visualiser clairement l&#8217;int\u00e9rieur de l&#8217;oreille.<\/li>\n<li>Ergonomic design for comfort of use.<\/li>\n<\/ul>\n<h2>Delivery<\/h2>\n<ul>\n<li><strong>France :<\/strong> Direct delivery.<\/li>\n<li><strong>Export (Europe and Africa) :<\/strong> Quote.<\/li>\n<\/ul>","protected":false},"excerpt":{"rendered":"<ul>\n<li>Kit complet incluant 50 curettes, \u00e9clairage LED et lentille pour une utilisation optimale.<\/li>\n<li>Facilite le nettoyage des oreilles tout en offrant une visibilit\u00e9 accrue gr\u00e2ce \u00e0 l&#8217;\u00e9clairage int\u00e9gr\u00e9.<\/li>\n<li>Conception ergonomique pour une manipulation ais\u00e9e et un usage s\u00e9curis\u00e9.<\/li>\n<li>Id\u00e9al pour les professionnels de la sant\u00e9 et les soins \u00e0 domicile.<\/li>\n<\/ul>","protected":false},"featured_media":105470,"comment_status":"open","ping_status":"open","template":"","meta":{"inline_featured_image":false},"product_brand":[],"product_cat":[984,951],"product_tag":[],"class_list":{"0":"post-105469","1":"product","2":"type-product","3":"status-publish","4":"has-post-thumbnail","6":"product_cat-curettes-auriculaires-bionix-et-gima","7":"product_cat-produits-orl","9":"first","10":"instock","11":"sale","12":"taxable","13":"shipping-taxable","14":"purchasable","15":"product-type-simple"},"_links":{"self":[{"href":"https:\/\/nimedixmedical.com\/en\/wp-json\/wp\/v2\/product\/105469","targetHints":{"allow":["GET"]}}],"collection":[{"href":"https:\/\/nimedixmedical.com\/en\/wp-json\/wp\/v2\/product"}],"about":[{"href":"https:\/\/nimedixmedical.com\/en\/wp-json\/wp\/v2\/types\/product"}],"replies":[{"embeddable":true,"href":"https:\/\/nimedixmedical.com\/en\/wp-json\/wp\/v2\/comments?post=105469"}],"wp:featuredmedia":[{"embeddable":true,"href":"https:\/\/nimedixmedical.com\/en\/wp-json\/wp\/v2\/media\/105470"}],"wp:attachment":[{"href":"https:\/\/nimedixmedical.com\/en\/wp-json\/wp\/v2\/media?parent=105469"}],"wp:term":[{"taxonomy":"product_brand","embeddable":true,"href":"https:\/\/nimedixmedical.com\/en\/wp-json\/wp\/v2\/product_brand?post=105469"},{"taxonomy":"product_cat","embeddable":true,"href":"https:\/\/nimedixmedical.com\/en\/wp-json\/wp\/v2\/product_cat?post=105469"},{"taxonomy":"product_tag","embeddable":true,"href":"https:\/\/nimedixmedical.com\/en\/wp-json\/wp\/v2\/product_tag?post=105469"}],"curies":[{"name":"wp","href":"https:\/\/api.w.org\/{rel}","templated":true}]}}