{"id":105422,"date":"2025-11-30T20:08:32","date_gmt":"2025-11-30T19:08:32","guid":{"rendered":"https:\/\/nimedixmedical.com\/notre-catalogue\/adaptateur-smartphone-mag-heine-pour-deltaone-delta-30-k-000-34-273\/"},"modified":"2026-01-12T15:07:34","modified_gmt":"2026-01-12T14:07:34","slug":"adaptateur-smartphone-mag-heine-pour-deltaone-delta-30-k-000-34-273","status":"publish","type":"product","link":"https:\/\/nimedixmedical.com\/en\/our-catalog\/adaptateur-smartphone-mag-heine-pour-deltaone-delta-30-k-000-34-273\/","title":{"rendered":"Adaptateur Smartphone Mag Heine pour Deltaone, Delta 30 &#8211; K.000.34.273"},"content":{"rendered":"<p>L&#8217;adaptateur smartphone MAG Heine est un accessoire essentiel pour les professionnels de sant\u00e9 utilisant les dermatoscopes DeltaOne et Delta 30. Il permet d&#8217;int\u00e9grer facilement un smartphone pour une visualisation pr\u00e9cise des examens dermatologiques, am\u00e9liorant ainsi la qualit\u00e9 des consultations.<\/p>\n<h2>Features<\/h2>\n<ul>\n<li>R\u00e9f\u00e9rence : K.000.34.273<\/li>\n<li>High quality material for increased durability.<\/li>\n<li>Ergonomic design for easy handling.<\/li>\n<li>Compatible avec la plupart des smartphones du march\u00e9.<\/li>\n<\/ul>\n<h2>Delivery<\/h2>\n<ul>\n<li><strong>France :<\/strong> Direct delivery.<\/li>\n<li><strong>Export (Europe and Africa) :<\/strong> Quote.<\/li>\n<\/ul>","protected":false},"excerpt":{"rendered":"<ul>\n<li>Compatible avec les appareils DeltaOne et Delta 30.<\/li>\n<li>Permet une visualisation optimale des examens dermatologiques.<\/li>\n<li>Facilite l&#8217;utilisation de votre smartphone comme outil d&#8217;analyse m\u00e9dicale.<\/li>\n<li>Conception robuste et facile \u00e0 installer.<\/li>\n<\/ul>","protected":false},"featured_media":105423,"comment_status":"open","ping_status":"open","template":"","meta":{"inline_featured_image":false},"product_brand":[],"product_cat":[980,983,951],"product_tag":[],"class_list":{"0":"post-105422","1":"product","2":"type-product","3":"status-publish","4":"has-post-thumbnail","6":"product_cat-dermatologie","7":"product_cat-dermatoscopes-et-accessoires","8":"product_cat-produits-orl","10":"first","11":"outofstock","12":"sale","13":"taxable","14":"shipping-taxable","15":"purchasable","16":"product-type-simple"},"_links":{"self":[{"href":"https:\/\/nimedixmedical.com\/en\/wp-json\/wp\/v2\/product\/105422","targetHints":{"allow":["GET"]}}],"collection":[{"href":"https:\/\/nimedixmedical.com\/en\/wp-json\/wp\/v2\/product"}],"about":[{"href":"https:\/\/nimedixmedical.com\/en\/wp-json\/wp\/v2\/types\/product"}],"replies":[{"embeddable":true,"href":"https:\/\/nimedixmedical.com\/en\/wp-json\/wp\/v2\/comments?post=105422"}],"wp:featuredmedia":[{"embeddable":true,"href":"https:\/\/nimedixmedical.com\/en\/wp-json\/wp\/v2\/media\/105423"}],"wp:attachment":[{"href":"https:\/\/nimedixmedical.com\/en\/wp-json\/wp\/v2\/media?parent=105422"}],"wp:term":[{"taxonomy":"product_brand","embeddable":true,"href":"https:\/\/nimedixmedical.com\/en\/wp-json\/wp\/v2\/product_brand?post=105422"},{"taxonomy":"product_cat","embeddable":true,"href":"https:\/\/nimedixmedical.com\/en\/wp-json\/wp\/v2\/product_cat?post=105422"},{"taxonomy":"product_tag","embeddable":true,"href":"https:\/\/nimedixmedical.com\/en\/wp-json\/wp\/v2\/product_tag?post=105422"}],"curies":[{"name":"wp","href":"https:\/\/api.w.org\/{rel}","templated":true}]}}